{"id":115436,"date":"2026-05-05T14:54:05","date_gmt":"2026-05-05T17:54:05","guid":{"rendered":"https:\/\/www.hediyepazar.com\/?product=2-kademeli-hiz-ayarli-tasinabilir-telefon-sogutucu"},"modified":"2026-05-05T14:54:05","modified_gmt":"2026-05-05T17:54:05","slug":"2-kademeli-hiz-ayarli-tasinabilir-telefon-sogutucu","status":"publish","type":"product","link":"https:\/\/www.hediyepazar.com\/?product=2-kademeli-hiz-ayarli-tasinabilir-telefon-sogutucu","title":{"rendered":"2 Kademeli H\u0131z Ayarl\u0131 Ta\u015f\u0131nabilir Telefon So\u011futucu"},"content":{"rendered":"<p>Mobil oyuncular i\u00e7in vazge\u00e7ilmez bir aksesuar olan telefon so\u011futucu fan, cihaz\u0131n\u0131z\u0131n a\u015f\u0131r\u0131 \u0131s\u0131nmas\u0131n\u0131 \u00f6nleyerek kesintisiz performans sunar. Y\u00fcksek verimli so\u011futma \u00e7ipi ve g\u00fc\u00e7l\u00fc fan sistemiyle dakikalar i\u00e7inde s\u0131cakl\u0131\u011f\u0131 d\u00fc\u015f\u00fcr\u00fcr. Pil t\u00fcketimini azaltarak daha uzun oyun s\u00fcreleri sa\u011flar. Evrensel uyumlu klipsli tasar\u0131m\u0131 sayesinde 65-85 mm geni\u015fli\u011findeki telefonlara kolayca tak\u0131l\u0131r. Dijital ekran \u00fczerinden fan h\u0131z\u0131n\u0131 takip edebilir, 2 farkl\u0131 h\u0131z kademesiyle ihtiya\u00e7lar\u0131n\u0131za g\u00f6re ayarlayabilirsiniz. Hafif ve ta\u015f\u0131nabilir yap\u0131s\u0131yla hem evde hem d\u0131\u015far\u0131da kullan\u0131m i\u00e7in idealdir. Type-C ba\u011flant\u0131s\u0131 sayesinde h\u0131zl\u0131 ve kolay \u015farj imk\u00e2n\u0131 sunar.<\/p>\n","protected":false},"excerpt":{"rendered":"<p>Mobil oyuncular i\u00e7in vazge\u00e7ilmez bir aksesuar olan telefon so\u011futucu fan, cihaz\u0131n\u0131z\u0131n a\u015f\u0131r\u0131 \u0131s\u0131nmas\u0131n\u0131 \u00f6nleyerek kesintisiz performans sunar. Y\u00fcksek verimli so\u011futma \u00e7ipi ve g\u00fc\u00e7l\u00fc fan sistemiyle dakikalar i\u00e7inde s\u0131cakl\u0131\u011f\u0131 d\u00fc\u015f\u00fcr\u00fcr. Pil t\u00fcketimini azaltarak daha uzun oyun s\u00fcreleri sa\u011flar. Evrensel uyumlu klipsli tasar\u0131m\u0131 sayesinde 65-85 mm geni\u015fli\u011findeki telefonlara kolayca tak\u0131l\u0131r. Dijital ekran \u00fczerinden fan h\u0131z\u0131n\u0131 takip edebilir,&#8230;<\/p>\n","protected":false},"featured_media":115435,"comment_status":"open","ping_status":"closed","template":"","meta":{"_kad_post_transparent":"","_kad_post_title":"","_kad_post_layout":"","_kad_post_sidebar_id":"","_kad_post_content_style":"","_kad_post_vertical_padding":"","_kad_post_feature":"","_kad_post_feature_position":"","_kad_post_header":false,"_kad_post_footer":false,"_kad_post_classname":""},"product_brand":[],"product_cat":[14991],"product_tag":[],"class_list":{"0":"post-115436","1":"product","2":"type-product","3":"status-publish","4":"has-post-thumbnail","6":"product_cat-mobil-oyun-aksesuar-mobil-oyun-aksesuar","8":"first","9":"instock","10":"purchasable","11":"product-type-simple","12":"entry","13":"content-bg","14":"loop-entry"},"_links":{"self":[{"href":"https:\/\/www.hediyepazar.com\/index.php?rest_route=\/wp\/v2\/product\/115436","targetHints":{"allow":["GET"]}}],"collection":[{"href":"https:\/\/www.hediyepazar.com\/index.php?rest_route=\/wp\/v2\/product"}],"about":[{"href":"https:\/\/www.hediyepazar.com\/index.php?rest_route=\/wp\/v2\/types\/product"}],"replies":[{"embeddable":true,"href":"https:\/\/www.hediyepazar.com\/index.php?rest_route=%2Fwp%2Fv2%2Fcomments&post=115436"}],"wp:featuredmedia":[{"embeddable":true,"href":"https:\/\/www.hediyepazar.com\/index.php?rest_route=\/wp\/v2\/media\/115435"}],"wp:attachment":[{"href":"https:\/\/www.hediyepazar.com\/index.php?rest_route=%2Fwp%2Fv2%2Fmedia&parent=115436"}],"wp:term":[{"taxonomy":"product_brand","embeddable":true,"href":"https:\/\/www.hediyepazar.com\/index.php?rest_route=%2Fwp%2Fv2%2Fproduct_brand&post=115436"},{"taxonomy":"product_cat","embeddable":true,"href":"https:\/\/www.hediyepazar.com\/index.php?rest_route=%2Fwp%2Fv2%2Fproduct_cat&post=115436"},{"taxonomy":"product_tag","embeddable":true,"href":"https:\/\/www.hediyepazar.com\/index.php?rest_route=%2Fwp%2Fv2%2Fproduct_tag&post=115436"}],"curies":[{"name":"wp","href":"https:\/\/api.w.org\/{rel}","templated":true}]}}