{"id":115454,"date":"2026-05-05T14:55:58","date_gmt":"2026-05-05T17:55:58","guid":{"rendered":"https:\/\/www.hediyepazar.com\/?product=dekoratif-ve-fonksiyonel-tasinabilir-kamp-gece-lambasi"},"modified":"2026-05-05T14:55:58","modified_gmt":"2026-05-05T17:55:58","slug":"dekoratif-ve-fonksiyonel-tasinabilir-kamp-gece-lambasi","status":"publish","type":"product","link":"https:\/\/www.hediyepazar.com\/?product=dekoratif-ve-fonksiyonel-tasinabilir-kamp-gece-lambasi","title":{"rendered":"Dekoratif ve Fonksiyonel Ta\u015f\u0131nabilir Kamp Gece Lambas\u0131"},"content":{"rendered":"<p>\u00c7am kozala\u011f\u0131 formundaki bu \u00f6zel gece lambas\u0131, estetik tasar\u0131m\u0131 ile \u00f6ne \u00e7\u0131kar. Uzun pil \u00f6mr\u00fc, a\u00e7\u0131k hava aktivitelerinde s\u00fcrekli \u0131\u015f\u0131k ihtiyac\u0131n\u0131z\u0131 kar\u015f\u0131lar. Kompakt yap\u0131s\u0131 sayesinde yer kaplamaz, hafifli\u011fi ile ta\u015f\u0131mas\u0131 olduk\u00e7a kolayd\u0131r. Su ge\u00e7irmez g\u00f6vdesi ve dayan\u0131kl\u0131 malzemeleri, her ko\u015fulda g\u00fcvenle kullan\u0131m sa\u011flar. Kamp, piknik, y\u00fcr\u00fcy\u00fc\u015f ve tatil gibi etkinliklerde yan\u0131n\u0131zda olabilecek en \u015f\u0131k ve i\u015flevsel ayd\u0131nlatma \u00e7\u00f6z\u00fcm\u00fcd\u00fcr.<\/p>\n","protected":false},"excerpt":{"rendered":"<p>\u00c7am kozala\u011f\u0131 formundaki bu \u00f6zel gece lambas\u0131, estetik tasar\u0131m\u0131 ile \u00f6ne \u00e7\u0131kar. Uzun pil \u00f6mr\u00fc, a\u00e7\u0131k hava aktivitelerinde s\u00fcrekli \u0131\u015f\u0131k ihtiyac\u0131n\u0131z\u0131 kar\u015f\u0131lar. Kompakt yap\u0131s\u0131 sayesinde yer kaplamaz, hafifli\u011fi ile ta\u015f\u0131mas\u0131 olduk\u00e7a kolayd\u0131r. Su ge\u00e7irmez g\u00f6vdesi ve dayan\u0131kl\u0131 malzemeleri, her ko\u015fulda g\u00fcvenle kullan\u0131m sa\u011flar. Kamp, piknik, y\u00fcr\u00fcy\u00fc\u015f ve tatil gibi etkinliklerde yan\u0131n\u0131zda olabilecek en \u015f\u0131k ve&#8230;<\/p>\n","protected":false},"featured_media":115453,"comment_status":"open","ping_status":"closed","template":"","meta":{"_kad_post_transparent":"","_kad_post_title":"","_kad_post_layout":"","_kad_post_sidebar_id":"","_kad_post_content_style":"","_kad_post_vertical_padding":"","_kad_post_feature":"","_kad_post_feature_position":"","_kad_post_header":false,"_kad_post_footer":false,"_kad_post_classname":""},"product_brand":[],"product_cat":[14946],"product_tag":[],"class_list":{"0":"post-115454","1":"product","2":"type-product","3":"status-publish","4":"has-post-thumbnail","6":"product_cat-bahce-aydinlatmasi-bahce-aydinlatmasi","8":"first","9":"instock","10":"purchasable","11":"product-type-simple","12":"entry","13":"content-bg","14":"loop-entry"},"_links":{"self":[{"href":"https:\/\/www.hediyepazar.com\/index.php?rest_route=\/wp\/v2\/product\/115454","targetHints":{"allow":["GET"]}}],"collection":[{"href":"https:\/\/www.hediyepazar.com\/index.php?rest_route=\/wp\/v2\/product"}],"about":[{"href":"https:\/\/www.hediyepazar.com\/index.php?rest_route=\/wp\/v2\/types\/product"}],"replies":[{"embeddable":true,"href":"https:\/\/www.hediyepazar.com\/index.php?rest_route=%2Fwp%2Fv2%2Fcomments&post=115454"}],"wp:featuredmedia":[{"embeddable":true,"href":"https:\/\/www.hediyepazar.com\/index.php?rest_route=\/wp\/v2\/media\/115453"}],"wp:attachment":[{"href":"https:\/\/www.hediyepazar.com\/index.php?rest_route=%2Fwp%2Fv2%2Fmedia&parent=115454"}],"wp:term":[{"taxonomy":"product_brand","embeddable":true,"href":"https:\/\/www.hediyepazar.com\/index.php?rest_route=%2Fwp%2Fv2%2Fproduct_brand&post=115454"},{"taxonomy":"product_cat","embeddable":true,"href":"https:\/\/www.hediyepazar.com\/index.php?rest_route=%2Fwp%2Fv2%2Fproduct_cat&post=115454"},{"taxonomy":"product_tag","embeddable":true,"href":"https:\/\/www.hediyepazar.com\/index.php?rest_route=%2Fwp%2Fv2%2Fproduct_tag&post=115454"}],"curies":[{"name":"wp","href":"https:\/\/api.w.org\/{rel}","templated":true}]}}