{"id":115456,"date":"2026-05-05T14:56:05","date_gmt":"2026-05-05T17:56:05","guid":{"rendered":"https:\/\/www.hediyepazar.com\/?product=acik-hava-etkinlikleri-icin-cam-kozalagi-gece-isigi"},"modified":"2026-05-05T14:56:05","modified_gmt":"2026-05-05T17:56:05","slug":"acik-hava-etkinlikleri-icin-cam-kozalagi-gece-isigi","status":"publish","type":"product","link":"https:\/\/www.hediyepazar.com\/?product=acik-hava-etkinlikleri-icin-cam-kozalagi-gece-isigi","title":{"rendered":"A\u00e7\u0131k Hava Etkinlikleri \u0130\u00e7in \u00c7am Kozala\u011f\u0131 Gece I\u015f\u0131\u011f\u0131"},"content":{"rendered":"<p>Kamp deneyiminizi zenginle\u015ftirmek i\u00e7in tasarlanan bu retro gece lambas\u0131, zarif g\u00f6r\u00fcn\u00fcm\u00fcyle do\u011fan\u0131n ambiyans\u0131na uyum sa\u011flar. Su ge\u00e7irmez \u00f6zelli\u011fi sayesinde ya\u011fmurlu hava \u015fartlar\u0131nda bile kesintisiz \u0131\u015f\u0131k sunar. Yumu\u015fak \u0131\u015f\u0131k ayar\u0131, g\u00f6z yormadan g\u00fcvenli bir ayd\u0131nlatma sa\u011flar. \u00c7antan\u0131zda kolayca ta\u015f\u0131yabilece\u011finiz hafif yap\u0131s\u0131, her seyahatte yan\u0131n\u0131zda bulundurman\u0131z i\u00e7in idealdir.<\/p>\n","protected":false},"excerpt":{"rendered":"<p>Kamp deneyiminizi zenginle\u015ftirmek i\u00e7in tasarlanan bu retro gece lambas\u0131, zarif g\u00f6r\u00fcn\u00fcm\u00fcyle do\u011fan\u0131n ambiyans\u0131na uyum sa\u011flar. Su ge\u00e7irmez \u00f6zelli\u011fi sayesinde ya\u011fmurlu hava \u015fartlar\u0131nda bile kesintisiz \u0131\u015f\u0131k sunar. Yumu\u015fak \u0131\u015f\u0131k ayar\u0131, g\u00f6z yormadan g\u00fcvenli bir ayd\u0131nlatma sa\u011flar. \u00c7antan\u0131zda kolayca ta\u015f\u0131yabilece\u011finiz hafif yap\u0131s\u0131, her seyahatte yan\u0131n\u0131zda bulundurman\u0131z i\u00e7in idealdir.<\/p>\n","protected":false},"featured_media":115455,"comment_status":"open","ping_status":"closed","template":"","meta":{"_kad_post_transparent":"","_kad_post_title":"","_kad_post_layout":"","_kad_post_sidebar_id":"","_kad_post_content_style":"","_kad_post_vertical_padding":"","_kad_post_feature":"","_kad_post_feature_position":"","_kad_post_header":false,"_kad_post_footer":false,"_kad_post_classname":""},"product_brand":[],"product_cat":[14946],"product_tag":[],"class_list":{"0":"post-115456","1":"product","2":"type-product","3":"status-publish","4":"has-post-thumbnail","6":"product_cat-bahce-aydinlatmasi-bahce-aydinlatmasi","8":"first","9":"instock","10":"purchasable","11":"product-type-simple","12":"entry","13":"content-bg","14":"loop-entry"},"_links":{"self":[{"href":"https:\/\/www.hediyepazar.com\/index.php?rest_route=\/wp\/v2\/product\/115456","targetHints":{"allow":["GET"]}}],"collection":[{"href":"https:\/\/www.hediyepazar.com\/index.php?rest_route=\/wp\/v2\/product"}],"about":[{"href":"https:\/\/www.hediyepazar.com\/index.php?rest_route=\/wp\/v2\/types\/product"}],"replies":[{"embeddable":true,"href":"https:\/\/www.hediyepazar.com\/index.php?rest_route=%2Fwp%2Fv2%2Fcomments&post=115456"}],"wp:featuredmedia":[{"embeddable":true,"href":"https:\/\/www.hediyepazar.com\/index.php?rest_route=\/wp\/v2\/media\/115455"}],"wp:attachment":[{"href":"https:\/\/www.hediyepazar.com\/index.php?rest_route=%2Fwp%2Fv2%2Fmedia&parent=115456"}],"wp:term":[{"taxonomy":"product_brand","embeddable":true,"href":"https:\/\/www.hediyepazar.com\/index.php?rest_route=%2Fwp%2Fv2%2Fproduct_brand&post=115456"},{"taxonomy":"product_cat","embeddable":true,"href":"https:\/\/www.hediyepazar.com\/index.php?rest_route=%2Fwp%2Fv2%2Fproduct_cat&post=115456"},{"taxonomy":"product_tag","embeddable":true,"href":"https:\/\/www.hediyepazar.com\/index.php?rest_route=%2Fwp%2Fv2%2Fproduct_tag&post=115456"}],"curies":[{"name":"wp","href":"https:\/\/api.w.org\/{rel}","templated":true}]}}