{"id":115462,"date":"2026-05-05T14:56:21","date_gmt":"2026-05-05T17:56:21","guid":{"rendered":"https:\/\/www.hediyepazar.com\/?product=su-gecirmez-tasinabilir-cadir-gece-lambasi"},"modified":"2026-05-05T14:56:21","modified_gmt":"2026-05-05T17:56:21","slug":"su-gecirmez-tasinabilir-cadir-gece-lambasi","status":"publish","type":"product","link":"https:\/\/www.hediyepazar.com\/?product=su-gecirmez-tasinabilir-cadir-gece-lambasi","title":{"rendered":"Su Ge\u00e7irmez Ta\u015f\u0131nabilir \u00c7ad\u0131r Gece Lambas\u0131"},"content":{"rendered":"<p>Kamp \u00e7ad\u0131r\u0131n\u0131zda ya da bah\u00e7enizde kullanabilece\u011finiz bu gece lambas\u0131, benzersiz \u00e7am kozala\u011f\u0131 \u015fekliyle dikkat \u00e7eker. Su ge\u00e7irmez tasar\u0131m\u0131 sayesinde ya\u011fmur, nem ve zorlu d\u0131\u015f ko\u015fullarda bile g\u00fcvenle kullan\u0131labilir. Yumu\u015fak ve g\u00f6z yormayan LED \u0131\u015f\u0131\u011f\u0131, hem g\u00fcvenli bir ayd\u0131nlatma sa\u011flar hem de keyifli bir atmosfer yarat\u0131r. Uzun \u00f6m\u00fcrl\u00fc bataryas\u0131, t\u00fcm a\u00e7\u0131k hava maceralar\u0131n\u0131zda g\u00fcvenilir bir dosttur.<\/p>\n","protected":false},"excerpt":{"rendered":"<p>Kamp \u00e7ad\u0131r\u0131n\u0131zda ya da bah\u00e7enizde kullanabilece\u011finiz bu gece lambas\u0131, benzersiz \u00e7am kozala\u011f\u0131 \u015fekliyle dikkat \u00e7eker. Su ge\u00e7irmez tasar\u0131m\u0131 sayesinde ya\u011fmur, nem ve zorlu d\u0131\u015f ko\u015fullarda bile g\u00fcvenle kullan\u0131labilir. Yumu\u015fak ve g\u00f6z yormayan LED \u0131\u015f\u0131\u011f\u0131, hem g\u00fcvenli bir ayd\u0131nlatma sa\u011flar hem de keyifli bir atmosfer yarat\u0131r. Uzun \u00f6m\u00fcrl\u00fc bataryas\u0131, t\u00fcm a\u00e7\u0131k hava maceralar\u0131n\u0131zda g\u00fcvenilir bir dosttur.<\/p>\n","protected":false},"featured_media":115461,"comment_status":"open","ping_status":"closed","template":"","meta":{"_kad_post_transparent":"","_kad_post_title":"","_kad_post_layout":"","_kad_post_sidebar_id":"","_kad_post_content_style":"","_kad_post_vertical_padding":"","_kad_post_feature":"","_kad_post_feature_position":"","_kad_post_header":false,"_kad_post_footer":false,"_kad_post_classname":""},"product_brand":[],"product_cat":[14946],"product_tag":[],"class_list":{"0":"post-115462","1":"product","2":"type-product","3":"status-publish","4":"has-post-thumbnail","6":"product_cat-bahce-aydinlatmasi-bahce-aydinlatmasi","8":"first","9":"instock","10":"purchasable","11":"product-type-simple","12":"entry","13":"content-bg","14":"loop-entry"},"_links":{"self":[{"href":"https:\/\/www.hediyepazar.com\/index.php?rest_route=\/wp\/v2\/product\/115462","targetHints":{"allow":["GET"]}}],"collection":[{"href":"https:\/\/www.hediyepazar.com\/index.php?rest_route=\/wp\/v2\/product"}],"about":[{"href":"https:\/\/www.hediyepazar.com\/index.php?rest_route=\/wp\/v2\/types\/product"}],"replies":[{"embeddable":true,"href":"https:\/\/www.hediyepazar.com\/index.php?rest_route=%2Fwp%2Fv2%2Fcomments&post=115462"}],"wp:featuredmedia":[{"embeddable":true,"href":"https:\/\/www.hediyepazar.com\/index.php?rest_route=\/wp\/v2\/media\/115461"}],"wp:attachment":[{"href":"https:\/\/www.hediyepazar.com\/index.php?rest_route=%2Fwp%2Fv2%2Fmedia&parent=115462"}],"wp:term":[{"taxonomy":"product_brand","embeddable":true,"href":"https:\/\/www.hediyepazar.com\/index.php?rest_route=%2Fwp%2Fv2%2Fproduct_brand&post=115462"},{"taxonomy":"product_cat","embeddable":true,"href":"https:\/\/www.hediyepazar.com\/index.php?rest_route=%2Fwp%2Fv2%2Fproduct_cat&post=115462"},{"taxonomy":"product_tag","embeddable":true,"href":"https:\/\/www.hediyepazar.com\/index.php?rest_route=%2Fwp%2Fv2%2Fproduct_tag&post=115462"}],"curies":[{"name":"wp","href":"https:\/\/api.w.org\/{rel}","templated":true}]}}