{"id":115464,"date":"2026-05-05T14:56:59","date_gmt":"2026-05-05T17:56:59","guid":{"rendered":"https:\/\/www.hediyepazar.com\/?product=cam-kozalagi-sekilli-retro-kamp-gece-lambasi"},"modified":"2026-05-05T14:56:59","modified_gmt":"2026-05-05T17:56:59","slug":"cam-kozalagi-sekilli-retro-kamp-gece-lambasi","status":"publish","type":"product","link":"https:\/\/www.hediyepazar.com\/?product=cam-kozalagi-sekilli-retro-kamp-gece-lambasi","title":{"rendered":"\u00c7am Kozala\u011f\u0131 \u015eekilli Retro Kamp Gece Lambas\u0131"},"content":{"rendered":"<p>Do\u011fa ile i\u00e7 i\u00e7e zaman ge\u00e7irenler i\u00e7in \u00f6zel tasarlanan bu retro \u00e7am kozala\u011f\u0131 gece lambas\u0131, kamp ve a\u00e7\u0131k hava etkinliklerinize nostaljik bir dokunu\u015f katar. Kendine \u00f6zg\u00fc tasar\u0131m\u0131yla sadece bir \u0131\u015f\u0131k kayna\u011f\u0131 de\u011fil, ayn\u0131 zamanda dekoratif bir aksesuar g\u00f6revi g\u00f6r\u00fcr. Geni\u015f pil kapasitesi sayesinde uzun s\u00fcreli kullan\u0131mlarda s\u0131k s\u0131k \u015farj etme derdi ya\u015famazs\u0131n\u0131z. Hafif ve ta\u015f\u0131nabilir yap\u0131s\u0131 ile \u00e7antan\u0131zda kolayca ta\u015f\u0131yabilir, istedi\u011finiz yerde g\u00fcvenle kullanabilirsiniz.<\/p>\n","protected":false},"excerpt":{"rendered":"<p>Do\u011fa ile i\u00e7 i\u00e7e zaman ge\u00e7irenler i\u00e7in \u00f6zel tasarlanan bu retro \u00e7am kozala\u011f\u0131 gece lambas\u0131, kamp ve a\u00e7\u0131k hava etkinliklerinize nostaljik bir dokunu\u015f katar. Kendine \u00f6zg\u00fc tasar\u0131m\u0131yla sadece bir \u0131\u015f\u0131k kayna\u011f\u0131 de\u011fil, ayn\u0131 zamanda dekoratif bir aksesuar g\u00f6revi g\u00f6r\u00fcr. Geni\u015f pil kapasitesi sayesinde uzun s\u00fcreli kullan\u0131mlarda s\u0131k s\u0131k \u015farj etme derdi ya\u015famazs\u0131n\u0131z. Hafif ve ta\u015f\u0131nabilir&#8230;<\/p>\n","protected":false},"featured_media":115463,"comment_status":"open","ping_status":"closed","template":"","meta":{"_kad_post_transparent":"","_kad_post_title":"","_kad_post_layout":"","_kad_post_sidebar_id":"","_kad_post_content_style":"","_kad_post_vertical_padding":"","_kad_post_feature":"","_kad_post_feature_position":"","_kad_post_header":false,"_kad_post_footer":false,"_kad_post_classname":""},"product_brand":[],"product_cat":[14946],"product_tag":[],"class_list":{"0":"post-115464","1":"product","2":"type-product","3":"status-publish","4":"has-post-thumbnail","6":"product_cat-bahce-aydinlatmasi-bahce-aydinlatmasi","8":"first","9":"instock","10":"purchasable","11":"product-type-simple","12":"entry","13":"content-bg","14":"loop-entry"},"_links":{"self":[{"href":"https:\/\/www.hediyepazar.com\/index.php?rest_route=\/wp\/v2\/product\/115464","targetHints":{"allow":["GET"]}}],"collection":[{"href":"https:\/\/www.hediyepazar.com\/index.php?rest_route=\/wp\/v2\/product"}],"about":[{"href":"https:\/\/www.hediyepazar.com\/index.php?rest_route=\/wp\/v2\/types\/product"}],"replies":[{"embeddable":true,"href":"https:\/\/www.hediyepazar.com\/index.php?rest_route=%2Fwp%2Fv2%2Fcomments&post=115464"}],"wp:featuredmedia":[{"embeddable":true,"href":"https:\/\/www.hediyepazar.com\/index.php?rest_route=\/wp\/v2\/media\/115463"}],"wp:attachment":[{"href":"https:\/\/www.hediyepazar.com\/index.php?rest_route=%2Fwp%2Fv2%2Fmedia&parent=115464"}],"wp:term":[{"taxonomy":"product_brand","embeddable":true,"href":"https:\/\/www.hediyepazar.com\/index.php?rest_route=%2Fwp%2Fv2%2Fproduct_brand&post=115464"},{"taxonomy":"product_cat","embeddable":true,"href":"https:\/\/www.hediyepazar.com\/index.php?rest_route=%2Fwp%2Fv2%2Fproduct_cat&post=115464"},{"taxonomy":"product_tag","embeddable":true,"href":"https:\/\/www.hediyepazar.com\/index.php?rest_route=%2Fwp%2Fv2%2Fproduct_tag&post=115464"}],"curies":[{"name":"wp","href":"https:\/\/api.w.org\/{rel}","templated":true}]}}