{"id":115466,"date":"2026-05-05T14:57:08","date_gmt":"2026-05-05T17:57:08","guid":{"rendered":"https:\/\/www.hediyepazar.com\/?product=evrensel-uyumluluklu-dayanikli-metal-baslikli-hizli-sarj-kablosu"},"modified":"2026-05-05T14:57:08","modified_gmt":"2026-05-05T17:57:08","slug":"evrensel-uyumluluklu-dayanikli-metal-baslikli-hizli-sarj-kablosu","status":"publish","type":"product","link":"https:\/\/www.hediyepazar.com\/?product=evrensel-uyumluluklu-dayanikli-metal-baslikli-hizli-sarj-kablosu","title":{"rendered":"Evrensel Uyumluluklu Dayan\u0131kl\u0131 Metal Ba\u015fl\u0131kl\u0131 H\u0131zl\u0131 \u015earj Kablosu"},"content":{"rendered":"<p>Hem \u015farj hem veri transferinde \u00fcst d\u00fczey performans arayanlar i\u00e7in tasarlanan bu \u00f6rg\u00fcl\u00fc kablo, 65W h\u0131zl\u0131 \u015farj deste\u011fiyle k\u0131sa s\u00fcrede cihazlar\u0131n\u0131za enerji sa\u011flar. USB-C ve USB-A giri\u015fli yap\u0131s\u0131, geni\u015f uyumluluk sunar. 4\u2019\u00fc 1 arada \u00e7ok fonksiyonlu tasar\u0131m, tek kablo ile t\u00fcm cihazlara eri\u015fim imk\u00e2n\u0131 tan\u0131r. Sa\u011flam \u00f6rg\u00fcl\u00fc kaplama, g\u00fcnl\u00fck kullan\u0131mda b\u00fck\u00fclme ve y\u0131pranmalara kar\u015f\u0131 ekstra dayan\u0131kl\u0131l\u0131k kazand\u0131r\u0131r. Metal u\u00e7lar, uzun \u00f6m\u00fcrl\u00fc kullan\u0131m sa\u011flar. Ayn\u0131 zamanda y\u00fcksek h\u0131zl\u0131 veri aktar\u0131m\u0131 \u00f6zelli\u011fi, belgelerinizi ve dosyalar\u0131n\u0131z\u0131 saniyeler i\u00e7inde payla\u015fman\u0131z\u0131 m\u00fcmk\u00fcn k\u0131lar. Bu kablo, hem i\u015f hayat\u0131nda hem de g\u00fcnl\u00fck kullan\u0131mda kablo kalabal\u0131\u011f\u0131ndan kurtulmak isteyenler i\u00e7in ideal bir \u00e7\u00f6z\u00fcmd\u00fcr.<\/p>\n","protected":false},"excerpt":{"rendered":"<p>Hem \u015farj hem veri transferinde \u00fcst d\u00fczey performans arayanlar i\u00e7in tasarlanan bu \u00f6rg\u00fcl\u00fc kablo, 65W h\u0131zl\u0131 \u015farj deste\u011fiyle k\u0131sa s\u00fcrede cihazlar\u0131n\u0131za enerji sa\u011flar. USB-C ve USB-A giri\u015fli yap\u0131s\u0131, geni\u015f uyumluluk sunar. 4\u2019\u00fc 1 arada \u00e7ok fonksiyonlu tasar\u0131m, tek kablo ile t\u00fcm cihazlara eri\u015fim imk\u00e2n\u0131 tan\u0131r. Sa\u011flam \u00f6rg\u00fcl\u00fc kaplama, g\u00fcnl\u00fck kullan\u0131mda b\u00fck\u00fclme ve y\u0131pranmalara kar\u015f\u0131 ekstra&#8230;<\/p>\n","protected":false},"featured_media":115465,"comment_status":"open","ping_status":"closed","template":"","meta":{"_kad_post_transparent":"","_kad_post_title":"","_kad_post_layout":"","_kad_post_sidebar_id":"","_kad_post_content_style":"","_kad_post_vertical_padding":"","_kad_post_feature":"","_kad_post_feature_position":"","_kad_post_header":false,"_kad_post_footer":false,"_kad_post_classname":""},"product_brand":[],"product_cat":[14975],"product_tag":[],"class_list":{"0":"post-115466","1":"product","2":"type-product","3":"status-publish","4":"has-post-thumbnail","6":"product_cat-sarj-aletleri-sarj-aletleri","8":"first","9":"instock","10":"purchasable","11":"product-type-simple","12":"entry","13":"content-bg","14":"loop-entry"},"_links":{"self":[{"href":"https:\/\/www.hediyepazar.com\/index.php?rest_route=\/wp\/v2\/product\/115466","targetHints":{"allow":["GET"]}}],"collection":[{"href":"https:\/\/www.hediyepazar.com\/index.php?rest_route=\/wp\/v2\/product"}],"about":[{"href":"https:\/\/www.hediyepazar.com\/index.php?rest_route=\/wp\/v2\/types\/product"}],"replies":[{"embeddable":true,"href":"https:\/\/www.hediyepazar.com\/index.php?rest_route=%2Fwp%2Fv2%2Fcomments&post=115466"}],"wp:featuredmedia":[{"embeddable":true,"href":"https:\/\/www.hediyepazar.com\/index.php?rest_route=\/wp\/v2\/media\/115465"}],"wp:attachment":[{"href":"https:\/\/www.hediyepazar.com\/index.php?rest_route=%2Fwp%2Fv2%2Fmedia&parent=115466"}],"wp:term":[{"taxonomy":"product_brand","embeddable":true,"href":"https:\/\/www.hediyepazar.com\/index.php?rest_route=%2Fwp%2Fv2%2Fproduct_brand&post=115466"},{"taxonomy":"product_cat","embeddable":true,"href":"https:\/\/www.hediyepazar.com\/index.php?rest_route=%2Fwp%2Fv2%2Fproduct_cat&post=115466"},{"taxonomy":"product_tag","embeddable":true,"href":"https:\/\/www.hediyepazar.com\/index.php?rest_route=%2Fwp%2Fv2%2Fproduct_tag&post=115466"}],"curies":[{"name":"wp","href":"https:\/\/api.w.org\/{rel}","templated":true}]}}