{"id":115472,"date":"2026-05-05T14:59:00","date_gmt":"2026-05-05T17:59:00","guid":{"rendered":"https:\/\/www.hediyepazar.com\/?product=yuksek-hizli-65w-guc-cikisli-coklu-cihaz-uyumlu-sarj-kablosu"},"modified":"2026-05-05T14:59:00","modified_gmt":"2026-05-05T17:59:00","slug":"yuksek-hizli-65w-guc-cikisli-coklu-cihaz-uyumlu-sarj-kablosu","status":"publish","type":"product","link":"https:\/\/www.hediyepazar.com\/?product=yuksek-hizli-65w-guc-cikisli-coklu-cihaz-uyumlu-sarj-kablosu","title":{"rendered":"Y\u00fcksek H\u0131zl\u0131 65W G\u00fc\u00e7 \u00c7\u0131k\u0131\u015fl\u0131 \u00c7oklu Cihaz Uyumlu \u015earj Kablosu"},"content":{"rendered":"<p>Dayan\u0131kl\u0131l\u0131k ve performans\u0131 bir arada sunan bu kablo, 4\u2019\u00fc 1 arada yap\u0131s\u0131yla farkl\u0131 cihazlara ayn\u0131 anda hizmet verir. G\u00fc\u00e7l\u00fc 65W \u00e7\u0131k\u0131\u015f kapasitesi, y\u00fcksek enerji ihtiyac\u0131 olan diz\u00fcst\u00fc bilgisayarlar i\u00e7in bile etkili \u015farj imk\u00e2n\u0131 sunar. \u00d6rg\u00fcl\u00fc kablo yap\u0131s\u0131, k\u0131r\u0131lma ve b\u00fck\u00fclmelere kar\u015f\u0131 \u00fcst\u00fcn koruma sa\u011flarken, esnek yap\u0131s\u0131 kullan\u0131m kolayl\u0131\u011f\u0131 yarat\u0131r. Ak\u0131ll\u0131 telefonlar, tabletler, kulakl\u0131klar ve diz\u00fcst\u00fc bilgisayarlarla tam uyumlu olmas\u0131, onu evrensel bir \u00e7\u00f6z\u00fcm haline getirir. Metal konekt\u00f6r u\u00e7lar\u0131, uzun vadeli kullan\u0131m i\u00e7in ekstra dayan\u0131kl\u0131l\u0131k sunar. G\u00fcn\u00fcm\u00fczde h\u0131zl\u0131 veri aktar\u0131m\u0131 da en az \u015farj kadar \u00f6nemlidir; bu kablo ile foto\u011fraf, video ve belgelerinizi h\u0131zl\u0131ca aktarabilirsiniz.<\/p>\n","protected":false},"excerpt":{"rendered":"<p>Dayan\u0131kl\u0131l\u0131k ve performans\u0131 bir arada sunan bu kablo, 4\u2019\u00fc 1 arada yap\u0131s\u0131yla farkl\u0131 cihazlara ayn\u0131 anda hizmet verir. G\u00fc\u00e7l\u00fc 65W \u00e7\u0131k\u0131\u015f kapasitesi, y\u00fcksek enerji ihtiyac\u0131 olan diz\u00fcst\u00fc bilgisayarlar i\u00e7in bile etkili \u015farj imk\u00e2n\u0131 sunar. \u00d6rg\u00fcl\u00fc kablo yap\u0131s\u0131, k\u0131r\u0131lma ve b\u00fck\u00fclmelere kar\u015f\u0131 \u00fcst\u00fcn koruma sa\u011flarken, esnek yap\u0131s\u0131 kullan\u0131m kolayl\u0131\u011f\u0131 yarat\u0131r. Ak\u0131ll\u0131 telefonlar, tabletler, kulakl\u0131klar ve diz\u00fcst\u00fc&#8230;<\/p>\n","protected":false},"featured_media":115471,"comment_status":"open","ping_status":"closed","template":"","meta":{"_kad_post_transparent":"","_kad_post_title":"","_kad_post_layout":"","_kad_post_sidebar_id":"","_kad_post_content_style":"","_kad_post_vertical_padding":"","_kad_post_feature":"","_kad_post_feature_position":"","_kad_post_header":false,"_kad_post_footer":false,"_kad_post_classname":""},"product_brand":[],"product_cat":[14975],"product_tag":[],"class_list":{"0":"post-115472","1":"product","2":"type-product","3":"status-publish","4":"has-post-thumbnail","6":"product_cat-sarj-aletleri-sarj-aletleri","8":"first","9":"instock","10":"purchasable","11":"product-type-simple","12":"entry","13":"content-bg","14":"loop-entry"},"_links":{"self":[{"href":"https:\/\/www.hediyepazar.com\/index.php?rest_route=\/wp\/v2\/product\/115472","targetHints":{"allow":["GET"]}}],"collection":[{"href":"https:\/\/www.hediyepazar.com\/index.php?rest_route=\/wp\/v2\/product"}],"about":[{"href":"https:\/\/www.hediyepazar.com\/index.php?rest_route=\/wp\/v2\/types\/product"}],"replies":[{"embeddable":true,"href":"https:\/\/www.hediyepazar.com\/index.php?rest_route=%2Fwp%2Fv2%2Fcomments&post=115472"}],"wp:featuredmedia":[{"embeddable":true,"href":"https:\/\/www.hediyepazar.com\/index.php?rest_route=\/wp\/v2\/media\/115471"}],"wp:attachment":[{"href":"https:\/\/www.hediyepazar.com\/index.php?rest_route=%2Fwp%2Fv2%2Fmedia&parent=115472"}],"wp:term":[{"taxonomy":"product_brand","embeddable":true,"href":"https:\/\/www.hediyepazar.com\/index.php?rest_route=%2Fwp%2Fv2%2Fproduct_brand&post=115472"},{"taxonomy":"product_cat","embeddable":true,"href":"https:\/\/www.hediyepazar.com\/index.php?rest_route=%2Fwp%2Fv2%2Fproduct_cat&post=115472"},{"taxonomy":"product_tag","embeddable":true,"href":"https:\/\/www.hediyepazar.com\/index.php?rest_route=%2Fwp%2Fv2%2Fproduct_tag&post=115472"}],"curies":[{"name":"wp","href":"https:\/\/api.w.org\/{rel}","templated":true}]}}