{"id":115478,"date":"2026-05-05T14:59:22","date_gmt":"2026-05-05T17:59:22","guid":{"rendered":"https:\/\/www.hediyepazar.com\/?product=usb-sarjli-guclu-hiz-ayarli-el-ve-bel-fani"},"modified":"2026-05-05T14:59:22","modified_gmt":"2026-05-05T17:59:22","slug":"usb-sarjli-guclu-hiz-ayarli-el-ve-bel-fani","status":"publish","type":"product","link":"https:\/\/www.hediyepazar.com\/?product=usb-sarjli-guclu-hiz-ayarli-el-ve-bel-fani","title":{"rendered":"USB \u015earjl\u0131 G\u00fc\u00e7l\u00fc H\u0131z Ayarl\u0131 El ve Bel Fan\u0131"},"content":{"rendered":"<p>Yaz i\u00e7in vazge\u00e7ilmez bir aksesuar olan bu mini fan, belinize, boynunuza ya da elinize kolayca uyum sa\u011flar. 100 h\u0131z seviyesi ve USB \u015farjl\u0131 yap\u0131s\u0131yla her ihtiyac\u0131n\u0131za yan\u0131t verir. Outdoor aktivitelerden ev i\u00e7i kullan\u0131ma kadar her alanda rahatl\u0131kla kullan\u0131labilir. Hafifli\u011fi ve g\u00fc\u00e7l\u00fc so\u011futma \u00f6zelli\u011fiyle yaz g\u00fcnlerinde serinli\u011fin tad\u0131n\u0131 \u00e7\u0131kar\u0131n.<\/p>\n","protected":false},"excerpt":{"rendered":"<p>Yaz i\u00e7in vazge\u00e7ilmez bir aksesuar olan bu mini fan, belinize, boynunuza ya da elinize kolayca uyum sa\u011flar. 100 h\u0131z seviyesi ve USB \u015farjl\u0131 yap\u0131s\u0131yla her ihtiyac\u0131n\u0131za yan\u0131t verir. Outdoor aktivitelerden ev i\u00e7i kullan\u0131ma kadar her alanda rahatl\u0131kla kullan\u0131labilir. Hafifli\u011fi ve g\u00fc\u00e7l\u00fc so\u011futma \u00f6zelli\u011fiyle yaz g\u00fcnlerinde serinli\u011fin tad\u0131n\u0131 \u00e7\u0131kar\u0131n.<\/p>\n","protected":false},"featured_media":115477,"comment_status":"open","ping_status":"closed","template":"","meta":{"_kad_post_transparent":"","_kad_post_title":"","_kad_post_layout":"","_kad_post_sidebar_id":"","_kad_post_content_style":"","_kad_post_vertical_padding":"","_kad_post_feature":"","_kad_post_feature_position":"","_kad_post_header":false,"_kad_post_footer":false,"_kad_post_classname":""},"product_brand":[],"product_cat":[15021],"product_tag":[],"class_list":{"0":"post-115478","1":"product","2":"type-product","3":"status-publish","4":"has-post-thumbnail","6":"product_cat-vantilator-vantilator","8":"first","9":"instock","10":"purchasable","11":"product-type-simple","12":"entry","13":"content-bg","14":"loop-entry"},"_links":{"self":[{"href":"https:\/\/www.hediyepazar.com\/index.php?rest_route=\/wp\/v2\/product\/115478","targetHints":{"allow":["GET"]}}],"collection":[{"href":"https:\/\/www.hediyepazar.com\/index.php?rest_route=\/wp\/v2\/product"}],"about":[{"href":"https:\/\/www.hediyepazar.com\/index.php?rest_route=\/wp\/v2\/types\/product"}],"replies":[{"embeddable":true,"href":"https:\/\/www.hediyepazar.com\/index.php?rest_route=%2Fwp%2Fv2%2Fcomments&post=115478"}],"wp:featuredmedia":[{"embeddable":true,"href":"https:\/\/www.hediyepazar.com\/index.php?rest_route=\/wp\/v2\/media\/115477"}],"wp:attachment":[{"href":"https:\/\/www.hediyepazar.com\/index.php?rest_route=%2Fwp%2Fv2%2Fmedia&parent=115478"}],"wp:term":[{"taxonomy":"product_brand","embeddable":true,"href":"https:\/\/www.hediyepazar.com\/index.php?rest_route=%2Fwp%2Fv2%2Fproduct_brand&post=115478"},{"taxonomy":"product_cat","embeddable":true,"href":"https:\/\/www.hediyepazar.com\/index.php?rest_route=%2Fwp%2Fv2%2Fproduct_cat&post=115478"},{"taxonomy":"product_tag","embeddable":true,"href":"https:\/\/www.hediyepazar.com\/index.php?rest_route=%2Fwp%2Fv2%2Fproduct_tag&post=115478"}],"curies":[{"name":"wp","href":"https:\/\/api.w.org\/{rel}","templated":true}]}}