{"id":115480,"date":"2026-05-05T15:00:03","date_gmt":"2026-05-05T18:00:03","guid":{"rendered":"https:\/\/www.hediyepazar.com\/?product=tasinabilir-cok-fonksiyonlu-sogutma-fani"},"modified":"2026-05-05T15:00:03","modified_gmt":"2026-05-05T18:00:03","slug":"tasinabilir-cok-fonksiyonlu-sogutma-fani","status":"publish","type":"product","link":"https:\/\/www.hediyepazar.com\/?product=tasinabilir-cok-fonksiyonlu-sogutma-fani","title":{"rendered":"Ta\u015f\u0131nabilir \u00c7ok Fonksiyonlu So\u011futma Fan\u0131"},"content":{"rendered":"<p>Bu kompakt so\u011futma fan\u0131, sadece 3.7&#215;2.7&#215;3.8 in\u00e7 boyutunda olup ta\u015f\u0131nabilirli\u011fiyle \u00f6ne \u00e7\u0131kar. Yaz\u0131n s\u0131cak g\u00fcnlerinde serinlik sa\u011flarken, in\u015faat, mutfak veya tarla gibi yo\u011fun s\u0131cakl\u0131\u011fa maruz kalan i\u015flerde \u00e7al\u0131\u015fanlar i\u00e7in de ideal bir \u00e7\u00f6z\u00fcmd\u00fcr. Dayan\u0131kl\u0131 yap\u0131s\u0131yla uzun s\u00fcreli konfor sunar.<\/p>\n","protected":false},"excerpt":{"rendered":"<p>Bu kompakt so\u011futma fan\u0131, sadece 3.7&#215;2.7&#215;3.8 in\u00e7 boyutunda olup ta\u015f\u0131nabilirli\u011fiyle \u00f6ne \u00e7\u0131kar. Yaz\u0131n s\u0131cak g\u00fcnlerinde serinlik sa\u011flarken, in\u015faat, mutfak veya tarla gibi yo\u011fun s\u0131cakl\u0131\u011fa maruz kalan i\u015flerde \u00e7al\u0131\u015fanlar i\u00e7in de ideal bir \u00e7\u00f6z\u00fcmd\u00fcr. Dayan\u0131kl\u0131 yap\u0131s\u0131yla uzun s\u00fcreli konfor sunar.<\/p>\n","protected":false},"featured_media":115479,"comment_status":"open","ping_status":"closed","template":"","meta":{"_kad_post_transparent":"","_kad_post_title":"","_kad_post_layout":"","_kad_post_sidebar_id":"","_kad_post_content_style":"","_kad_post_vertical_padding":"","_kad_post_feature":"","_kad_post_feature_position":"","_kad_post_header":false,"_kad_post_footer":false,"_kad_post_classname":""},"product_brand":[],"product_cat":[15021],"product_tag":[],"class_list":{"0":"post-115480","1":"product","2":"type-product","3":"status-publish","4":"has-post-thumbnail","6":"product_cat-vantilator-vantilator","8":"first","9":"instock","10":"purchasable","11":"product-type-simple","12":"entry","13":"content-bg","14":"loop-entry"},"_links":{"self":[{"href":"https:\/\/www.hediyepazar.com\/index.php?rest_route=\/wp\/v2\/product\/115480","targetHints":{"allow":["GET"]}}],"collection":[{"href":"https:\/\/www.hediyepazar.com\/index.php?rest_route=\/wp\/v2\/product"}],"about":[{"href":"https:\/\/www.hediyepazar.com\/index.php?rest_route=\/wp\/v2\/types\/product"}],"replies":[{"embeddable":true,"href":"https:\/\/www.hediyepazar.com\/index.php?rest_route=%2Fwp%2Fv2%2Fcomments&post=115480"}],"wp:featuredmedia":[{"embeddable":true,"href":"https:\/\/www.hediyepazar.com\/index.php?rest_route=\/wp\/v2\/media\/115479"}],"wp:attachment":[{"href":"https:\/\/www.hediyepazar.com\/index.php?rest_route=%2Fwp%2Fv2%2Fmedia&parent=115480"}],"wp:term":[{"taxonomy":"product_brand","embeddable":true,"href":"https:\/\/www.hediyepazar.com\/index.php?rest_route=%2Fwp%2Fv2%2Fproduct_brand&post=115480"},{"taxonomy":"product_cat","embeddable":true,"href":"https:\/\/www.hediyepazar.com\/index.php?rest_route=%2Fwp%2Fv2%2Fproduct_cat&post=115480"},{"taxonomy":"product_tag","embeddable":true,"href":"https:\/\/www.hediyepazar.com\/index.php?rest_route=%2Fwp%2Fv2%2Fproduct_tag&post=115480"}],"curies":[{"name":"wp","href":"https:\/\/api.w.org\/{rel}","templated":true}]}}