{"id":115482,"date":"2026-05-05T15:00:12","date_gmt":"2026-05-05T18:00:12","guid":{"rendered":"https:\/\/www.hediyepazar.com\/?product=yuksek-kapasiteli-turbo-tasinabilir-fan"},"modified":"2026-05-05T15:00:12","modified_gmt":"2026-05-05T18:00:12","slug":"yuksek-kapasiteli-turbo-tasinabilir-fan","status":"publish","type":"product","link":"https:\/\/www.hediyepazar.com\/?product=yuksek-kapasiteli-turbo-tasinabilir-fan","title":{"rendered":"Y\u00fcksek Kapasiteli Turbo Ta\u015f\u0131nabilir Fan"},"content":{"rendered":"<p>Geli\u015fmi\u015f 100 h\u0131z ayar\u0131 ve g\u00fc\u00e7l\u00fc hava ak\u0131\u015f\u0131yla bu ta\u015f\u0131nabilir fan, an\u0131nda serinlik sunar. Y\u00fcksek kapasiteli 5000mAh pili, uzun s\u00fcreli kullan\u0131m sa\u011flar. Hafif tasar\u0131m\u0131 ve bel klipsi sayesinde ta\u015f\u0131nmas\u0131 olduk\u00e7a rahatt\u0131r. G\u00fcnl\u00fck ya\u015famda oldu\u011fu kadar profesyonel kullan\u0131m i\u00e7in de uygundur.<\/p>\n","protected":false},"excerpt":{"rendered":"<p>Geli\u015fmi\u015f 100 h\u0131z ayar\u0131 ve g\u00fc\u00e7l\u00fc hava ak\u0131\u015f\u0131yla bu ta\u015f\u0131nabilir fan, an\u0131nda serinlik sunar. Y\u00fcksek kapasiteli 5000mAh pili, uzun s\u00fcreli kullan\u0131m sa\u011flar. Hafif tasar\u0131m\u0131 ve bel klipsi sayesinde ta\u015f\u0131nmas\u0131 olduk\u00e7a rahatt\u0131r. G\u00fcnl\u00fck ya\u015famda oldu\u011fu kadar profesyonel kullan\u0131m i\u00e7in de uygundur.<\/p>\n","protected":false},"featured_media":115481,"comment_status":"open","ping_status":"closed","template":"","meta":{"_kad_post_transparent":"","_kad_post_title":"","_kad_post_layout":"","_kad_post_sidebar_id":"","_kad_post_content_style":"","_kad_post_vertical_padding":"","_kad_post_feature":"","_kad_post_feature_position":"","_kad_post_header":false,"_kad_post_footer":false,"_kad_post_classname":""},"product_brand":[],"product_cat":[15021],"product_tag":[],"class_list":{"0":"post-115482","1":"product","2":"type-product","3":"status-publish","4":"has-post-thumbnail","6":"product_cat-vantilator-vantilator","8":"first","9":"instock","10":"purchasable","11":"product-type-simple","12":"entry","13":"content-bg","14":"loop-entry"},"_links":{"self":[{"href":"https:\/\/www.hediyepazar.com\/index.php?rest_route=\/wp\/v2\/product\/115482","targetHints":{"allow":["GET"]}}],"collection":[{"href":"https:\/\/www.hediyepazar.com\/index.php?rest_route=\/wp\/v2\/product"}],"about":[{"href":"https:\/\/www.hediyepazar.com\/index.php?rest_route=\/wp\/v2\/types\/product"}],"replies":[{"embeddable":true,"href":"https:\/\/www.hediyepazar.com\/index.php?rest_route=%2Fwp%2Fv2%2Fcomments&post=115482"}],"wp:featuredmedia":[{"embeddable":true,"href":"https:\/\/www.hediyepazar.com\/index.php?rest_route=\/wp\/v2\/media\/115481"}],"wp:attachment":[{"href":"https:\/\/www.hediyepazar.com\/index.php?rest_route=%2Fwp%2Fv2%2Fmedia&parent=115482"}],"wp:term":[{"taxonomy":"product_brand","embeddable":true,"href":"https:\/\/www.hediyepazar.com\/index.php?rest_route=%2Fwp%2Fv2%2Fproduct_brand&post=115482"},{"taxonomy":"product_cat","embeddable":true,"href":"https:\/\/www.hediyepazar.com\/index.php?rest_route=%2Fwp%2Fv2%2Fproduct_cat&post=115482"},{"taxonomy":"product_tag","embeddable":true,"href":"https:\/\/www.hediyepazar.com\/index.php?rest_route=%2Fwp%2Fv2%2Fproduct_tag&post=115482"}],"curies":[{"name":"wp","href":"https:\/\/api.w.org\/{rel}","templated":true}]}}