{"id":115484,"date":"2026-05-05T15:00:20","date_gmt":"2026-05-05T18:00:20","guid":{"rendered":"https:\/\/www.hediyepazar.com\/?product=usb-sarjli-kompakt-el-ve-boyun-fani-cok-fonksiyonlu"},"modified":"2026-05-05T15:00:20","modified_gmt":"2026-05-05T18:00:20","slug":"usb-sarjli-kompakt-el-ve-boyun-fani-cok-fonksiyonlu","status":"publish","type":"product","link":"https:\/\/www.hediyepazar.com\/?product=usb-sarjli-kompakt-el-ve-boyun-fani-cok-fonksiyonlu","title":{"rendered":"USB \u015earjl\u0131 Kompakt El ve Boyun Fan\u0131 \u00c7ok Fonksiyonlu"},"content":{"rendered":"<p>USB \u015farj deste\u011fiyle kolayl\u0131k sunan bu mini fan, yaz aylar\u0131nda d\u0131\u015f mek\u00e2n aktivitelerinizde en b\u00fcy\u00fck yard\u0131mc\u0131n\u0131z olacak. 100 ayarlanabilir h\u0131z seviyesi, ki\u015fisel konforunuza uygun so\u011futma deneyimi sa\u011flar. Bal\u0131k tutarken, kamp yaparken veya y\u00fcr\u00fcy\u00fc\u015f s\u0131ras\u0131nda yan\u0131n\u0131zdan ay\u0131rmak istemeyeceksiniz.<\/p>\n","protected":false},"excerpt":{"rendered":"<p>USB \u015farj deste\u011fiyle kolayl\u0131k sunan bu mini fan, yaz aylar\u0131nda d\u0131\u015f mek\u00e2n aktivitelerinizde en b\u00fcy\u00fck yard\u0131mc\u0131n\u0131z olacak. 100 ayarlanabilir h\u0131z seviyesi, ki\u015fisel konforunuza uygun so\u011futma deneyimi sa\u011flar. Bal\u0131k tutarken, kamp yaparken veya y\u00fcr\u00fcy\u00fc\u015f s\u0131ras\u0131nda yan\u0131n\u0131zdan ay\u0131rmak istemeyeceksiniz.<\/p>\n","protected":false},"featured_media":115483,"comment_status":"open","ping_status":"closed","template":"","meta":{"_kad_post_transparent":"","_kad_post_title":"","_kad_post_layout":"","_kad_post_sidebar_id":"","_kad_post_content_style":"","_kad_post_vertical_padding":"","_kad_post_feature":"","_kad_post_feature_position":"","_kad_post_header":false,"_kad_post_footer":false,"_kad_post_classname":""},"product_brand":[],"product_cat":[15021],"product_tag":[],"class_list":{"0":"post-115484","1":"product","2":"type-product","3":"status-publish","4":"has-post-thumbnail","6":"product_cat-vantilator-vantilator","8":"first","9":"instock","10":"purchasable","11":"product-type-simple","12":"entry","13":"content-bg","14":"loop-entry"},"_links":{"self":[{"href":"https:\/\/www.hediyepazar.com\/index.php?rest_route=\/wp\/v2\/product\/115484","targetHints":{"allow":["GET"]}}],"collection":[{"href":"https:\/\/www.hediyepazar.com\/index.php?rest_route=\/wp\/v2\/product"}],"about":[{"href":"https:\/\/www.hediyepazar.com\/index.php?rest_route=\/wp\/v2\/types\/product"}],"replies":[{"embeddable":true,"href":"https:\/\/www.hediyepazar.com\/index.php?rest_route=%2Fwp%2Fv2%2Fcomments&post=115484"}],"wp:featuredmedia":[{"embeddable":true,"href":"https:\/\/www.hediyepazar.com\/index.php?rest_route=\/wp\/v2\/media\/115483"}],"wp:attachment":[{"href":"https:\/\/www.hediyepazar.com\/index.php?rest_route=%2Fwp%2Fv2%2Fmedia&parent=115484"}],"wp:term":[{"taxonomy":"product_brand","embeddable":true,"href":"https:\/\/www.hediyepazar.com\/index.php?rest_route=%2Fwp%2Fv2%2Fproduct_brand&post=115484"},{"taxonomy":"product_cat","embeddable":true,"href":"https:\/\/www.hediyepazar.com\/index.php?rest_route=%2Fwp%2Fv2%2Fproduct_cat&post=115484"},{"taxonomy":"product_tag","embeddable":true,"href":"https:\/\/www.hediyepazar.com\/index.php?rest_route=%2Fwp%2Fv2%2Fproduct_tag&post=115484"}],"curies":[{"name":"wp","href":"https:\/\/api.w.org\/{rel}","templated":true}]}}