{"id":115486,"date":"2026-05-05T15:00:58","date_gmt":"2026-05-05T18:00:58","guid":{"rendered":"https:\/\/www.hediyepazar.com\/?product=5000mah-sarjli-sogutma-fani-tasinabilir"},"modified":"2026-05-05T15:00:58","modified_gmt":"2026-05-05T18:00:58","slug":"5000mah-sarjli-sogutma-fani-tasinabilir","status":"publish","type":"product","link":"https:\/\/www.hediyepazar.com\/?product=5000mah-sarjli-sogutma-fani-tasinabilir","title":{"rendered":"5000mAh \u015earjl\u0131 So\u011futma Fan\u0131 Ta\u015f\u0131nabilir"},"content":{"rendered":"<p>\u00c7ok fonksiyonlu tasar\u0131m\u0131yla dikkat \u00e7eken bu ta\u015f\u0131nabilir so\u011futma fan\u0131, bel fan\u0131, boyun fan\u0131 veya el fan\u0131 olarak kullan\u0131labilir. 5000mAh g\u00fc\u00e7l\u00fc bataryas\u0131 uzun s\u00fcreli kullan\u0131m imkan\u0131 verirken, kompakt boyutu \u00e7antan\u0131za kolayca s\u0131\u011far. \u00d6zellikle in\u015faat, mutfak, depo gibi s\u0131cak \u00e7al\u0131\u015fma alanlar\u0131nda b\u00fcy\u00fck rahatl\u0131k sa\u011flar.<\/p>\n","protected":false},"excerpt":{"rendered":"<p>\u00c7ok fonksiyonlu tasar\u0131m\u0131yla dikkat \u00e7eken bu ta\u015f\u0131nabilir so\u011futma fan\u0131, bel fan\u0131, boyun fan\u0131 veya el fan\u0131 olarak kullan\u0131labilir. 5000mAh g\u00fc\u00e7l\u00fc bataryas\u0131 uzun s\u00fcreli kullan\u0131m imkan\u0131 verirken, kompakt boyutu \u00e7antan\u0131za kolayca s\u0131\u011far. \u00d6zellikle in\u015faat, mutfak, depo gibi s\u0131cak \u00e7al\u0131\u015fma alanlar\u0131nda b\u00fcy\u00fck rahatl\u0131k sa\u011flar.<\/p>\n","protected":false},"featured_media":115485,"comment_status":"open","ping_status":"closed","template":"","meta":{"_kad_post_transparent":"","_kad_post_title":"","_kad_post_layout":"","_kad_post_sidebar_id":"","_kad_post_content_style":"","_kad_post_vertical_padding":"","_kad_post_feature":"","_kad_post_feature_position":"","_kad_post_header":false,"_kad_post_footer":false,"_kad_post_classname":""},"product_brand":[],"product_cat":[15021],"product_tag":[],"class_list":{"0":"post-115486","1":"product","2":"type-product","3":"status-publish","4":"has-post-thumbnail","6":"product_cat-vantilator-vantilator","8":"first","9":"instock","10":"purchasable","11":"product-type-simple","12":"entry","13":"content-bg","14":"loop-entry"},"_links":{"self":[{"href":"https:\/\/www.hediyepazar.com\/index.php?rest_route=\/wp\/v2\/product\/115486","targetHints":{"allow":["GET"]}}],"collection":[{"href":"https:\/\/www.hediyepazar.com\/index.php?rest_route=\/wp\/v2\/product"}],"about":[{"href":"https:\/\/www.hediyepazar.com\/index.php?rest_route=\/wp\/v2\/types\/product"}],"replies":[{"embeddable":true,"href":"https:\/\/www.hediyepazar.com\/index.php?rest_route=%2Fwp%2Fv2%2Fcomments&post=115486"}],"wp:featuredmedia":[{"embeddable":true,"href":"https:\/\/www.hediyepazar.com\/index.php?rest_route=\/wp\/v2\/media\/115485"}],"wp:attachment":[{"href":"https:\/\/www.hediyepazar.com\/index.php?rest_route=%2Fwp%2Fv2%2Fmedia&parent=115486"}],"wp:term":[{"taxonomy":"product_brand","embeddable":true,"href":"https:\/\/www.hediyepazar.com\/index.php?rest_route=%2Fwp%2Fv2%2Fproduct_brand&post=115486"},{"taxonomy":"product_cat","embeddable":true,"href":"https:\/\/www.hediyepazar.com\/index.php?rest_route=%2Fwp%2Fv2%2Fproduct_cat&post=115486"},{"taxonomy":"product_tag","embeddable":true,"href":"https:\/\/www.hediyepazar.com\/index.php?rest_route=%2Fwp%2Fv2%2Fproduct_tag&post=115486"}],"curies":[{"name":"wp","href":"https:\/\/api.w.org\/{rel}","templated":true}]}}