{"id":115492,"date":"2026-05-05T15:01:17","date_gmt":"2026-05-05T18:01:17","guid":{"rendered":"https:\/\/www.hediyepazar.com\/?product=yaratici-cizim-ve-mesajlar-icin-led-isikli-renkli-tahta"},"modified":"2026-05-05T15:01:17","modified_gmt":"2026-05-05T18:01:17","slug":"yaratici-cizim-ve-mesajlar-icin-led-isikli-renkli-tahta","status":"publish","type":"product","link":"https:\/\/www.hediyepazar.com\/?product=yaratici-cizim-ve-mesajlar-icin-led-isikli-renkli-tahta","title":{"rendered":"Yarat\u0131c\u0131 \u00c7izim ve Mesajlar \u0130\u00e7in LED I\u015f\u0131kl\u0131 Renkli Tahta"},"content":{"rendered":"<p>\u00c7ocuklar i\u00e7in e\u011flenceli bir e\u011fitim arac\u0131, yeti\u015fkinler i\u00e7in ise pratik bir not panosu\u2026 LED \u0131\u015f\u0131kl\u0131 akrilik yaz\u0131 tahtas\u0131, \u00e7ok y\u00f6nl\u00fc kullan\u0131m\u0131yla hayat\u0131n\u0131z\u0131 kolayla\u015ft\u0131r\u0131r. Duvara monte edilebilir veya masa\u00fcst\u00fcnde kullan\u0131labilir. G\u00fc\u00e7l\u00fc LED \u0131\u015f\u0131klar\u0131, yaz\u0131 ve \u00e7izimleri \u00f6ne \u00e7\u0131kararak g\u00f6rselli\u011fi art\u0131r\u0131r. Paket i\u00e7erisinde yer alan 7 renkli kalem, hayal g\u00fcc\u00fcn\u00fcz\u00fc \u00f6zg\u00fcrce yans\u0131tman\u0131z\u0131 sa\u011flar. Kuru silinebilir y\u00fczey, tekrar tekrar kullan\u0131m i\u00e7in uygundur. E\u011flenceli bir hediye ar\u0131yorsan\u0131z, \u00e7ocuklar ve yeti\u015fkinler i\u00e7in harika bir se\u00e7enektir.<\/p>\n","protected":false},"excerpt":{"rendered":"<p>\u00c7ocuklar i\u00e7in e\u011flenceli bir e\u011fitim arac\u0131, yeti\u015fkinler i\u00e7in ise pratik bir not panosu\u2026 LED \u0131\u015f\u0131kl\u0131 akrilik yaz\u0131 tahtas\u0131, \u00e7ok y\u00f6nl\u00fc kullan\u0131m\u0131yla hayat\u0131n\u0131z\u0131 kolayla\u015ft\u0131r\u0131r. Duvara monte edilebilir veya masa\u00fcst\u00fcnde kullan\u0131labilir. G\u00fc\u00e7l\u00fc LED \u0131\u015f\u0131klar\u0131, yaz\u0131 ve \u00e7izimleri \u00f6ne \u00e7\u0131kararak g\u00f6rselli\u011fi art\u0131r\u0131r. Paket i\u00e7erisinde yer alan 7 renkli kalem, hayal g\u00fcc\u00fcn\u00fcz\u00fc \u00f6zg\u00fcrce yans\u0131tman\u0131z\u0131 sa\u011flar. Kuru silinebilir y\u00fczey, tekrar&#8230;<\/p>\n","protected":false},"featured_media":115491,"comment_status":"open","ping_status":"closed","template":"","meta":{"_kad_post_transparent":"","_kad_post_title":"","_kad_post_layout":"","_kad_post_sidebar_id":"","_kad_post_content_style":"","_kad_post_vertical_padding":"","_kad_post_feature":"","_kad_post_feature_position":"","_kad_post_header":false,"_kad_post_footer":false,"_kad_post_classname":""},"product_brand":[],"product_cat":[15074],"product_tag":[],"class_list":{"0":"post-115492","1":"product","2":"type-product","3":"status-publish","4":"has-post-thumbnail","6":"product_cat-cizim-tableti-cizim-tableti","8":"first","9":"instock","10":"purchasable","11":"product-type-simple","12":"entry","13":"content-bg","14":"loop-entry"},"_links":{"self":[{"href":"https:\/\/www.hediyepazar.com\/index.php?rest_route=\/wp\/v2\/product\/115492","targetHints":{"allow":["GET"]}}],"collection":[{"href":"https:\/\/www.hediyepazar.com\/index.php?rest_route=\/wp\/v2\/product"}],"about":[{"href":"https:\/\/www.hediyepazar.com\/index.php?rest_route=\/wp\/v2\/types\/product"}],"replies":[{"embeddable":true,"href":"https:\/\/www.hediyepazar.com\/index.php?rest_route=%2Fwp%2Fv2%2Fcomments&post=115492"}],"wp:featuredmedia":[{"embeddable":true,"href":"https:\/\/www.hediyepazar.com\/index.php?rest_route=\/wp\/v2\/media\/115491"}],"wp:attachment":[{"href":"https:\/\/www.hediyepazar.com\/index.php?rest_route=%2Fwp%2Fv2%2Fmedia&parent=115492"}],"wp:term":[{"taxonomy":"product_brand","embeddable":true,"href":"https:\/\/www.hediyepazar.com\/index.php?rest_route=%2Fwp%2Fv2%2Fproduct_brand&post=115492"},{"taxonomy":"product_cat","embeddable":true,"href":"https:\/\/www.hediyepazar.com\/index.php?rest_route=%2Fwp%2Fv2%2Fproduct_cat&post=115492"},{"taxonomy":"product_tag","embeddable":true,"href":"https:\/\/www.hediyepazar.com\/index.php?rest_route=%2Fwp%2Fv2%2Fproduct_tag&post=115492"}],"curies":[{"name":"wp","href":"https:\/\/api.w.org\/{rel}","templated":true}]}}