{"id":115500,"date":"2026-05-05T15:02:07","date_gmt":"2026-05-05T18:02:07","guid":{"rendered":"https:\/\/www.hediyepazar.com\/?product=led-isikli-akrilik-yazi-tahtasi-renkli-kalem-setiyle"},"modified":"2026-05-05T15:02:07","modified_gmt":"2026-05-05T18:02:07","slug":"led-isikli-akrilik-yazi-tahtasi-renkli-kalem-setiyle","status":"publish","type":"product","link":"https:\/\/www.hediyepazar.com\/?product=led-isikli-akrilik-yazi-tahtasi-renkli-kalem-setiyle","title":{"rendered":"LED I\u015f\u0131kl\u0131 Akrilik Yaz\u0131 Tahtas\u0131 Renkli Kalem Setiyle"},"content":{"rendered":"<p>LED \u0131\u015f\u0131kl\u0131 akrilik yaz\u0131 panosu, yarat\u0131c\u0131 fikirlerinizi renkli bir \u015fekilde ifade etmenizi sa\u011flar. Canl\u0131 ve parlak LED \u0131\u015f\u0131klar\u0131 sayesinde mesajlar\u0131n\u0131z, \u00e7izimleriniz veya notlar\u0131n\u0131z her ortamda dikkat \u00e7eker. USB ba\u011flant\u0131s\u0131 sayesinde kolayca \u015farj edilebilir ve s\u00fcrekli enerji sa\u011flar. Ayarlanabilir stand\u0131 ile masa\u00fcst\u00fcnde kullanabilir veya duvara monte ederek dekoratif bir aksesuar haline getirebilirsiniz. Kuru silinebilir y\u00fczeyi sayesinde istedi\u011finiz an yeni mesaj yazabilir, \u00e7ocu\u011funuzun \u00e7izimlerini tazeleyebilirsiniz. Paket i\u00e7inde yer alan 7 farkl\u0131 renkli kalem, yarat\u0131c\u0131l\u0131\u011f\u0131n\u0131z\u0131 s\u0131n\u0131rland\u0131rmadan \u00f6zg\u00fcrce kullanabilmenize olanak tan\u0131r. \u00c7ocuklar\u0131n e\u011flenirken \u00f6\u011frenmesi, yeti\u015fkinlerin ise ofis ya da evde pratik notlar almas\u0131 i\u00e7in m\u00fckemmel bir \u00fcr\u00fcnd\u00fcr.<\/p>\n","protected":false},"excerpt":{"rendered":"<p>LED \u0131\u015f\u0131kl\u0131 akrilik yaz\u0131 panosu, yarat\u0131c\u0131 fikirlerinizi renkli bir \u015fekilde ifade etmenizi sa\u011flar. Canl\u0131 ve parlak LED \u0131\u015f\u0131klar\u0131 sayesinde mesajlar\u0131n\u0131z, \u00e7izimleriniz veya notlar\u0131n\u0131z her ortamda dikkat \u00e7eker. USB ba\u011flant\u0131s\u0131 sayesinde kolayca \u015farj edilebilir ve s\u00fcrekli enerji sa\u011flar. Ayarlanabilir stand\u0131 ile masa\u00fcst\u00fcnde kullanabilir veya duvara monte ederek dekoratif bir aksesuar haline getirebilirsiniz. Kuru silinebilir y\u00fczeyi sayesinde&#8230;<\/p>\n","protected":false},"featured_media":115499,"comment_status":"open","ping_status":"closed","template":"","meta":{"_kad_post_transparent":"","_kad_post_title":"","_kad_post_layout":"","_kad_post_sidebar_id":"","_kad_post_content_style":"","_kad_post_vertical_padding":"","_kad_post_feature":"","_kad_post_feature_position":"","_kad_post_header":false,"_kad_post_footer":false,"_kad_post_classname":""},"product_brand":[],"product_cat":[15074],"product_tag":[],"class_list":{"0":"post-115500","1":"product","2":"type-product","3":"status-publish","4":"has-post-thumbnail","6":"product_cat-cizim-tableti-cizim-tableti","8":"first","9":"instock","10":"purchasable","11":"product-type-simple","12":"entry","13":"content-bg","14":"loop-entry"},"_links":{"self":[{"href":"https:\/\/www.hediyepazar.com\/index.php?rest_route=\/wp\/v2\/product\/115500","targetHints":{"allow":["GET"]}}],"collection":[{"href":"https:\/\/www.hediyepazar.com\/index.php?rest_route=\/wp\/v2\/product"}],"about":[{"href":"https:\/\/www.hediyepazar.com\/index.php?rest_route=\/wp\/v2\/types\/product"}],"replies":[{"embeddable":true,"href":"https:\/\/www.hediyepazar.com\/index.php?rest_route=%2Fwp%2Fv2%2Fcomments&post=115500"}],"wp:featuredmedia":[{"embeddable":true,"href":"https:\/\/www.hediyepazar.com\/index.php?rest_route=\/wp\/v2\/media\/115499"}],"wp:attachment":[{"href":"https:\/\/www.hediyepazar.com\/index.php?rest_route=%2Fwp%2Fv2%2Fmedia&parent=115500"}],"wp:term":[{"taxonomy":"product_brand","embeddable":true,"href":"https:\/\/www.hediyepazar.com\/index.php?rest_route=%2Fwp%2Fv2%2Fproduct_brand&post=115500"},{"taxonomy":"product_cat","embeddable":true,"href":"https:\/\/www.hediyepazar.com\/index.php?rest_route=%2Fwp%2Fv2%2Fproduct_cat&post=115500"},{"taxonomy":"product_tag","embeddable":true,"href":"https:\/\/www.hediyepazar.com\/index.php?rest_route=%2Fwp%2Fv2%2Fproduct_tag&post=115500"}],"curies":[{"name":"wp","href":"https:\/\/api.w.org\/{rel}","templated":true}]}}