{"id":115504,"date":"2026-05-05T15:02:16","date_gmt":"2026-05-05T18:02:16","guid":{"rendered":"https:\/\/www.hediyepazar.com\/?product=evrensel-manyetik-arac-telefon-tutucu-360-doner-baslik"},"modified":"2026-05-05T15:02:16","modified_gmt":"2026-05-05T18:02:16","slug":"evrensel-manyetik-arac-telefon-tutucu-360-doner-baslik","status":"publish","type":"product","link":"https:\/\/www.hediyepazar.com\/?product=evrensel-manyetik-arac-telefon-tutucu-360-doner-baslik","title":{"rendered":"Evrensel Manyetik Ara\u00e7 Telefon Tutucu 360\u00b0 D\u00f6ner Ba\u015fl\u0131k"},"content":{"rendered":"<p>Minimalist ve modern g\u00f6r\u00fcn\u00fcm\u00fcyle arac\u0131n\u0131z\u0131n i\u00e7 tasar\u0131m\u0131na \u015f\u0131kl\u0131k katar. Dayan\u0131kl\u0131 metal g\u00f6vde ve y\u00fcksek kaliteli malzemelerden \u00fcretilmi\u015f yap\u0131s\u0131 uzun \u00f6m\u00fcrl\u00fc kullan\u0131m sunar. Ara\u00e7 i\u00e7inde hem estetik hem de fonksiyonel bir aksesuar olarak \u00f6ne \u00e7\u0131kar.<\/p>\n","protected":false},"excerpt":{"rendered":"<p>Minimalist ve modern g\u00f6r\u00fcn\u00fcm\u00fcyle arac\u0131n\u0131z\u0131n i\u00e7 tasar\u0131m\u0131na \u015f\u0131kl\u0131k katar. Dayan\u0131kl\u0131 metal g\u00f6vde ve y\u00fcksek kaliteli malzemelerden \u00fcretilmi\u015f yap\u0131s\u0131 uzun \u00f6m\u00fcrl\u00fc kullan\u0131m sunar. Ara\u00e7 i\u00e7inde hem estetik hem de fonksiyonel bir aksesuar olarak \u00f6ne \u00e7\u0131kar.<\/p>\n","protected":false},"featured_media":115503,"comment_status":"open","ping_status":"closed","template":"","meta":{"_kad_post_transparent":"","_kad_post_title":"","_kad_post_layout":"","_kad_post_sidebar_id":"","_kad_post_content_style":"","_kad_post_vertical_padding":"","_kad_post_feature":"","_kad_post_feature_position":"","_kad_post_header":false,"_kad_post_footer":false,"_kad_post_classname":""},"product_brand":[],"product_cat":[14983],"product_tag":[],"class_list":{"0":"post-115504","1":"product","2":"type-product","3":"status-publish","4":"has-post-thumbnail","6":"product_cat-telefon-tutucu-telefon-tutucu","8":"first","9":"instock","10":"purchasable","11":"product-type-simple","12":"entry","13":"content-bg","14":"loop-entry"},"_links":{"self":[{"href":"https:\/\/www.hediyepazar.com\/index.php?rest_route=\/wp\/v2\/product\/115504","targetHints":{"allow":["GET"]}}],"collection":[{"href":"https:\/\/www.hediyepazar.com\/index.php?rest_route=\/wp\/v2\/product"}],"about":[{"href":"https:\/\/www.hediyepazar.com\/index.php?rest_route=\/wp\/v2\/types\/product"}],"replies":[{"embeddable":true,"href":"https:\/\/www.hediyepazar.com\/index.php?rest_route=%2Fwp%2Fv2%2Fcomments&post=115504"}],"wp:featuredmedia":[{"embeddable":true,"href":"https:\/\/www.hediyepazar.com\/index.php?rest_route=\/wp\/v2\/media\/115503"}],"wp:attachment":[{"href":"https:\/\/www.hediyepazar.com\/index.php?rest_route=%2Fwp%2Fv2%2Fmedia&parent=115504"}],"wp:term":[{"taxonomy":"product_brand","embeddable":true,"href":"https:\/\/www.hediyepazar.com\/index.php?rest_route=%2Fwp%2Fv2%2Fproduct_brand&post=115504"},{"taxonomy":"product_cat","embeddable":true,"href":"https:\/\/www.hediyepazar.com\/index.php?rest_route=%2Fwp%2Fv2%2Fproduct_cat&post=115504"},{"taxonomy":"product_tag","embeddable":true,"href":"https:\/\/www.hediyepazar.com\/index.php?rest_route=%2Fwp%2Fv2%2Fproduct_tag&post=115504"}],"curies":[{"name":"wp","href":"https:\/\/api.w.org\/{rel}","templated":true}]}}