{"id":115506,"date":"2026-05-05T15:02:20","date_gmt":"2026-05-05T18:02:20","guid":{"rendered":"https:\/\/www.hediyepazar.com\/?product=16-miknatisli-arac-telefon-tutucu-kaymaz-ve-guvenli"},"modified":"2026-05-05T15:02:20","modified_gmt":"2026-05-05T18:02:20","slug":"16-miknatisli-arac-telefon-tutucu-kaymaz-ve-guvenli","status":"publish","type":"product","link":"https:\/\/www.hediyepazar.com\/?product=16-miknatisli-arac-telefon-tutucu-kaymaz-ve-guvenli","title":{"rendered":"16 M\u0131knat\u0131sl\u0131 Ara\u00e7 Telefon Tutucu Kaymaz ve G\u00fcvenli"},"content":{"rendered":"<p>Telefonunuzu yatay ya da dikey kullanmak istedi\u011finizde, 360\u00b0 d\u00f6nebilen ba\u015fl\u0131k tasar\u0131m\u0131yla en uygun a\u00e7\u0131y\u0131 kolayca ayarlayabilirsiniz. Bu \u00f6zellik, \u00f6zellikle navigasyon kullan\u0131m\u0131nda maksimum g\u00f6r\u00fc\u015f a\u00e7\u0131s\u0131 ve g\u00fcvenlik sa\u011flar.<\/p>\n","protected":false},"excerpt":{"rendered":"<p>Telefonunuzu yatay ya da dikey kullanmak istedi\u011finizde, 360\u00b0 d\u00f6nebilen ba\u015fl\u0131k tasar\u0131m\u0131yla en uygun a\u00e7\u0131y\u0131 kolayca ayarlayabilirsiniz. Bu \u00f6zellik, \u00f6zellikle navigasyon kullan\u0131m\u0131nda maksimum g\u00f6r\u00fc\u015f a\u00e7\u0131s\u0131 ve g\u00fcvenlik sa\u011flar.<\/p>\n","protected":false},"featured_media":115505,"comment_status":"open","ping_status":"closed","template":"","meta":{"_kad_post_transparent":"","_kad_post_title":"","_kad_post_layout":"","_kad_post_sidebar_id":"","_kad_post_content_style":"","_kad_post_vertical_padding":"","_kad_post_feature":"","_kad_post_feature_position":"","_kad_post_header":false,"_kad_post_footer":false,"_kad_post_classname":""},"product_brand":[],"product_cat":[14983],"product_tag":[],"class_list":{"0":"post-115506","1":"product","2":"type-product","3":"status-publish","4":"has-post-thumbnail","6":"product_cat-telefon-tutucu-telefon-tutucu","8":"first","9":"instock","10":"purchasable","11":"product-type-simple","12":"entry","13":"content-bg","14":"loop-entry"},"_links":{"self":[{"href":"https:\/\/www.hediyepazar.com\/index.php?rest_route=\/wp\/v2\/product\/115506","targetHints":{"allow":["GET"]}}],"collection":[{"href":"https:\/\/www.hediyepazar.com\/index.php?rest_route=\/wp\/v2\/product"}],"about":[{"href":"https:\/\/www.hediyepazar.com\/index.php?rest_route=\/wp\/v2\/types\/product"}],"replies":[{"embeddable":true,"href":"https:\/\/www.hediyepazar.com\/index.php?rest_route=%2Fwp%2Fv2%2Fcomments&post=115506"}],"wp:featuredmedia":[{"embeddable":true,"href":"https:\/\/www.hediyepazar.com\/index.php?rest_route=\/wp\/v2\/media\/115505"}],"wp:attachment":[{"href":"https:\/\/www.hediyepazar.com\/index.php?rest_route=%2Fwp%2Fv2%2Fmedia&parent=115506"}],"wp:term":[{"taxonomy":"product_brand","embeddable":true,"href":"https:\/\/www.hediyepazar.com\/index.php?rest_route=%2Fwp%2Fv2%2Fproduct_brand&post=115506"},{"taxonomy":"product_cat","embeddable":true,"href":"https:\/\/www.hediyepazar.com\/index.php?rest_route=%2Fwp%2Fv2%2Fproduct_cat&post=115506"},{"taxonomy":"product_tag","embeddable":true,"href":"https:\/\/www.hediyepazar.com\/index.php?rest_route=%2Fwp%2Fv2%2Fproduct_tag&post=115506"}],"curies":[{"name":"wp","href":"https:\/\/api.w.org\/{rel}","templated":true}]}}