{"id":115510,"date":"2026-05-05T15:03:04","date_gmt":"2026-05-05T18:03:04","guid":{"rendered":"https:\/\/www.hediyepazar.com\/?product=arac-ici-manyetik-telefon-tutucu-360-doner-vakumlu-stand"},"modified":"2026-05-05T15:03:04","modified_gmt":"2026-05-05T18:03:04","slug":"arac-ici-manyetik-telefon-tutucu-360-doner-vakumlu-stand","status":"publish","type":"product","link":"https:\/\/www.hediyepazar.com\/?product=arac-ici-manyetik-telefon-tutucu-360-doner-vakumlu-stand","title":{"rendered":"Ara\u00e7 \u0130\u00e7i Manyetik Telefon Tutucu 360\u00b0 D\u00f6ner Vakumlu Stand"},"content":{"rendered":"<p>K009 ara\u00e7 telefon tutucusu, 16 adet g\u00fc\u00e7l\u00fc m\u0131knat\u0131s\u0131 sayesinde telefonunuzu en zorlu yol ko\u015fullar\u0131nda bile g\u00fcvenle sabit tutar. Engebeli, virajl\u0131 ve bozuk yollarda dahi telefonunuz kaymaz, d\u00fc\u015fmez. Navigasyon kullan\u0131rken ya da \u00e7a\u011fr\u0131 y\u00f6netiminde ellerinizi direksiyondan ay\u0131rmadan konforlu bir s\u00fcr\u00fc\u015f deneyimi ya\u015faman\u0131za yard\u0131mc\u0131 olur.<\/p>\n","protected":false},"excerpt":{"rendered":"<p>K009 ara\u00e7 telefon tutucusu, 16 adet g\u00fc\u00e7l\u00fc m\u0131knat\u0131s\u0131 sayesinde telefonunuzu en zorlu yol ko\u015fullar\u0131nda bile g\u00fcvenle sabit tutar. Engebeli, virajl\u0131 ve bozuk yollarda dahi telefonunuz kaymaz, d\u00fc\u015fmez. Navigasyon kullan\u0131rken ya da \u00e7a\u011fr\u0131 y\u00f6netiminde ellerinizi direksiyondan ay\u0131rmadan konforlu bir s\u00fcr\u00fc\u015f deneyimi ya\u015faman\u0131za yard\u0131mc\u0131 olur.<\/p>\n","protected":false},"featured_media":115509,"comment_status":"open","ping_status":"closed","template":"","meta":{"_kad_post_transparent":"","_kad_post_title":"","_kad_post_layout":"","_kad_post_sidebar_id":"","_kad_post_content_style":"","_kad_post_vertical_padding":"","_kad_post_feature":"","_kad_post_feature_position":"","_kad_post_header":false,"_kad_post_footer":false,"_kad_post_classname":""},"product_brand":[],"product_cat":[14983],"product_tag":[],"class_list":{"0":"post-115510","1":"product","2":"type-product","3":"status-publish","4":"has-post-thumbnail","6":"product_cat-telefon-tutucu-telefon-tutucu","8":"first","9":"instock","10":"purchasable","11":"product-type-simple","12":"entry","13":"content-bg","14":"loop-entry"},"_links":{"self":[{"href":"https:\/\/www.hediyepazar.com\/index.php?rest_route=\/wp\/v2\/product\/115510","targetHints":{"allow":["GET"]}}],"collection":[{"href":"https:\/\/www.hediyepazar.com\/index.php?rest_route=\/wp\/v2\/product"}],"about":[{"href":"https:\/\/www.hediyepazar.com\/index.php?rest_route=\/wp\/v2\/types\/product"}],"replies":[{"embeddable":true,"href":"https:\/\/www.hediyepazar.com\/index.php?rest_route=%2Fwp%2Fv2%2Fcomments&post=115510"}],"wp:featuredmedia":[{"embeddable":true,"href":"https:\/\/www.hediyepazar.com\/index.php?rest_route=\/wp\/v2\/media\/115509"}],"wp:attachment":[{"href":"https:\/\/www.hediyepazar.com\/index.php?rest_route=%2Fwp%2Fv2%2Fmedia&parent=115510"}],"wp:term":[{"taxonomy":"product_brand","embeddable":true,"href":"https:\/\/www.hediyepazar.com\/index.php?rest_route=%2Fwp%2Fv2%2Fproduct_brand&post=115510"},{"taxonomy":"product_cat","embeddable":true,"href":"https:\/\/www.hediyepazar.com\/index.php?rest_route=%2Fwp%2Fv2%2Fproduct_cat&post=115510"},{"taxonomy":"product_tag","embeddable":true,"href":"https:\/\/www.hediyepazar.com\/index.php?rest_route=%2Fwp%2Fv2%2Fproduct_tag&post=115510"}],"curies":[{"name":"wp","href":"https:\/\/api.w.org\/{rel}","templated":true}]}}