{"id":115512,"date":"2026-05-05T15:03:08","date_gmt":"2026-05-05T18:03:08","guid":{"rendered":"https:\/\/www.hediyepazar.com\/?product=doga-piknik-ve-acil-durum-icin-kamp-ocagi-seti"},"modified":"2026-05-05T15:03:08","modified_gmt":"2026-05-05T18:03:08","slug":"doga-piknik-ve-acil-durum-icin-kamp-ocagi-seti","status":"publish","type":"product","link":"https:\/\/www.hediyepazar.com\/?product=doga-piknik-ve-acil-durum-icin-kamp-ocagi-seti","title":{"rendered":"Do\u011fa Piknik ve Acil Durum \u0130\u00e7in Kamp Oca\u011f\u0131 Seti"},"content":{"rendered":"<p>Kamp Oca\u011f\u0131 Seti, do\u011fada yemek pi\u015firmeyi kolayla\u015ft\u0131ran pratik bir \u00e7\u00f6z\u00fcmd\u00fcr. Sadece 400 gram a\u011f\u0131rl\u0131\u011f\u0131nda ve ta\u015f\u0131nabilir yap\u0131ya sahiptir. 12 cm \u00e7apl\u0131 pi\u015firme y\u00fczeyi, tencere ve tava i\u00e7in uygundur. Universal \u00e7akmak gaz\u0131 t\u00fcp\u00fc setle birlikte gelir. Metal g\u00f6vde dayan\u0131kl\u0131d\u0131r, gaz vanas\u0131 ise kolay kullan\u0131m sunar. Ayarlanabilir alev kontrol\u00fc sayesinde istedi\u011finiz s\u0131cakl\u0131kta pi\u015firme yapabilirsiniz. \u00dc\u00e7 ayakl\u0131 denge aparat\u0131, farkl\u0131 zeminlerde stabil durmas\u0131n\u0131 sa\u011flar. Piknik, kamp, gezi ve acil durumlar i\u00e7in idealdir.<\/p>\n","protected":false},"excerpt":{"rendered":"<p>Kamp Oca\u011f\u0131 Seti, do\u011fada yemek pi\u015firmeyi kolayla\u015ft\u0131ran pratik bir \u00e7\u00f6z\u00fcmd\u00fcr. Sadece 400 gram a\u011f\u0131rl\u0131\u011f\u0131nda ve ta\u015f\u0131nabilir yap\u0131ya sahiptir. 12 cm \u00e7apl\u0131 pi\u015firme y\u00fczeyi, tencere ve tava i\u00e7in uygundur. Universal \u00e7akmak gaz\u0131 t\u00fcp\u00fc setle birlikte gelir. Metal g\u00f6vde dayan\u0131kl\u0131d\u0131r, gaz vanas\u0131 ise kolay kullan\u0131m sunar. Ayarlanabilir alev kontrol\u00fc sayesinde istedi\u011finiz s\u0131cakl\u0131kta pi\u015firme yapabilirsiniz. \u00dc\u00e7 ayakl\u0131 denge&#8230;<\/p>\n","protected":false},"featured_media":115511,"comment_status":"open","ping_status":"closed","template":"","meta":{"_kad_post_transparent":"","_kad_post_title":"","_kad_post_layout":"","_kad_post_sidebar_id":"","_kad_post_content_style":"","_kad_post_vertical_padding":"","_kad_post_feature":"","_kad_post_feature_position":"","_kad_post_header":false,"_kad_post_footer":false,"_kad_post_classname":""},"product_brand":[],"product_cat":[15076],"product_tag":[],"class_list":{"0":"post-115512","1":"product","2":"type-product","3":"status-publish","4":"has-post-thumbnail","6":"product_cat-kamp-seti-kamp-seti","8":"first","9":"instock","10":"purchasable","11":"product-type-simple","12":"entry","13":"content-bg","14":"loop-entry"},"_links":{"self":[{"href":"https:\/\/www.hediyepazar.com\/index.php?rest_route=\/wp\/v2\/product\/115512","targetHints":{"allow":["GET"]}}],"collection":[{"href":"https:\/\/www.hediyepazar.com\/index.php?rest_route=\/wp\/v2\/product"}],"about":[{"href":"https:\/\/www.hediyepazar.com\/index.php?rest_route=\/wp\/v2\/types\/product"}],"replies":[{"embeddable":true,"href":"https:\/\/www.hediyepazar.com\/index.php?rest_route=%2Fwp%2Fv2%2Fcomments&post=115512"}],"wp:featuredmedia":[{"embeddable":true,"href":"https:\/\/www.hediyepazar.com\/index.php?rest_route=\/wp\/v2\/media\/115511"}],"wp:attachment":[{"href":"https:\/\/www.hediyepazar.com\/index.php?rest_route=%2Fwp%2Fv2%2Fmedia&parent=115512"}],"wp:term":[{"taxonomy":"product_brand","embeddable":true,"href":"https:\/\/www.hediyepazar.com\/index.php?rest_route=%2Fwp%2Fv2%2Fproduct_brand&post=115512"},{"taxonomy":"product_cat","embeddable":true,"href":"https:\/\/www.hediyepazar.com\/index.php?rest_route=%2Fwp%2Fv2%2Fproduct_cat&post=115512"},{"taxonomy":"product_tag","embeddable":true,"href":"https:\/\/www.hediyepazar.com\/index.php?rest_route=%2Fwp%2Fv2%2Fproduct_tag&post=115512"}],"curies":[{"name":"wp","href":"https:\/\/api.w.org\/{rel}","templated":true}]}}