{"id":115514,"date":"2026-05-05T15:03:13","date_gmt":"2026-05-05T18:03:13","guid":{"rendered":"https:\/\/www.hediyepazar.com\/?product=tasinabilir-metal-govdeli-kamp-ocagi-seti"},"modified":"2026-05-05T15:03:13","modified_gmt":"2026-05-05T18:03:13","slug":"tasinabilir-metal-govdeli-kamp-ocagi-seti","status":"publish","type":"product","link":"https:\/\/www.hediyepazar.com\/?product=tasinabilir-metal-govdeli-kamp-ocagi-seti","title":{"rendered":"Ta\u015f\u0131nabilir Metal G\u00f6vdeli Kamp Oca\u011f\u0131 Seti"},"content":{"rendered":"<p>Outdoor aktiviteleri sevenler i\u00e7in tasarlanan Kamp Oca\u011f\u0131 Seti, g\u00fcvenli ve verimli pi\u015firme sa\u011flar. Universal \u00e7akmak gaz\u0131 t\u00fcp\u00fcyle uyumlu \u00e7al\u0131\u015f\u0131r ve setin i\u00e7eri\u011finde bulunur. 12 cm \u00e7ap\u0131ndaki pi\u015firme alan\u0131 sayesinde pratik yemek haz\u0131rlayabilirsiniz. Dayan\u0131kl\u0131 metal g\u00f6vdesi uzun y\u0131llar sorunsuz kullan\u0131m sunar. Ayarlanabilir alev fonksiyonu, hem d\u00fc\u015f\u00fck hem de y\u00fcksek \u0131s\u0131da yemek yapman\u0131za olanak tan\u0131r. \u00dc\u00e7 ayakl\u0131 denge aparat\u0131 ise her zeminde sabitlik sa\u011flayarak g\u00fcvenli bir deneyim sunar.<\/p>\n","protected":false},"excerpt":{"rendered":"<p>Outdoor aktiviteleri sevenler i\u00e7in tasarlanan Kamp Oca\u011f\u0131 Seti, g\u00fcvenli ve verimli pi\u015firme sa\u011flar. Universal \u00e7akmak gaz\u0131 t\u00fcp\u00fcyle uyumlu \u00e7al\u0131\u015f\u0131r ve setin i\u00e7eri\u011finde bulunur. 12 cm \u00e7ap\u0131ndaki pi\u015firme alan\u0131 sayesinde pratik yemek haz\u0131rlayabilirsiniz. Dayan\u0131kl\u0131 metal g\u00f6vdesi uzun y\u0131llar sorunsuz kullan\u0131m sunar. Ayarlanabilir alev fonksiyonu, hem d\u00fc\u015f\u00fck hem de y\u00fcksek \u0131s\u0131da yemek yapman\u0131za olanak tan\u0131r. \u00dc\u00e7 ayakl\u0131&#8230;<\/p>\n","protected":false},"featured_media":115513,"comment_status":"open","ping_status":"closed","template":"","meta":{"_kad_post_transparent":"","_kad_post_title":"","_kad_post_layout":"","_kad_post_sidebar_id":"","_kad_post_content_style":"","_kad_post_vertical_padding":"","_kad_post_feature":"","_kad_post_feature_position":"","_kad_post_header":false,"_kad_post_footer":false,"_kad_post_classname":""},"product_brand":[],"product_cat":[15076],"product_tag":[],"class_list":{"0":"post-115514","1":"product","2":"type-product","3":"status-publish","4":"has-post-thumbnail","6":"product_cat-kamp-seti-kamp-seti","8":"first","9":"instock","10":"purchasable","11":"product-type-simple","12":"entry","13":"content-bg","14":"loop-entry"},"_links":{"self":[{"href":"https:\/\/www.hediyepazar.com\/index.php?rest_route=\/wp\/v2\/product\/115514","targetHints":{"allow":["GET"]}}],"collection":[{"href":"https:\/\/www.hediyepazar.com\/index.php?rest_route=\/wp\/v2\/product"}],"about":[{"href":"https:\/\/www.hediyepazar.com\/index.php?rest_route=\/wp\/v2\/types\/product"}],"replies":[{"embeddable":true,"href":"https:\/\/www.hediyepazar.com\/index.php?rest_route=%2Fwp%2Fv2%2Fcomments&post=115514"}],"wp:featuredmedia":[{"embeddable":true,"href":"https:\/\/www.hediyepazar.com\/index.php?rest_route=\/wp\/v2\/media\/115513"}],"wp:attachment":[{"href":"https:\/\/www.hediyepazar.com\/index.php?rest_route=%2Fwp%2Fv2%2Fmedia&parent=115514"}],"wp:term":[{"taxonomy":"product_brand","embeddable":true,"href":"https:\/\/www.hediyepazar.com\/index.php?rest_route=%2Fwp%2Fv2%2Fproduct_brand&post=115514"},{"taxonomy":"product_cat","embeddable":true,"href":"https:\/\/www.hediyepazar.com\/index.php?rest_route=%2Fwp%2Fv2%2Fproduct_cat&post=115514"},{"taxonomy":"product_tag","embeddable":true,"href":"https:\/\/www.hediyepazar.com\/index.php?rest_route=%2Fwp%2Fv2%2Fproduct_tag&post=115514"}],"curies":[{"name":"wp","href":"https:\/\/api.w.org\/{rel}","templated":true}]}}