{"id":115516,"date":"2026-05-05T15:03:17","date_gmt":"2026-05-05T18:03:17","guid":{"rendered":"https:\/\/www.hediyepazar.com\/?product=kompakt-ve-hafif-kamp-ocagi-seti-gaz-tuplu"},"modified":"2026-05-05T15:03:17","modified_gmt":"2026-05-05T18:03:17","slug":"kompakt-ve-hafif-kamp-ocagi-seti-gaz-tuplu","status":"publish","type":"product","link":"https:\/\/www.hediyepazar.com\/?product=kompakt-ve-hafif-kamp-ocagi-seti-gaz-tuplu","title":{"rendered":"Kompakt ve Hafif Kamp Oca\u011f\u0131 Seti Gaz T\u00fcpl\u00fc"},"content":{"rendered":"<p>Do\u011fada yemek pi\u015firmek hi\u00e7 bu kadar kolay olmam\u0131\u015ft\u0131! Kamp Oca\u011f\u0131 Seti, hafif ve ta\u015f\u0131nabilir yap\u0131s\u0131yla her yerde yan\u0131n\u0131zda. 400 graml\u0131k kompakt tasar\u0131m\u0131 \u00e7antan\u0131zda fazla yer kaplamaz. 12 cm \u00e7apl\u0131 y\u00fczeyiyle kahve, \u00e7ay veya yemek pi\u015firmek i\u00e7in uygundur. Setin i\u00e7inde universal gaz t\u00fcp\u00fc bulunur, b\u00f6ylece ekstra al\u0131\u015fveri\u015f yapman\u0131za gerek kalmaz. Metal g\u00f6vde ve plastik gaz vanas\u0131 dayan\u0131kl\u0131l\u0131\u011f\u0131 art\u0131r\u0131rken, \u00fc\u00e7 ayakl\u0131 aparat her zeminde sabit duru\u015f sa\u011flar. Kamp, piknik ve do\u011fa gezilerinizde ideal \u00e7\u00f6z\u00fcmd\u00fcr.<\/p>\n","protected":false},"excerpt":{"rendered":"<p>Do\u011fada yemek pi\u015firmek hi\u00e7 bu kadar kolay olmam\u0131\u015ft\u0131! Kamp Oca\u011f\u0131 Seti, hafif ve ta\u015f\u0131nabilir yap\u0131s\u0131yla her yerde yan\u0131n\u0131zda. 400 graml\u0131k kompakt tasar\u0131m\u0131 \u00e7antan\u0131zda fazla yer kaplamaz. 12 cm \u00e7apl\u0131 y\u00fczeyiyle kahve, \u00e7ay veya yemek pi\u015firmek i\u00e7in uygundur. Setin i\u00e7inde universal gaz t\u00fcp\u00fc bulunur, b\u00f6ylece ekstra al\u0131\u015fveri\u015f yapman\u0131za gerek kalmaz. Metal g\u00f6vde ve plastik gaz vanas\u0131&#8230;<\/p>\n","protected":false},"featured_media":115515,"comment_status":"open","ping_status":"closed","template":"","meta":{"_kad_post_transparent":"","_kad_post_title":"","_kad_post_layout":"","_kad_post_sidebar_id":"","_kad_post_content_style":"","_kad_post_vertical_padding":"","_kad_post_feature":"","_kad_post_feature_position":"","_kad_post_header":false,"_kad_post_footer":false,"_kad_post_classname":""},"product_brand":[],"product_cat":[15076],"product_tag":[],"class_list":{"0":"post-115516","1":"product","2":"type-product","3":"status-publish","4":"has-post-thumbnail","6":"product_cat-kamp-seti-kamp-seti","8":"first","9":"instock","10":"purchasable","11":"product-type-simple","12":"entry","13":"content-bg","14":"loop-entry"},"_links":{"self":[{"href":"https:\/\/www.hediyepazar.com\/index.php?rest_route=\/wp\/v2\/product\/115516","targetHints":{"allow":["GET"]}}],"collection":[{"href":"https:\/\/www.hediyepazar.com\/index.php?rest_route=\/wp\/v2\/product"}],"about":[{"href":"https:\/\/www.hediyepazar.com\/index.php?rest_route=\/wp\/v2\/types\/product"}],"replies":[{"embeddable":true,"href":"https:\/\/www.hediyepazar.com\/index.php?rest_route=%2Fwp%2Fv2%2Fcomments&post=115516"}],"wp:featuredmedia":[{"embeddable":true,"href":"https:\/\/www.hediyepazar.com\/index.php?rest_route=\/wp\/v2\/media\/115515"}],"wp:attachment":[{"href":"https:\/\/www.hediyepazar.com\/index.php?rest_route=%2Fwp%2Fv2%2Fmedia&parent=115516"}],"wp:term":[{"taxonomy":"product_brand","embeddable":true,"href":"https:\/\/www.hediyepazar.com\/index.php?rest_route=%2Fwp%2Fv2%2Fproduct_brand&post=115516"},{"taxonomy":"product_cat","embeddable":true,"href":"https:\/\/www.hediyepazar.com\/index.php?rest_route=%2Fwp%2Fv2%2Fproduct_cat&post=115516"},{"taxonomy":"product_tag","embeddable":true,"href":"https:\/\/www.hediyepazar.com\/index.php?rest_route=%2Fwp%2Fv2%2Fproduct_tag&post=115516"}],"curies":[{"name":"wp","href":"https:\/\/api.w.org\/{rel}","templated":true}]}}