{"id":115518,"date":"2026-05-05T15:03:21","date_gmt":"2026-05-05T18:03:21","guid":{"rendered":"https:\/\/www.hediyepazar.com\/?product=piknik-ve-doga-yuruyusu-icin-tasinabilir-kamp-ocagi"},"modified":"2026-05-05T15:03:21","modified_gmt":"2026-05-05T18:03:21","slug":"piknik-ve-doga-yuruyusu-icin-tasinabilir-kamp-ocagi","status":"publish","type":"product","link":"https:\/\/www.hediyepazar.com\/?product=piknik-ve-doga-yuruyusu-icin-tasinabilir-kamp-ocagi","title":{"rendered":"Piknik ve Do\u011fa Y\u00fcr\u00fcy\u00fc\u015f\u00fc \u0130\u00e7in Ta\u015f\u0131nabilir Kamp Oca\u011f\u0131"},"content":{"rendered":"<p>Kompakt tasar\u0131m\u0131yla \u00f6ne \u00e7\u0131kan Kamp Oca\u011f\u0131 Seti, a\u00e7\u0131k hava etkinliklerinde s\u0131cak yiyecek haz\u0131rlamay\u0131 kolayla\u015ft\u0131r\u0131r. Hafif g\u00f6vdesi, ta\u015f\u0131nabilir yap\u0131s\u0131 ve 12 cm \u00e7apl\u0131 pi\u015firme alan\u0131yla pratik kullan\u0131m sunar. Universal gaz t\u00fcp\u00fc ile \u00e7al\u0131\u015f\u0131r ve setin i\u00e7inde bulunur. \u00dc\u00e7 ayakl\u0131 denge aparat\u0131, her zeminde g\u00fcvenli kullan\u0131m sa\u011flar. Ayarlanabilir alev g\u00fcc\u00fc, d\u00fc\u015f\u00fckten y\u00fcksek \u0131s\u0131ya ge\u00e7i\u015f yaparak farkl\u0131 pi\u015firme y\u00f6ntemleri sa\u011flar. Dayan\u0131kl\u0131 metal g\u00f6vde uzun \u00f6m\u00fcrl\u00fc kullan\u0131m garantiler.<\/p>\n","protected":false},"excerpt":{"rendered":"<p>Kompakt tasar\u0131m\u0131yla \u00f6ne \u00e7\u0131kan Kamp Oca\u011f\u0131 Seti, a\u00e7\u0131k hava etkinliklerinde s\u0131cak yiyecek haz\u0131rlamay\u0131 kolayla\u015ft\u0131r\u0131r. Hafif g\u00f6vdesi, ta\u015f\u0131nabilir yap\u0131s\u0131 ve 12 cm \u00e7apl\u0131 pi\u015firme alan\u0131yla pratik kullan\u0131m sunar. Universal gaz t\u00fcp\u00fc ile \u00e7al\u0131\u015f\u0131r ve setin i\u00e7inde bulunur. \u00dc\u00e7 ayakl\u0131 denge aparat\u0131, her zeminde g\u00fcvenli kullan\u0131m sa\u011flar. Ayarlanabilir alev g\u00fcc\u00fc, d\u00fc\u015f\u00fckten y\u00fcksek \u0131s\u0131ya ge\u00e7i\u015f yaparak farkl\u0131 pi\u015firme&#8230;<\/p>\n","protected":false},"featured_media":115517,"comment_status":"open","ping_status":"closed","template":"","meta":{"_kad_post_transparent":"","_kad_post_title":"","_kad_post_layout":"","_kad_post_sidebar_id":"","_kad_post_content_style":"","_kad_post_vertical_padding":"","_kad_post_feature":"","_kad_post_feature_position":"","_kad_post_header":false,"_kad_post_footer":false,"_kad_post_classname":""},"product_brand":[],"product_cat":[15076],"product_tag":[],"class_list":{"0":"post-115518","1":"product","2":"type-product","3":"status-publish","4":"has-post-thumbnail","6":"product_cat-kamp-seti-kamp-seti","8":"first","9":"instock","10":"purchasable","11":"product-type-simple","12":"entry","13":"content-bg","14":"loop-entry"},"_links":{"self":[{"href":"https:\/\/www.hediyepazar.com\/index.php?rest_route=\/wp\/v2\/product\/115518","targetHints":{"allow":["GET"]}}],"collection":[{"href":"https:\/\/www.hediyepazar.com\/index.php?rest_route=\/wp\/v2\/product"}],"about":[{"href":"https:\/\/www.hediyepazar.com\/index.php?rest_route=\/wp\/v2\/types\/product"}],"replies":[{"embeddable":true,"href":"https:\/\/www.hediyepazar.com\/index.php?rest_route=%2Fwp%2Fv2%2Fcomments&post=115518"}],"wp:featuredmedia":[{"embeddable":true,"href":"https:\/\/www.hediyepazar.com\/index.php?rest_route=\/wp\/v2\/media\/115517"}],"wp:attachment":[{"href":"https:\/\/www.hediyepazar.com\/index.php?rest_route=%2Fwp%2Fv2%2Fmedia&parent=115518"}],"wp:term":[{"taxonomy":"product_brand","embeddable":true,"href":"https:\/\/www.hediyepazar.com\/index.php?rest_route=%2Fwp%2Fv2%2Fproduct_brand&post=115518"},{"taxonomy":"product_cat","embeddable":true,"href":"https:\/\/www.hediyepazar.com\/index.php?rest_route=%2Fwp%2Fv2%2Fproduct_cat&post=115518"},{"taxonomy":"product_tag","embeddable":true,"href":"https:\/\/www.hediyepazar.com\/index.php?rest_route=%2Fwp%2Fv2%2Fproduct_tag&post=115518"}],"curies":[{"name":"wp","href":"https:\/\/api.w.org\/{rel}","templated":true}]}}