{"id":115520,"date":"2026-05-05T15:03:58","date_gmt":"2026-05-05T18:03:58","guid":{"rendered":"https:\/\/www.hediyepazar.com\/?product=outdoor-kamp-ocagi-seti-cakmak-gazli-tasinabilir"},"modified":"2026-05-05T15:03:58","modified_gmt":"2026-05-05T18:03:58","slug":"outdoor-kamp-ocagi-seti-cakmak-gazli-tasinabilir","status":"publish","type":"product","link":"https:\/\/www.hediyepazar.com\/?product=outdoor-kamp-ocagi-seti-cakmak-gazli-tasinabilir","title":{"rendered":"Outdoor Kamp Oca\u011f\u0131 Seti \u00c7akmak Gazl\u0131 Ta\u015f\u0131nabilir"},"content":{"rendered":"<p>Do\u011fa tutkunlar\u0131n\u0131n vazge\u00e7ilmezi olan bu kamp oca\u011f\u0131 seti, hafif yap\u0131s\u0131yla kolay ta\u015f\u0131nabilir. 12 cm \u00e7apl\u0131 pi\u015firme y\u00fczeyi, \u00e7orba, kahve ya da yemek haz\u0131rlamak i\u00e7in idealdir. Setin i\u00e7inde yer alan universal \u00e7akmak gaz\u0131 t\u00fcp\u00fc, h\u0131zl\u0131 kurulum ve g\u00fcvenilir kullan\u0131m sunar. Ayarlanabilir alev sistemi, yiyeceklerinizi istedi\u011finiz \u015fekilde pi\u015firmenizi sa\u011flar. Metal g\u00f6vdesi sa\u011flam, plastik gaz vanas\u0131 ise kolay kullan\u0131m odakl\u0131d\u0131r. Kamp, piknik, do\u011fa y\u00fcr\u00fcy\u00fc\u015fleri veya acil durumlar i\u00e7in m\u00fckemmel bir \u00e7\u00f6z\u00fcmd\u00fcr.<\/p>\n","protected":false},"excerpt":{"rendered":"<p>Do\u011fa tutkunlar\u0131n\u0131n vazge\u00e7ilmezi olan bu kamp oca\u011f\u0131 seti, hafif yap\u0131s\u0131yla kolay ta\u015f\u0131nabilir. 12 cm \u00e7apl\u0131 pi\u015firme y\u00fczeyi, \u00e7orba, kahve ya da yemek haz\u0131rlamak i\u00e7in idealdir. Setin i\u00e7inde yer alan universal \u00e7akmak gaz\u0131 t\u00fcp\u00fc, h\u0131zl\u0131 kurulum ve g\u00fcvenilir kullan\u0131m sunar. Ayarlanabilir alev sistemi, yiyeceklerinizi istedi\u011finiz \u015fekilde pi\u015firmenizi sa\u011flar. Metal g\u00f6vdesi sa\u011flam, plastik gaz vanas\u0131 ise kolay&#8230;<\/p>\n","protected":false},"featured_media":115519,"comment_status":"open","ping_status":"closed","template":"","meta":{"_kad_post_transparent":"","_kad_post_title":"","_kad_post_layout":"","_kad_post_sidebar_id":"","_kad_post_content_style":"","_kad_post_vertical_padding":"","_kad_post_feature":"","_kad_post_feature_position":"","_kad_post_header":false,"_kad_post_footer":false,"_kad_post_classname":""},"product_brand":[],"product_cat":[15076],"product_tag":[],"class_list":{"0":"post-115520","1":"product","2":"type-product","3":"status-publish","4":"has-post-thumbnail","6":"product_cat-kamp-seti-kamp-seti","8":"first","9":"instock","10":"purchasable","11":"product-type-simple","12":"entry","13":"content-bg","14":"loop-entry"},"_links":{"self":[{"href":"https:\/\/www.hediyepazar.com\/index.php?rest_route=\/wp\/v2\/product\/115520","targetHints":{"allow":["GET"]}}],"collection":[{"href":"https:\/\/www.hediyepazar.com\/index.php?rest_route=\/wp\/v2\/product"}],"about":[{"href":"https:\/\/www.hediyepazar.com\/index.php?rest_route=\/wp\/v2\/types\/product"}],"replies":[{"embeddable":true,"href":"https:\/\/www.hediyepazar.com\/index.php?rest_route=%2Fwp%2Fv2%2Fcomments&post=115520"}],"wp:featuredmedia":[{"embeddable":true,"href":"https:\/\/www.hediyepazar.com\/index.php?rest_route=\/wp\/v2\/media\/115519"}],"wp:attachment":[{"href":"https:\/\/www.hediyepazar.com\/index.php?rest_route=%2Fwp%2Fv2%2Fmedia&parent=115520"}],"wp:term":[{"taxonomy":"product_brand","embeddable":true,"href":"https:\/\/www.hediyepazar.com\/index.php?rest_route=%2Fwp%2Fv2%2Fproduct_brand&post=115520"},{"taxonomy":"product_cat","embeddable":true,"href":"https:\/\/www.hediyepazar.com\/index.php?rest_route=%2Fwp%2Fv2%2Fproduct_cat&post=115520"},{"taxonomy":"product_tag","embeddable":true,"href":"https:\/\/www.hediyepazar.com\/index.php?rest_route=%2Fwp%2Fv2%2Fproduct_tag&post=115520"}],"curies":[{"name":"wp","href":"https:\/\/api.w.org\/{rel}","templated":true}]}}