{"id":115526,"date":"2026-05-05T15:04:14","date_gmt":"2026-05-05T18:04:14","guid":{"rendered":"https:\/\/www.hediyepazar.com\/?product=gece-goruslu-dongusel-kayit-destekli-mini-kamera"},"modified":"2026-05-05T15:04:14","modified_gmt":"2026-05-05T18:04:14","slug":"gece-goruslu-dongusel-kayit-destekli-mini-kamera","status":"publish","type":"product","link":"https:\/\/www.hediyepazar.com\/?product=gece-goruslu-dongusel-kayit-destekli-mini-kamera","title":{"rendered":"Gece G\u00f6r\u00fc\u015fl\u00fc D\u00f6ng\u00fcsel Kay\u0131t Destekli Mini Kamera"},"content":{"rendered":"<p>Profesyonel g\u00f6r\u00fcn\u00fcmler i\u00e7in \u00f6zel olarak tasarlanan bu mini kamera, y\u00fcksek \u00e7\u00f6z\u00fcn\u00fcrl\u00fckl\u00fc kay\u0131t teknolojisini kompakt bir g\u00f6vdeye s\u0131\u011fd\u0131r\u0131r. Foto\u011fraf \u00e7ekiminde netlik ve renk doygunlu\u011funu art\u0131ran sens\u00f6r yap\u0131s\u0131, her karede daha net g\u00f6r\u00fcnt\u00fcler sunar.<\/p>\n","protected":false},"excerpt":{"rendered":"<p>Profesyonel g\u00f6r\u00fcn\u00fcmler i\u00e7in \u00f6zel olarak tasarlanan bu mini kamera, y\u00fcksek \u00e7\u00f6z\u00fcn\u00fcrl\u00fckl\u00fc kay\u0131t teknolojisini kompakt bir g\u00f6vdeye s\u0131\u011fd\u0131r\u0131r. Foto\u011fraf \u00e7ekiminde netlik ve renk doygunlu\u011funu art\u0131ran sens\u00f6r yap\u0131s\u0131, her karede daha net g\u00f6r\u00fcnt\u00fcler sunar.<\/p>\n","protected":false},"featured_media":115525,"comment_status":"open","ping_status":"closed","template":"","meta":{"_kad_post_transparent":"","_kad_post_title":"","_kad_post_layout":"","_kad_post_sidebar_id":"","_kad_post_content_style":"","_kad_post_vertical_padding":"","_kad_post_feature":"","_kad_post_feature_position":"","_kad_post_header":false,"_kad_post_footer":false,"_kad_post_classname":""},"product_brand":[],"product_cat":[14927],"product_tag":[],"class_list":{"0":"post-115526","1":"product","2":"type-product","3":"status-publish","4":"has-post-thumbnail","6":"product_cat-akilli-kamera-akilli-kamera","8":"first","9":"instock","10":"purchasable","11":"product-type-simple","12":"entry","13":"content-bg","14":"loop-entry"},"_links":{"self":[{"href":"https:\/\/www.hediyepazar.com\/index.php?rest_route=\/wp\/v2\/product\/115526","targetHints":{"allow":["GET"]}}],"collection":[{"href":"https:\/\/www.hediyepazar.com\/index.php?rest_route=\/wp\/v2\/product"}],"about":[{"href":"https:\/\/www.hediyepazar.com\/index.php?rest_route=\/wp\/v2\/types\/product"}],"replies":[{"embeddable":true,"href":"https:\/\/www.hediyepazar.com\/index.php?rest_route=%2Fwp%2Fv2%2Fcomments&post=115526"}],"wp:featuredmedia":[{"embeddable":true,"href":"https:\/\/www.hediyepazar.com\/index.php?rest_route=\/wp\/v2\/media\/115525"}],"wp:attachment":[{"href":"https:\/\/www.hediyepazar.com\/index.php?rest_route=%2Fwp%2Fv2%2Fmedia&parent=115526"}],"wp:term":[{"taxonomy":"product_brand","embeddable":true,"href":"https:\/\/www.hediyepazar.com\/index.php?rest_route=%2Fwp%2Fv2%2Fproduct_brand&post=115526"},{"taxonomy":"product_cat","embeddable":true,"href":"https:\/\/www.hediyepazar.com\/index.php?rest_route=%2Fwp%2Fv2%2Fproduct_cat&post=115526"},{"taxonomy":"product_tag","embeddable":true,"href":"https:\/\/www.hediyepazar.com\/index.php?rest_route=%2Fwp%2Fv2%2Fproduct_tag&post=115526"}],"curies":[{"name":"wp","href":"https:\/\/api.w.org\/{rel}","templated":true}]}}