{"id":115528,"date":"2026-05-05T15:04:18","date_gmt":"2026-05-05T18:04:18","guid":{"rendered":"https:\/\/www.hediyepazar.com\/?product=128gb-destekli-hareket-algilamali-mini-kamera"},"modified":"2026-05-05T15:04:18","modified_gmt":"2026-05-05T18:04:18","slug":"128gb-destekli-hareket-algilamali-mini-kamera","status":"publish","type":"product","link":"https:\/\/www.hediyepazar.com\/?product=128gb-destekli-hareket-algilamali-mini-kamera","title":{"rendered":"128GB Destekli Hareket Alg\u0131lamal\u0131 Mini Kamera"},"content":{"rendered":"<p>1.3 in\u00e7 TFT ekranl\u0131 mini kamera, anl\u0131k g\u00f6r\u00fcnt\u00fc takibi yapman\u0131za olanak tan\u0131r. Hareket alg\u0131lama \u00f6zelli\u011fi sayesinde sadece hareket oldu\u011funda kay\u0131t yaparak haf\u0131zadan tasarruf sa\u011flar. 1200mAh bataryas\u0131yla tek \u015farjda uzun s\u00fcre kullan\u0131labilir, USB 5V giri\u015fiyle h\u0131zl\u0131ca \u015farj olur.<\/p>\n","protected":false},"excerpt":{"rendered":"<p>1.3 in\u00e7 TFT ekranl\u0131 mini kamera, anl\u0131k g\u00f6r\u00fcnt\u00fc takibi yapman\u0131za olanak tan\u0131r. Hareket alg\u0131lama \u00f6zelli\u011fi sayesinde sadece hareket oldu\u011funda kay\u0131t yaparak haf\u0131zadan tasarruf sa\u011flar. 1200mAh bataryas\u0131yla tek \u015farjda uzun s\u00fcre kullan\u0131labilir, USB 5V giri\u015fiyle h\u0131zl\u0131ca \u015farj olur.<\/p>\n","protected":false},"featured_media":115527,"comment_status":"open","ping_status":"closed","template":"","meta":{"_kad_post_transparent":"","_kad_post_title":"","_kad_post_layout":"","_kad_post_sidebar_id":"","_kad_post_content_style":"","_kad_post_vertical_padding":"","_kad_post_feature":"","_kad_post_feature_position":"","_kad_post_header":false,"_kad_post_footer":false,"_kad_post_classname":""},"product_brand":[],"product_cat":[14927],"product_tag":[],"class_list":{"0":"post-115528","1":"product","2":"type-product","3":"status-publish","4":"has-post-thumbnail","6":"product_cat-akilli-kamera-akilli-kamera","8":"first","9":"instock","10":"purchasable","11":"product-type-simple","12":"entry","13":"content-bg","14":"loop-entry"},"_links":{"self":[{"href":"https:\/\/www.hediyepazar.com\/index.php?rest_route=\/wp\/v2\/product\/115528","targetHints":{"allow":["GET"]}}],"collection":[{"href":"https:\/\/www.hediyepazar.com\/index.php?rest_route=\/wp\/v2\/product"}],"about":[{"href":"https:\/\/www.hediyepazar.com\/index.php?rest_route=\/wp\/v2\/types\/product"}],"replies":[{"embeddable":true,"href":"https:\/\/www.hediyepazar.com\/index.php?rest_route=%2Fwp%2Fv2%2Fcomments&post=115528"}],"wp:featuredmedia":[{"embeddable":true,"href":"https:\/\/www.hediyepazar.com\/index.php?rest_route=\/wp\/v2\/media\/115527"}],"wp:attachment":[{"href":"https:\/\/www.hediyepazar.com\/index.php?rest_route=%2Fwp%2Fv2%2Fmedia&parent=115528"}],"wp:term":[{"taxonomy":"product_brand","embeddable":true,"href":"https:\/\/www.hediyepazar.com\/index.php?rest_route=%2Fwp%2Fv2%2Fproduct_brand&post=115528"},{"taxonomy":"product_cat","embeddable":true,"href":"https:\/\/www.hediyepazar.com\/index.php?rest_route=%2Fwp%2Fv2%2Fproduct_cat&post=115528"},{"taxonomy":"product_tag","embeddable":true,"href":"https:\/\/www.hediyepazar.com\/index.php?rest_route=%2Fwp%2Fv2%2Fproduct_tag&post=115528"}],"curies":[{"name":"wp","href":"https:\/\/api.w.org\/{rel}","templated":true}]}}