{"id":115530,"date":"2026-05-05T15:05:56","date_gmt":"2026-05-05T18:05:56","guid":{"rendered":"https:\/\/www.hediyepazar.com\/?product=tasinabilir-full-hd-mini-kamera-tft-ekranli"},"modified":"2026-05-05T15:05:56","modified_gmt":"2026-05-05T18:05:56","slug":"tasinabilir-full-hd-mini-kamera-tft-ekranli","status":"publish","type":"product","link":"https:\/\/www.hediyepazar.com\/?product=tasinabilir-full-hd-mini-kamera-tft-ekranli","title":{"rendered":"Ta\u015f\u0131nabilir Full HD Mini Kamera TFT Ekranl\u0131"},"content":{"rendered":"<p>Hafif tasar\u0131m\u0131 (sadece 50 gram) sayesinde diledi\u011finiz her yere kolayca ta\u015f\u0131yabilece\u011finiz bu kamera, gece-g\u00fcnd\u00fcz y\u00fcksek \u00e7\u00f6z\u00fcn\u00fcrl\u00fckl\u00fc kay\u0131t yapar. D\u00f6ng\u00fcsel kay\u0131t \u00f6zelli\u011fi sayesinde haf\u0131za doldu\u011funda eski verileri otomatik siler, kesintisiz kay\u0131t sa\u011flar. Bu \u00f6zelli\u011fi \u00f6zellikle ara\u00e7 i\u00e7i kamera veya g\u00fcvenlik kameras\u0131 olarak kullan\u0131ma uygundur.<\/p>\n","protected":false},"excerpt":{"rendered":"<p>Hafif tasar\u0131m\u0131 (sadece 50 gram) sayesinde diledi\u011finiz her yere kolayca ta\u015f\u0131yabilece\u011finiz bu kamera, gece-g\u00fcnd\u00fcz y\u00fcksek \u00e7\u00f6z\u00fcn\u00fcrl\u00fckl\u00fc kay\u0131t yapar. D\u00f6ng\u00fcsel kay\u0131t \u00f6zelli\u011fi sayesinde haf\u0131za doldu\u011funda eski verileri otomatik siler, kesintisiz kay\u0131t sa\u011flar. Bu \u00f6zelli\u011fi \u00f6zellikle ara\u00e7 i\u00e7i kamera veya g\u00fcvenlik kameras\u0131 olarak kullan\u0131ma uygundur.<\/p>\n","protected":false},"featured_media":115529,"comment_status":"open","ping_status":"closed","template":"","meta":{"_kad_post_transparent":"","_kad_post_title":"","_kad_post_layout":"","_kad_post_sidebar_id":"","_kad_post_content_style":"","_kad_post_vertical_padding":"","_kad_post_feature":"","_kad_post_feature_position":"","_kad_post_header":false,"_kad_post_footer":false,"_kad_post_classname":""},"product_brand":[],"product_cat":[14927],"product_tag":[],"class_list":{"0":"post-115530","1":"product","2":"type-product","3":"status-publish","4":"has-post-thumbnail","6":"product_cat-akilli-kamera-akilli-kamera","8":"first","9":"instock","10":"purchasable","11":"product-type-simple","12":"entry","13":"content-bg","14":"loop-entry"},"_links":{"self":[{"href":"https:\/\/www.hediyepazar.com\/index.php?rest_route=\/wp\/v2\/product\/115530","targetHints":{"allow":["GET"]}}],"collection":[{"href":"https:\/\/www.hediyepazar.com\/index.php?rest_route=\/wp\/v2\/product"}],"about":[{"href":"https:\/\/www.hediyepazar.com\/index.php?rest_route=\/wp\/v2\/types\/product"}],"replies":[{"embeddable":true,"href":"https:\/\/www.hediyepazar.com\/index.php?rest_route=%2Fwp%2Fv2%2Fcomments&post=115530"}],"wp:featuredmedia":[{"embeddable":true,"href":"https:\/\/www.hediyepazar.com\/index.php?rest_route=\/wp\/v2\/media\/115529"}],"wp:attachment":[{"href":"https:\/\/www.hediyepazar.com\/index.php?rest_route=%2Fwp%2Fv2%2Fmedia&parent=115530"}],"wp:term":[{"taxonomy":"product_brand","embeddable":true,"href":"https:\/\/www.hediyepazar.com\/index.php?rest_route=%2Fwp%2Fv2%2Fproduct_brand&post=115530"},{"taxonomy":"product_cat","embeddable":true,"href":"https:\/\/www.hediyepazar.com\/index.php?rest_route=%2Fwp%2Fv2%2Fproduct_cat&post=115530"},{"taxonomy":"product_tag","embeddable":true,"href":"https:\/\/www.hediyepazar.com\/index.php?rest_route=%2Fwp%2Fv2%2Fproduct_tag&post=115530"}],"curies":[{"name":"wp","href":"https:\/\/api.w.org\/{rel}","templated":true}]}}