{"id":115532,"date":"2026-05-05T15:06:02","date_gmt":"2026-05-05T18:06:02","guid":{"rendered":"https:\/\/www.hediyepazar.com\/?product=180-donebilen-lensli-1080p-mini-kamera"},"modified":"2026-05-05T15:06:02","modified_gmt":"2026-05-05T18:06:02","slug":"180-donebilen-lensli-1080p-mini-kamera","status":"publish","type":"product","link":"https:\/\/www.hediyepazar.com\/?product=180-donebilen-lensli-1080p-mini-kamera","title":{"rendered":"180\u00b0 D\u00f6nebilen Lensli 1080P Mini Kamera"},"content":{"rendered":"<p>Kompakt boyutlar\u0131yla cebinize s\u0131\u011fan bu mini kamera, g\u00fcvenlikten hobi \u00e7ekimlerine kadar \u00e7ok y\u00f6nl\u00fc kullan\u0131m sunar. AVI format\u0131nda 1080P videolar, JPG format\u0131nda foto\u011fraflar kaydedebilir. TF kart deste\u011fi ile 128GB\u2019a kadar depolama alan\u0131 sunar. -25\u00b0C ile +75\u00b0C aras\u0131nda dayan\u0131kl\u0131 yap\u0131s\u0131 sayesinde zorlu ko\u015fullarda bile performans\u0131ndan \u00f6d\u00fcn vermez.<\/p>\n","protected":false},"excerpt":{"rendered":"<p>Kompakt boyutlar\u0131yla cebinize s\u0131\u011fan bu mini kamera, g\u00fcvenlikten hobi \u00e7ekimlerine kadar \u00e7ok y\u00f6nl\u00fc kullan\u0131m sunar. AVI format\u0131nda 1080P videolar, JPG format\u0131nda foto\u011fraflar kaydedebilir. TF kart deste\u011fi ile 128GB\u2019a kadar depolama alan\u0131 sunar. -25\u00b0C ile +75\u00b0C aras\u0131nda dayan\u0131kl\u0131 yap\u0131s\u0131 sayesinde zorlu ko\u015fullarda bile performans\u0131ndan \u00f6d\u00fcn vermez.<\/p>\n","protected":false},"featured_media":115531,"comment_status":"open","ping_status":"closed","template":"","meta":{"_kad_post_transparent":"","_kad_post_title":"","_kad_post_layout":"","_kad_post_sidebar_id":"","_kad_post_content_style":"","_kad_post_vertical_padding":"","_kad_post_feature":"","_kad_post_feature_position":"","_kad_post_header":false,"_kad_post_footer":false,"_kad_post_classname":""},"product_brand":[],"product_cat":[14927],"product_tag":[],"class_list":{"0":"post-115532","1":"product","2":"type-product","3":"status-publish","4":"has-post-thumbnail","6":"product_cat-akilli-kamera-akilli-kamera","8":"first","9":"instock","10":"purchasable","11":"product-type-simple","12":"entry","13":"content-bg","14":"loop-entry"},"_links":{"self":[{"href":"https:\/\/www.hediyepazar.com\/index.php?rest_route=\/wp\/v2\/product\/115532","targetHints":{"allow":["GET"]}}],"collection":[{"href":"https:\/\/www.hediyepazar.com\/index.php?rest_route=\/wp\/v2\/product"}],"about":[{"href":"https:\/\/www.hediyepazar.com\/index.php?rest_route=\/wp\/v2\/types\/product"}],"replies":[{"embeddable":true,"href":"https:\/\/www.hediyepazar.com\/index.php?rest_route=%2Fwp%2Fv2%2Fcomments&post=115532"}],"wp:featuredmedia":[{"embeddable":true,"href":"https:\/\/www.hediyepazar.com\/index.php?rest_route=\/wp\/v2\/media\/115531"}],"wp:attachment":[{"href":"https:\/\/www.hediyepazar.com\/index.php?rest_route=%2Fwp%2Fv2%2Fmedia&parent=115532"}],"wp:term":[{"taxonomy":"product_brand","embeddable":true,"href":"https:\/\/www.hediyepazar.com\/index.php?rest_route=%2Fwp%2Fv2%2Fproduct_brand&post=115532"},{"taxonomy":"product_cat","embeddable":true,"href":"https:\/\/www.hediyepazar.com\/index.php?rest_route=%2Fwp%2Fv2%2Fproduct_cat&post=115532"},{"taxonomy":"product_tag","embeddable":true,"href":"https:\/\/www.hediyepazar.com\/index.php?rest_route=%2Fwp%2Fv2%2Fproduct_tag&post=115532"}],"curies":[{"name":"wp","href":"https:\/\/api.w.org\/{rel}","templated":true}]}}