{"id":115534,"date":"2026-05-05T15:06:09","date_gmt":"2026-05-05T18:06:09","guid":{"rendered":"https:\/\/www.hediyepazar.com\/?product=mini-kamera-1080p-full-hd-doner-lens-tasinabilir"},"modified":"2026-05-05T15:06:09","modified_gmt":"2026-05-05T18:06:09","slug":"mini-kamera-1080p-full-hd-doner-lens-tasinabilir","status":"publish","type":"product","link":"https:\/\/www.hediyepazar.com\/?product=mini-kamera-1080p-full-hd-doner-lens-tasinabilir","title":{"rendered":"Mini Kamera 1080P Full HD D\u00f6ner Lens Ta\u015f\u0131nabilir"},"content":{"rendered":"<p>Bu mini kamera, 180\u00b0 d\u00f6nebilen lensi sayesinde her a\u00e7\u0131dan net g\u00f6r\u00fcnt\u00fcler kaydetmenizi sa\u011flar. 1080P Full HD video ve 3MP foto\u011fraf deste\u011fi ile hem g\u00fcnl\u00fck kullan\u0131m hem de profesyonel ihtiya\u00e7lar i\u00e7in idealdir. 1.3 in\u00e7 TFT ekran\u0131 sayesinde \u00e7ekimlerinizi anl\u0131k olarak izleyebilirsiniz. Hareket alg\u0131lama, d\u00f6ng\u00fcsel kay\u0131t, pozlama ve beyaz dengesi gibi geli\u015fmi\u015f \u00f6zellikler, her ortamda y\u00fcksek performans sunar. 1200mAh bataryas\u0131yla uzun s\u00fcreli \u00e7ekim yapabilir, USB \u00fczerinden kolayca \u015farj edebilirsiniz.<\/p>\n","protected":false},"excerpt":{"rendered":"<p>Bu mini kamera, 180\u00b0 d\u00f6nebilen lensi sayesinde her a\u00e7\u0131dan net g\u00f6r\u00fcnt\u00fcler kaydetmenizi sa\u011flar. 1080P Full HD video ve 3MP foto\u011fraf deste\u011fi ile hem g\u00fcnl\u00fck kullan\u0131m hem de profesyonel ihtiya\u00e7lar i\u00e7in idealdir. 1.3 in\u00e7 TFT ekran\u0131 sayesinde \u00e7ekimlerinizi anl\u0131k olarak izleyebilirsiniz. Hareket alg\u0131lama, d\u00f6ng\u00fcsel kay\u0131t, pozlama ve beyaz dengesi gibi geli\u015fmi\u015f \u00f6zellikler, her ortamda y\u00fcksek performans&#8230;<\/p>\n","protected":false},"featured_media":115533,"comment_status":"open","ping_status":"closed","template":"","meta":{"_kad_post_transparent":"","_kad_post_title":"","_kad_post_layout":"","_kad_post_sidebar_id":"","_kad_post_content_style":"","_kad_post_vertical_padding":"","_kad_post_feature":"","_kad_post_feature_position":"","_kad_post_header":false,"_kad_post_footer":false,"_kad_post_classname":""},"product_brand":[],"product_cat":[14927],"product_tag":[],"class_list":{"0":"post-115534","1":"product","2":"type-product","3":"status-publish","4":"has-post-thumbnail","6":"product_cat-akilli-kamera-akilli-kamera","8":"first","9":"instock","10":"purchasable","11":"product-type-simple","12":"entry","13":"content-bg","14":"loop-entry"},"_links":{"self":[{"href":"https:\/\/www.hediyepazar.com\/index.php?rest_route=\/wp\/v2\/product\/115534","targetHints":{"allow":["GET"]}}],"collection":[{"href":"https:\/\/www.hediyepazar.com\/index.php?rest_route=\/wp\/v2\/product"}],"about":[{"href":"https:\/\/www.hediyepazar.com\/index.php?rest_route=\/wp\/v2\/types\/product"}],"replies":[{"embeddable":true,"href":"https:\/\/www.hediyepazar.com\/index.php?rest_route=%2Fwp%2Fv2%2Fcomments&post=115534"}],"wp:featuredmedia":[{"embeddable":true,"href":"https:\/\/www.hediyepazar.com\/index.php?rest_route=\/wp\/v2\/media\/115533"}],"wp:attachment":[{"href":"https:\/\/www.hediyepazar.com\/index.php?rest_route=%2Fwp%2Fv2%2Fmedia&parent=115534"}],"wp:term":[{"taxonomy":"product_brand","embeddable":true,"href":"https:\/\/www.hediyepazar.com\/index.php?rest_route=%2Fwp%2Fv2%2Fproduct_brand&post=115534"},{"taxonomy":"product_cat","embeddable":true,"href":"https:\/\/www.hediyepazar.com\/index.php?rest_route=%2Fwp%2Fv2%2Fproduct_cat&post=115534"},{"taxonomy":"product_tag","embeddable":true,"href":"https:\/\/www.hediyepazar.com\/index.php?rest_route=%2Fwp%2Fv2%2Fproduct_tag&post=115534"}],"curies":[{"name":"wp","href":"https:\/\/api.w.org\/{rel}","templated":true}]}}