{"id":115538,"date":"2026-05-05T15:06:18","date_gmt":"2026-05-05T18:06:18","guid":{"rendered":"https:\/\/www.hediyepazar.com\/?product=sarj-kutulu-kablosuz-bluetooth-kulak-ici-spor-kulaklik"},"modified":"2026-05-05T15:06:18","modified_gmt":"2026-05-05T18:06:18","slug":"sarj-kutulu-kablosuz-bluetooth-kulak-ici-spor-kulaklik","status":"publish","type":"product","link":"https:\/\/www.hediyepazar.com\/?product=sarj-kutulu-kablosuz-bluetooth-kulak-ici-spor-kulaklik","title":{"rendered":"\u015earj Kutulu Kablosuz Bluetooth Kulak \u0130\u00e7i Spor Kulakl\u0131k"},"content":{"rendered":"<p>Suya ve tere dayan\u0131kl\u0131 yap\u0131s\u0131 sayesinde spor yaparken, ko\u015farken ya da ya\u011fmurlu havalarda bile g\u00fcvenle kullan\u0131labilir. Profesyonel olarak kalibre edilmi\u015f ses bo\u015flu\u011fu, su ge\u00e7irmezli\u011fi art\u0131r\u0131rken cihaz\u0131n uzun \u00f6m\u00fcrl\u00fc olmas\u0131n\u0131 sa\u011flar. Dayan\u0131kl\u0131 yap\u0131s\u0131 ile zorlu ko\u015fullarda dahi performans\u0131ndan \u00f6d\u00fcn vermez.<\/p>\n","protected":false},"excerpt":{"rendered":"<p>Suya ve tere dayan\u0131kl\u0131 yap\u0131s\u0131 sayesinde spor yaparken, ko\u015farken ya da ya\u011fmurlu havalarda bile g\u00fcvenle kullan\u0131labilir. Profesyonel olarak kalibre edilmi\u015f ses bo\u015flu\u011fu, su ge\u00e7irmezli\u011fi art\u0131r\u0131rken cihaz\u0131n uzun \u00f6m\u00fcrl\u00fc olmas\u0131n\u0131 sa\u011flar. Dayan\u0131kl\u0131 yap\u0131s\u0131 ile zorlu ko\u015fullarda dahi performans\u0131ndan \u00f6d\u00fcn vermez.<\/p>\n","protected":false},"featured_media":115537,"comment_status":"open","ping_status":"closed","template":"","meta":{"_kad_post_transparent":"","_kad_post_title":"","_kad_post_layout":"","_kad_post_sidebar_id":"","_kad_post_content_style":"","_kad_post_vertical_padding":"","_kad_post_feature":"","_kad_post_feature_position":"","_kad_post_header":false,"_kad_post_footer":false,"_kad_post_classname":""},"product_brand":[],"product_cat":[14957],"product_tag":[],"class_list":{"0":"post-115538","1":"product","2":"type-product","3":"status-publish","4":"has-post-thumbnail","6":"product_cat-kablosuz-kulaklik-kablosuz-kulaklik","8":"first","9":"instock","10":"purchasable","11":"product-type-simple","12":"entry","13":"content-bg","14":"loop-entry"},"_links":{"self":[{"href":"https:\/\/www.hediyepazar.com\/index.php?rest_route=\/wp\/v2\/product\/115538","targetHints":{"allow":["GET"]}}],"collection":[{"href":"https:\/\/www.hediyepazar.com\/index.php?rest_route=\/wp\/v2\/product"}],"about":[{"href":"https:\/\/www.hediyepazar.com\/index.php?rest_route=\/wp\/v2\/types\/product"}],"replies":[{"embeddable":true,"href":"https:\/\/www.hediyepazar.com\/index.php?rest_route=%2Fwp%2Fv2%2Fcomments&post=115538"}],"wp:featuredmedia":[{"embeddable":true,"href":"https:\/\/www.hediyepazar.com\/index.php?rest_route=\/wp\/v2\/media\/115537"}],"wp:attachment":[{"href":"https:\/\/www.hediyepazar.com\/index.php?rest_route=%2Fwp%2Fv2%2Fmedia&parent=115538"}],"wp:term":[{"taxonomy":"product_brand","embeddable":true,"href":"https:\/\/www.hediyepazar.com\/index.php?rest_route=%2Fwp%2Fv2%2Fproduct_brand&post=115538"},{"taxonomy":"product_cat","embeddable":true,"href":"https:\/\/www.hediyepazar.com\/index.php?rest_route=%2Fwp%2Fv2%2Fproduct_cat&post=115538"},{"taxonomy":"product_tag","embeddable":true,"href":"https:\/\/www.hediyepazar.com\/index.php?rest_route=%2Fwp%2Fv2%2Fproduct_tag&post=115538"}],"curies":[{"name":"wp","href":"https:\/\/api.w.org\/{rel}","templated":true}]}}