{"id":115540,"date":"2026-05-05T15:06:26","date_gmt":"2026-05-05T18:06:26","guid":{"rendered":"https:\/\/www.hediyepazar.com\/?product=bluetooth-5-0-kulak-ici-kulaklik-mikrofonlu-kablosuz-model"},"modified":"2026-05-05T15:06:26","modified_gmt":"2026-05-05T18:06:26","slug":"bluetooth-5-0-kulak-ici-kulaklik-mikrofonlu-kablosuz-model","status":"publish","type":"product","link":"https:\/\/www.hediyepazar.com\/?product=bluetooth-5-0-kulak-ici-kulaklik-mikrofonlu-kablosuz-model","title":{"rendered":"Bluetooth 5.0 Kulak \u0130\u00e7i Kulakl\u0131k Mikrofonlu Kablosuz Model"},"content":{"rendered":"<p>400mAh dahili bataryaya sahip bu kulakl\u0131k, %100 ses seviyesinde dahi 8 saate kadar kesintisiz m\u00fczik veya g\u00f6r\u00fc\u015fme s\u00fcresi sunar. H\u0131zl\u0131 \u015farj \u00f6zelli\u011fi ile sadece 60 dakikada tam dolum yaparak tekrar kullan\u0131ma haz\u0131r hale gelir. Uzun s\u00fcreli pil \u00f6mr\u00fc sayesinde yan\u0131n\u0131zda \u015farj cihaz\u0131 ta\u015f\u0131ma derdini ortadan kald\u0131r\u0131r.<\/p>\n","protected":false},"excerpt":{"rendered":"<p>400mAh dahili bataryaya sahip bu kulakl\u0131k, %100 ses seviyesinde dahi 8 saate kadar kesintisiz m\u00fczik veya g\u00f6r\u00fc\u015fme s\u00fcresi sunar. H\u0131zl\u0131 \u015farj \u00f6zelli\u011fi ile sadece 60 dakikada tam dolum yaparak tekrar kullan\u0131ma haz\u0131r hale gelir. Uzun s\u00fcreli pil \u00f6mr\u00fc sayesinde yan\u0131n\u0131zda \u015farj cihaz\u0131 ta\u015f\u0131ma derdini ortadan kald\u0131r\u0131r.<\/p>\n","protected":false},"featured_media":115539,"comment_status":"open","ping_status":"closed","template":"","meta":{"_kad_post_transparent":"","_kad_post_title":"","_kad_post_layout":"","_kad_post_sidebar_id":"","_kad_post_content_style":"","_kad_post_vertical_padding":"","_kad_post_feature":"","_kad_post_feature_position":"","_kad_post_header":false,"_kad_post_footer":false,"_kad_post_classname":""},"product_brand":[],"product_cat":[14957],"product_tag":[],"class_list":{"0":"post-115540","1":"product","2":"type-product","3":"status-publish","4":"has-post-thumbnail","6":"product_cat-kablosuz-kulaklik-kablosuz-kulaklik","8":"first","9":"instock","10":"purchasable","11":"product-type-simple","12":"entry","13":"content-bg","14":"loop-entry"},"_links":{"self":[{"href":"https:\/\/www.hediyepazar.com\/index.php?rest_route=\/wp\/v2\/product\/115540","targetHints":{"allow":["GET"]}}],"collection":[{"href":"https:\/\/www.hediyepazar.com\/index.php?rest_route=\/wp\/v2\/product"}],"about":[{"href":"https:\/\/www.hediyepazar.com\/index.php?rest_route=\/wp\/v2\/types\/product"}],"replies":[{"embeddable":true,"href":"https:\/\/www.hediyepazar.com\/index.php?rest_route=%2Fwp%2Fv2%2Fcomments&post=115540"}],"wp:featuredmedia":[{"embeddable":true,"href":"https:\/\/www.hediyepazar.com\/index.php?rest_route=\/wp\/v2\/media\/115539"}],"wp:attachment":[{"href":"https:\/\/www.hediyepazar.com\/index.php?rest_route=%2Fwp%2Fv2%2Fmedia&parent=115540"}],"wp:term":[{"taxonomy":"product_brand","embeddable":true,"href":"https:\/\/www.hediyepazar.com\/index.php?rest_route=%2Fwp%2Fv2%2Fproduct_brand&post=115540"},{"taxonomy":"product_cat","embeddable":true,"href":"https:\/\/www.hediyepazar.com\/index.php?rest_route=%2Fwp%2Fv2%2Fproduct_cat&post=115540"},{"taxonomy":"product_tag","embeddable":true,"href":"https:\/\/www.hediyepazar.com\/index.php?rest_route=%2Fwp%2Fv2%2Fproduct_tag&post=115540"}],"curies":[{"name":"wp","href":"https:\/\/api.w.org\/{rel}","templated":true}]}}