{"id":115544,"date":"2026-05-05T15:06:36","date_gmt":"2026-05-05T18:06:36","guid":{"rendered":"https:\/\/www.hediyepazar.com\/?product=su-gecirmez-bluetooth-kulak-ici-kablosuz-kulaklik-400mah-pil"},"modified":"2026-05-05T15:06:36","modified_gmt":"2026-05-05T18:06:36","slug":"su-gecirmez-bluetooth-kulak-ici-kablosuz-kulaklik-400mah-pil","status":"publish","type":"product","link":"https:\/\/www.hediyepazar.com\/?product=su-gecirmez-bluetooth-kulak-ici-kablosuz-kulaklik-400mah-pil","title":{"rendered":"Su Ge\u00e7irmez Bluetooth Kulak \u0130\u00e7i Kablosuz Kulakl\u0131k 400mAh Pil"},"content":{"rendered":"<p>Kullan\u0131m\u0131 son derece kolay olan bu kulakl\u0131k, otomatik ba\u011flant\u0131 \u00f6zelli\u011fi sayesinde cihazlar\u0131n\u0131za saniyeler i\u00e7inde e\u015fle\u015fir. Tek tu\u015fla m\u00fczik \u00e7alabilir, duraklatabilir ya da gelen \u00e7a\u011fr\u0131lar\u0131 cevaplayabilirsiniz. Ayr\u0131ca kulakl\u0131klar ba\u011f\u0131ms\u0131z olarak da kullan\u0131labilir, b\u00f6ylece farkl\u0131 cihazlara ayn\u0131 anda ba\u011flanma imk\u00e2n\u0131 sunar. Pratik kullan\u0131m \u00f6zellikleri ile i\u015f, spor ve g\u00fcnl\u00fck ya\u015famda b\u00fcy\u00fck kolayl\u0131k sa\u011flar.<\/p>\n","protected":false},"excerpt":{"rendered":"<p>Kullan\u0131m\u0131 son derece kolay olan bu kulakl\u0131k, otomatik ba\u011flant\u0131 \u00f6zelli\u011fi sayesinde cihazlar\u0131n\u0131za saniyeler i\u00e7inde e\u015fle\u015fir. Tek tu\u015fla m\u00fczik \u00e7alabilir, duraklatabilir ya da gelen \u00e7a\u011fr\u0131lar\u0131 cevaplayabilirsiniz. Ayr\u0131ca kulakl\u0131klar ba\u011f\u0131ms\u0131z olarak da kullan\u0131labilir, b\u00f6ylece farkl\u0131 cihazlara ayn\u0131 anda ba\u011flanma imk\u00e2n\u0131 sunar. Pratik kullan\u0131m \u00f6zellikleri ile i\u015f, spor ve g\u00fcnl\u00fck ya\u015famda b\u00fcy\u00fck kolayl\u0131k sa\u011flar.<\/p>\n","protected":false},"featured_media":115543,"comment_status":"open","ping_status":"closed","template":"","meta":{"_kad_post_transparent":"","_kad_post_title":"","_kad_post_layout":"","_kad_post_sidebar_id":"","_kad_post_content_style":"","_kad_post_vertical_padding":"","_kad_post_feature":"","_kad_post_feature_position":"","_kad_post_header":false,"_kad_post_footer":false,"_kad_post_classname":""},"product_brand":[],"product_cat":[14957],"product_tag":[],"class_list":{"0":"post-115544","1":"product","2":"type-product","3":"status-publish","4":"has-post-thumbnail","6":"product_cat-kablosuz-kulaklik-kablosuz-kulaklik","8":"first","9":"instock","10":"purchasable","11":"product-type-simple","12":"entry","13":"content-bg","14":"loop-entry"},"_links":{"self":[{"href":"https:\/\/www.hediyepazar.com\/index.php?rest_route=\/wp\/v2\/product\/115544","targetHints":{"allow":["GET"]}}],"collection":[{"href":"https:\/\/www.hediyepazar.com\/index.php?rest_route=\/wp\/v2\/product"}],"about":[{"href":"https:\/\/www.hediyepazar.com\/index.php?rest_route=\/wp\/v2\/types\/product"}],"replies":[{"embeddable":true,"href":"https:\/\/www.hediyepazar.com\/index.php?rest_route=%2Fwp%2Fv2%2Fcomments&post=115544"}],"wp:featuredmedia":[{"embeddable":true,"href":"https:\/\/www.hediyepazar.com\/index.php?rest_route=\/wp\/v2\/media\/115543"}],"wp:attachment":[{"href":"https:\/\/www.hediyepazar.com\/index.php?rest_route=%2Fwp%2Fv2%2Fmedia&parent=115544"}],"wp:term":[{"taxonomy":"product_brand","embeddable":true,"href":"https:\/\/www.hediyepazar.com\/index.php?rest_route=%2Fwp%2Fv2%2Fproduct_brand&post=115544"},{"taxonomy":"product_cat","embeddable":true,"href":"https:\/\/www.hediyepazar.com\/index.php?rest_route=%2Fwp%2Fv2%2Fproduct_cat&post=115544"},{"taxonomy":"product_tag","embeddable":true,"href":"https:\/\/www.hediyepazar.com\/index.php?rest_route=%2Fwp%2Fv2%2Fproduct_tag&post=115544"}],"curies":[{"name":"wp","href":"https:\/\/api.w.org\/{rel}","templated":true}]}}