{"id":115550,"date":"2026-05-05T15:06:58","date_gmt":"2026-05-05T18:06:58","guid":{"rendered":"https:\/\/www.hediyepazar.com\/?product=ses-duyarli-mini-disko-kure-lamba"},"modified":"2026-05-05T15:06:58","modified_gmt":"2026-05-05T18:06:58","slug":"ses-duyarli-mini-disko-kure-lamba","status":"publish","type":"product","link":"https:\/\/www.hediyepazar.com\/?product=ses-duyarli-mini-disko-kure-lamba","title":{"rendered":"Ses Duyarl\u0131 Mini Disko K\u00fcre Lamba"},"content":{"rendered":"<p>M\u00fczi\u011fe duyarl\u0131 \u0131\u015f\u0131k teknolojisi ile donat\u0131lan bu \u00fcr\u00fcn, etkinliklerinizde enerji dolu bir atmosfer yarat\u0131r. Uzaktan kumanda sayesinde \u0131\u015f\u0131k modlar\u0131, renk se\u00e7enekleri ve h\u0131z ayarlar\u0131 kolayca yap\u0131labilir. \u00c7ocuk do\u011fum g\u00fcnlerinden d\u00fc\u011f\u00fcn organizasyonlar\u0131na kadar geni\u015f kullan\u0131m alan\u0131na sahiptir. ABS plastik g\u00f6vdesi k\u0131r\u0131lmalara kar\u015f\u0131 dayan\u0131kl\u0131d\u0131r.<\/p>\n","protected":false},"excerpt":{"rendered":"<p>M\u00fczi\u011fe duyarl\u0131 \u0131\u015f\u0131k teknolojisi ile donat\u0131lan bu \u00fcr\u00fcn, etkinliklerinizde enerji dolu bir atmosfer yarat\u0131r. Uzaktan kumanda sayesinde \u0131\u015f\u0131k modlar\u0131, renk se\u00e7enekleri ve h\u0131z ayarlar\u0131 kolayca yap\u0131labilir. \u00c7ocuk do\u011fum g\u00fcnlerinden d\u00fc\u011f\u00fcn organizasyonlar\u0131na kadar geni\u015f kullan\u0131m alan\u0131na sahiptir. ABS plastik g\u00f6vdesi k\u0131r\u0131lmalara kar\u015f\u0131 dayan\u0131kl\u0131d\u0131r.<\/p>\n","protected":false},"featured_media":115549,"comment_status":"open","ping_status":"closed","template":"","meta":{"_kad_post_transparent":"","_kad_post_title":"","_kad_post_layout":"","_kad_post_sidebar_id":"","_kad_post_content_style":"","_kad_post_vertical_padding":"","_kad_post_feature":"","_kad_post_feature_position":"","_kad_post_header":false,"_kad_post_footer":false,"_kad_post_classname":""},"product_brand":[],"product_cat":[14967],"product_tag":[],"class_list":{"0":"post-115550","1":"product","2":"type-product","3":"status-publish","4":"has-post-thumbnail","6":"product_cat-gece-lambasi-gece-lambasi","8":"first","9":"instock","10":"purchasable","11":"product-type-simple","12":"entry","13":"content-bg","14":"loop-entry"},"_links":{"self":[{"href":"https:\/\/www.hediyepazar.com\/index.php?rest_route=\/wp\/v2\/product\/115550","targetHints":{"allow":["GET"]}}],"collection":[{"href":"https:\/\/www.hediyepazar.com\/index.php?rest_route=\/wp\/v2\/product"}],"about":[{"href":"https:\/\/www.hediyepazar.com\/index.php?rest_route=\/wp\/v2\/types\/product"}],"replies":[{"embeddable":true,"href":"https:\/\/www.hediyepazar.com\/index.php?rest_route=%2Fwp%2Fv2%2Fcomments&post=115550"}],"wp:featuredmedia":[{"embeddable":true,"href":"https:\/\/www.hediyepazar.com\/index.php?rest_route=\/wp\/v2\/media\/115549"}],"wp:attachment":[{"href":"https:\/\/www.hediyepazar.com\/index.php?rest_route=%2Fwp%2Fv2%2Fmedia&parent=115550"}],"wp:term":[{"taxonomy":"product_brand","embeddable":true,"href":"https:\/\/www.hediyepazar.com\/index.php?rest_route=%2Fwp%2Fv2%2Fproduct_brand&post=115550"},{"taxonomy":"product_cat","embeddable":true,"href":"https:\/\/www.hediyepazar.com\/index.php?rest_route=%2Fwp%2Fv2%2Fproduct_cat&post=115550"},{"taxonomy":"product_tag","embeddable":true,"href":"https:\/\/www.hediyepazar.com\/index.php?rest_route=%2Fwp%2Fv2%2Fproduct_tag&post=115550"}],"curies":[{"name":"wp","href":"https:\/\/api.w.org\/{rel}","templated":true}]}}