{"id":115552,"date":"2026-05-05T15:07:03","date_gmt":"2026-05-05T18:07:03","guid":{"rendered":"https:\/\/www.hediyepazar.com\/?product=uzaktan-kumandali-rgb-disko-projektor-isigi"},"modified":"2026-05-05T15:07:03","modified_gmt":"2026-05-05T18:07:03","slug":"uzaktan-kumandali-rgb-disko-projektor-isigi","status":"publish","type":"product","link":"https:\/\/www.hediyepazar.com\/?product=uzaktan-kumandali-rgb-disko-projektor-isigi","title":{"rendered":"Uzaktan Kumandal\u0131 RGB Disko Projekt\u00f6r I\u015f\u0131\u011f\u0131"},"content":{"rendered":"<p>RGB k\u00fcre \u0131\u015f\u0131k, 360\u00b0 d\u00f6ner yap\u0131s\u0131 ve \u00e7oklu renk kombinasyonlar\u0131 ile dans eden g\u00f6lgeler ve renk oyunlar\u0131 yarat\u0131r. \u00d6zellikle DJ performanslar\u0131, karaoke partileri, ev e\u011flenceleri ve \u00f6zel g\u00fcn kutlamalar\u0131 i\u00e7in idealdir. K\u00fc\u00e7\u00fck boyutlar\u0131na ra\u011fmen b\u00fcy\u00fck bir alanda etkili ayd\u0131nlatma sa\u011flar. Tak-\u00e7al\u0131\u015ft\u0131r \u00f6zelli\u011fi ile kullan\u0131m\u0131 olduk\u00e7a pratiktir.<\/p>\n","protected":false},"excerpt":{"rendered":"<p>RGB k\u00fcre \u0131\u015f\u0131k, 360\u00b0 d\u00f6ner yap\u0131s\u0131 ve \u00e7oklu renk kombinasyonlar\u0131 ile dans eden g\u00f6lgeler ve renk oyunlar\u0131 yarat\u0131r. \u00d6zellikle DJ performanslar\u0131, karaoke partileri, ev e\u011flenceleri ve \u00f6zel g\u00fcn kutlamalar\u0131 i\u00e7in idealdir. K\u00fc\u00e7\u00fck boyutlar\u0131na ra\u011fmen b\u00fcy\u00fck bir alanda etkili ayd\u0131nlatma sa\u011flar. Tak-\u00e7al\u0131\u015ft\u0131r \u00f6zelli\u011fi ile kullan\u0131m\u0131 olduk\u00e7a pratiktir.<\/p>\n","protected":false},"featured_media":115551,"comment_status":"open","ping_status":"closed","template":"","meta":{"_kad_post_transparent":"","_kad_post_title":"","_kad_post_layout":"","_kad_post_sidebar_id":"","_kad_post_content_style":"","_kad_post_vertical_padding":"","_kad_post_feature":"","_kad_post_feature_position":"","_kad_post_header":false,"_kad_post_footer":false,"_kad_post_classname":""},"product_brand":[],"product_cat":[14967],"product_tag":[],"class_list":{"0":"post-115552","1":"product","2":"type-product","3":"status-publish","4":"has-post-thumbnail","6":"product_cat-gece-lambasi-gece-lambasi","8":"first","9":"instock","10":"purchasable","11":"product-type-simple","12":"entry","13":"content-bg","14":"loop-entry"},"_links":{"self":[{"href":"https:\/\/www.hediyepazar.com\/index.php?rest_route=\/wp\/v2\/product\/115552","targetHints":{"allow":["GET"]}}],"collection":[{"href":"https:\/\/www.hediyepazar.com\/index.php?rest_route=\/wp\/v2\/product"}],"about":[{"href":"https:\/\/www.hediyepazar.com\/index.php?rest_route=\/wp\/v2\/types\/product"}],"replies":[{"embeddable":true,"href":"https:\/\/www.hediyepazar.com\/index.php?rest_route=%2Fwp%2Fv2%2Fcomments&post=115552"}],"wp:featuredmedia":[{"embeddable":true,"href":"https:\/\/www.hediyepazar.com\/index.php?rest_route=\/wp\/v2\/media\/115551"}],"wp:attachment":[{"href":"https:\/\/www.hediyepazar.com\/index.php?rest_route=%2Fwp%2Fv2%2Fmedia&parent=115552"}],"wp:term":[{"taxonomy":"product_brand","embeddable":true,"href":"https:\/\/www.hediyepazar.com\/index.php?rest_route=%2Fwp%2Fv2%2Fproduct_brand&post=115552"},{"taxonomy":"product_cat","embeddable":true,"href":"https:\/\/www.hediyepazar.com\/index.php?rest_route=%2Fwp%2Fv2%2Fproduct_cat&post=115552"},{"taxonomy":"product_tag","embeddable":true,"href":"https:\/\/www.hediyepazar.com\/index.php?rest_route=%2Fwp%2Fv2%2Fproduct_tag&post=115552"}],"curies":[{"name":"wp","href":"https:\/\/api.w.org\/{rel}","templated":true}]}}