{"id":115554,"date":"2026-05-05T15:07:08","date_gmt":"2026-05-05T18:07:08","guid":{"rendered":"https:\/\/www.hediyepazar.com\/?product=3-renk-7-mod-doner-disko-topu-isik"},"modified":"2026-05-05T15:07:08","modified_gmt":"2026-05-05T18:07:08","slug":"3-renk-7-mod-doner-disko-topu-isik","status":"publish","type":"product","link":"https:\/\/www.hediyepazar.com\/?product=3-renk-7-mod-doner-disko-topu-isik","title":{"rendered":"3 Renk 7 Mod D\u00f6ner Disko Topu I\u015f\u0131k"},"content":{"rendered":"<p>Parti \u0131\u015f\u0131\u011f\u0131, yaln\u0131zca e\u011flencelerde de\u011fil dekoratif ama\u00e7larla da kullan\u0131labilir. \u00c7ocuk odalar\u0131nda, kafelerde veya k\u00fc\u00e7\u00fck etkinliklerde ambiyans ayd\u0131nlatmas\u0131 olarak tercih edilebilir. Enerji tasarruflu yap\u0131s\u0131 sayesinde uzun s\u00fcreli kullan\u0131mda d\u00fc\u015f\u00fck elektrik t\u00fcketir. Montaj aparat\u0131 ve sabitleme braketleriyle birlikte gelir; masaya, dolaba ya da tavana kolayca monte edilebilir.<\/p>\n","protected":false},"excerpt":{"rendered":"<p>Parti \u0131\u015f\u0131\u011f\u0131, yaln\u0131zca e\u011flencelerde de\u011fil dekoratif ama\u00e7larla da kullan\u0131labilir. \u00c7ocuk odalar\u0131nda, kafelerde veya k\u00fc\u00e7\u00fck etkinliklerde ambiyans ayd\u0131nlatmas\u0131 olarak tercih edilebilir. Enerji tasarruflu yap\u0131s\u0131 sayesinde uzun s\u00fcreli kullan\u0131mda d\u00fc\u015f\u00fck elektrik t\u00fcketir. Montaj aparat\u0131 ve sabitleme braketleriyle birlikte gelir; masaya, dolaba ya da tavana kolayca monte edilebilir.<\/p>\n","protected":false},"featured_media":115553,"comment_status":"open","ping_status":"closed","template":"","meta":{"_kad_post_transparent":"","_kad_post_title":"","_kad_post_layout":"","_kad_post_sidebar_id":"","_kad_post_content_style":"","_kad_post_vertical_padding":"","_kad_post_feature":"","_kad_post_feature_position":"","_kad_post_header":false,"_kad_post_footer":false,"_kad_post_classname":""},"product_brand":[],"product_cat":[14967],"product_tag":[],"class_list":{"0":"post-115554","1":"product","2":"type-product","3":"status-publish","4":"has-post-thumbnail","6":"product_cat-gece-lambasi-gece-lambasi","8":"first","9":"instock","10":"purchasable","11":"product-type-simple","12":"entry","13":"content-bg","14":"loop-entry"},"_links":{"self":[{"href":"https:\/\/www.hediyepazar.com\/index.php?rest_route=\/wp\/v2\/product\/115554","targetHints":{"allow":["GET"]}}],"collection":[{"href":"https:\/\/www.hediyepazar.com\/index.php?rest_route=\/wp\/v2\/product"}],"about":[{"href":"https:\/\/www.hediyepazar.com\/index.php?rest_route=\/wp\/v2\/types\/product"}],"replies":[{"embeddable":true,"href":"https:\/\/www.hediyepazar.com\/index.php?rest_route=%2Fwp%2Fv2%2Fcomments&post=115554"}],"wp:featuredmedia":[{"embeddable":true,"href":"https:\/\/www.hediyepazar.com\/index.php?rest_route=\/wp\/v2\/media\/115553"}],"wp:attachment":[{"href":"https:\/\/www.hediyepazar.com\/index.php?rest_route=%2Fwp%2Fv2%2Fmedia&parent=115554"}],"wp:term":[{"taxonomy":"product_brand","embeddable":true,"href":"https:\/\/www.hediyepazar.com\/index.php?rest_route=%2Fwp%2Fv2%2Fproduct_brand&post=115554"},{"taxonomy":"product_cat","embeddable":true,"href":"https:\/\/www.hediyepazar.com\/index.php?rest_route=%2Fwp%2Fv2%2Fproduct_cat&post=115554"},{"taxonomy":"product_tag","embeddable":true,"href":"https:\/\/www.hediyepazar.com\/index.php?rest_route=%2Fwp%2Fv2%2Fproduct_tag&post=115554"}],"curies":[{"name":"wp","href":"https:\/\/api.w.org\/{rel}","templated":true}]}}