{"id":115556,"date":"2026-05-05T15:07:13","date_gmt":"2026-05-05T18:07:13","guid":{"rendered":"https:\/\/www.hediyepazar.com\/?product=muzik-sensorlu-renkli-led-parti-isigi"},"modified":"2026-05-05T15:07:13","modified_gmt":"2026-05-05T18:07:13","slug":"muzik-sensorlu-renkli-led-parti-isigi","status":"publish","type":"product","link":"https:\/\/www.hediyepazar.com\/?product=muzik-sensorlu-renkli-led-parti-isigi","title":{"rendered":"M\u00fczik Sens\u00f6rl\u00fc Renkli LED Parti I\u015f\u0131\u011f\u0131"},"content":{"rendered":"<p>Bu LED disko \u0131\u015f\u0131\u011f\u0131, k\u00fc\u00e7\u00fck boyutuna ra\u011fmen g\u00fc\u00e7l\u00fc bir etki sunar. 7 farkl\u0131 \u0131\u015f\u0131k modu ile ister sakin bir atmosfer olu\u015fturabilir ister dans pistinizi renklendirebilirsiniz. Ses sens\u00f6r\u00fc, m\u00fczik ritmine g\u00f6re \u0131\u015f\u0131klar\u0131n senkronize olmas\u0131n\u0131 sa\u011flar. ABS malzemeden \u00fcretilmi\u015f sa\u011flam yap\u0131s\u0131 sayesinde uzun \u00f6m\u00fcrl\u00fcd\u00fcr. Hafif ve ta\u015f\u0131nabilir olmas\u0131, her mek\u00e2na kolayca uyum sa\u011flar.<\/p>\n","protected":false},"excerpt":{"rendered":"<p>Bu LED disko \u0131\u015f\u0131\u011f\u0131, k\u00fc\u00e7\u00fck boyutuna ra\u011fmen g\u00fc\u00e7l\u00fc bir etki sunar. 7 farkl\u0131 \u0131\u015f\u0131k modu ile ister sakin bir atmosfer olu\u015fturabilir ister dans pistinizi renklendirebilirsiniz. Ses sens\u00f6r\u00fc, m\u00fczik ritmine g\u00f6re \u0131\u015f\u0131klar\u0131n senkronize olmas\u0131n\u0131 sa\u011flar. ABS malzemeden \u00fcretilmi\u015f sa\u011flam yap\u0131s\u0131 sayesinde uzun \u00f6m\u00fcrl\u00fcd\u00fcr. Hafif ve ta\u015f\u0131nabilir olmas\u0131, her mek\u00e2na kolayca uyum sa\u011flar.<\/p>\n","protected":false},"featured_media":115555,"comment_status":"open","ping_status":"closed","template":"","meta":{"_kad_post_transparent":"","_kad_post_title":"","_kad_post_layout":"","_kad_post_sidebar_id":"","_kad_post_content_style":"","_kad_post_vertical_padding":"","_kad_post_feature":"","_kad_post_feature_position":"","_kad_post_header":false,"_kad_post_footer":false,"_kad_post_classname":""},"product_brand":[],"product_cat":[14967],"product_tag":[],"class_list":{"0":"post-115556","1":"product","2":"type-product","3":"status-publish","4":"has-post-thumbnail","6":"product_cat-gece-lambasi-gece-lambasi","8":"first","9":"instock","10":"purchasable","11":"product-type-simple","12":"entry","13":"content-bg","14":"loop-entry"},"_links":{"self":[{"href":"https:\/\/www.hediyepazar.com\/index.php?rest_route=\/wp\/v2\/product\/115556","targetHints":{"allow":["GET"]}}],"collection":[{"href":"https:\/\/www.hediyepazar.com\/index.php?rest_route=\/wp\/v2\/product"}],"about":[{"href":"https:\/\/www.hediyepazar.com\/index.php?rest_route=\/wp\/v2\/types\/product"}],"replies":[{"embeddable":true,"href":"https:\/\/www.hediyepazar.com\/index.php?rest_route=%2Fwp%2Fv2%2Fcomments&post=115556"}],"wp:featuredmedia":[{"embeddable":true,"href":"https:\/\/www.hediyepazar.com\/index.php?rest_route=\/wp\/v2\/media\/115555"}],"wp:attachment":[{"href":"https:\/\/www.hediyepazar.com\/index.php?rest_route=%2Fwp%2Fv2%2Fmedia&parent=115556"}],"wp:term":[{"taxonomy":"product_brand","embeddable":true,"href":"https:\/\/www.hediyepazar.com\/index.php?rest_route=%2Fwp%2Fv2%2Fproduct_brand&post=115556"},{"taxonomy":"product_cat","embeddable":true,"href":"https:\/\/www.hediyepazar.com\/index.php?rest_route=%2Fwp%2Fv2%2Fproduct_cat&post=115556"},{"taxonomy":"product_tag","embeddable":true,"href":"https:\/\/www.hediyepazar.com\/index.php?rest_route=%2Fwp%2Fv2%2Fproduct_tag&post=115556"}],"curies":[{"name":"wp","href":"https:\/\/api.w.org\/{rel}","templated":true}]}}