{"id":115558,"date":"2026-05-05T15:07:17","date_gmt":"2026-05-05T18:07:17","guid":{"rendered":"https:\/\/www.hediyepazar.com\/?product=rgb-led-disko-kuresi-7-modlu-uzaktan-kumandali"},"modified":"2026-05-05T15:07:17","modified_gmt":"2026-05-05T18:07:17","slug":"rgb-led-disko-kuresi-7-modlu-uzaktan-kumandali","status":"publish","type":"product","link":"https:\/\/www.hediyepazar.com\/?product=rgb-led-disko-kuresi-7-modlu-uzaktan-kumandali","title":{"rendered":"RGB LED Disko K\u00fcresi 7 Modlu Uzaktan Kumandal\u0131"},"content":{"rendered":"<p>3 renk ve 7 \u0131\u015f\u0131k modu ile donat\u0131lm\u0131\u015f bu RGB LED disko k\u00fcresi, bulundu\u011funuz her ortam\u0131 parti havas\u0131na sokar. K\u0131rm\u0131z\u0131, ye\u015fil ve mavi ana renkleri farkl\u0131 kombinasyonlarda kullanarak b\u00fcy\u00fcleyici bir \u0131\u015f\u0131k \u015f\u00f6leni elde edebilirsiniz. M\u00fczi\u011fe duyarl\u0131 sens\u00f6r\u00fc sayesinde \u0131\u015f\u0131klar ritme g\u00f6re hareket eder ve e\u011flencenizi g\u00f6rsel bir \u015f\u00f6lene d\u00f6n\u00fc\u015ft\u00fcr\u00fcr. Uzaktan kumandas\u0131 ile kolay kontrol imk\u00e2n\u0131 sunar. Do\u011fum g\u00fcn\u00fc, y\u0131lba\u015f\u0131, d\u00fc\u011f\u00fcn veya ev partilerinde m\u00fckemmel sahne efekti sa\u011flar.<\/p>\n","protected":false},"excerpt":{"rendered":"<p>3 renk ve 7 \u0131\u015f\u0131k modu ile donat\u0131lm\u0131\u015f bu RGB LED disko k\u00fcresi, bulundu\u011funuz her ortam\u0131 parti havas\u0131na sokar. K\u0131rm\u0131z\u0131, ye\u015fil ve mavi ana renkleri farkl\u0131 kombinasyonlarda kullanarak b\u00fcy\u00fcleyici bir \u0131\u015f\u0131k \u015f\u00f6leni elde edebilirsiniz. M\u00fczi\u011fe duyarl\u0131 sens\u00f6r\u00fc sayesinde \u0131\u015f\u0131klar ritme g\u00f6re hareket eder ve e\u011flencenizi g\u00f6rsel bir \u015f\u00f6lene d\u00f6n\u00fc\u015ft\u00fcr\u00fcr. Uzaktan kumandas\u0131 ile kolay kontrol imk\u00e2n\u0131&#8230;<\/p>\n","protected":false},"featured_media":115557,"comment_status":"open","ping_status":"closed","template":"","meta":{"_kad_post_transparent":"","_kad_post_title":"","_kad_post_layout":"","_kad_post_sidebar_id":"","_kad_post_content_style":"","_kad_post_vertical_padding":"","_kad_post_feature":"","_kad_post_feature_position":"","_kad_post_header":false,"_kad_post_footer":false,"_kad_post_classname":""},"product_brand":[],"product_cat":[14967],"product_tag":[],"class_list":{"0":"post-115558","1":"product","2":"type-product","3":"status-publish","4":"has-post-thumbnail","6":"product_cat-gece-lambasi-gece-lambasi","8":"first","9":"instock","10":"purchasable","11":"product-type-simple","12":"entry","13":"content-bg","14":"loop-entry"},"_links":{"self":[{"href":"https:\/\/www.hediyepazar.com\/index.php?rest_route=\/wp\/v2\/product\/115558","targetHints":{"allow":["GET"]}}],"collection":[{"href":"https:\/\/www.hediyepazar.com\/index.php?rest_route=\/wp\/v2\/product"}],"about":[{"href":"https:\/\/www.hediyepazar.com\/index.php?rest_route=\/wp\/v2\/types\/product"}],"replies":[{"embeddable":true,"href":"https:\/\/www.hediyepazar.com\/index.php?rest_route=%2Fwp%2Fv2%2Fcomments&post=115558"}],"wp:featuredmedia":[{"embeddable":true,"href":"https:\/\/www.hediyepazar.com\/index.php?rest_route=\/wp\/v2\/media\/115557"}],"wp:attachment":[{"href":"https:\/\/www.hediyepazar.com\/index.php?rest_route=%2Fwp%2Fv2%2Fmedia&parent=115558"}],"wp:term":[{"taxonomy":"product_brand","embeddable":true,"href":"https:\/\/www.hediyepazar.com\/index.php?rest_route=%2Fwp%2Fv2%2Fproduct_brand&post=115558"},{"taxonomy":"product_cat","embeddable":true,"href":"https:\/\/www.hediyepazar.com\/index.php?rest_route=%2Fwp%2Fv2%2Fproduct_cat&post=115558"},{"taxonomy":"product_tag","embeddable":true,"href":"https:\/\/www.hediyepazar.com\/index.php?rest_route=%2Fwp%2Fv2%2Fproduct_tag&post=115558"}],"curies":[{"name":"wp","href":"https:\/\/api.w.org\/{rel}","templated":true}]}}