{"id":115560,"date":"2026-05-05T15:07:58","date_gmt":"2026-05-05T18:07:58","guid":{"rendered":"https:\/\/www.hediyepazar.com\/?product=suya-dayanikli-4-modlu-mini-led-el-feneri"},"modified":"2026-05-05T15:07:58","modified_gmt":"2026-05-05T18:07:58","slug":"suya-dayanikli-4-modlu-mini-led-el-feneri","status":"publish","type":"product","link":"https:\/\/www.hediyepazar.com\/?product=suya-dayanikli-4-modlu-mini-led-el-feneri","title":{"rendered":"Suya Dayan\u0131kl\u0131 4 Modlu Mini LED El Feneri"},"content":{"rendered":"<p>2000 l\u00fcmen LED g\u00fcc\u00fcyle donat\u0131lm\u0131\u015f bu \u015farjl\u0131 mini el feneri, g\u00fcnl\u00fck ya\u015famdan outdoor etkinliklere kadar her yerde g\u00fcvenilir \u0131\u015f\u0131k kayna\u011f\u0131d\u0131r. Al\u00fcminyum ala\u015f\u0131m g\u00f6vdesi hafif, dayan\u0131kl\u0131 ve \u015f\u0131k bir tasar\u0131m sunar. Su ge\u00e7irmez \u00f6zelli\u011fi sayesinde ya\u011fmur alt\u0131nda dahi sorunsuz \u015fekilde kullan\u0131labilir. Odak ayar\u0131 yap\u0131labilen d\u0131\u015fb\u00fckey lens, farkl\u0131 mesafelere g\u00f6re \u0131\u015f\u0131\u011f\u0131 yo\u011funla\u015ft\u0131r\u0131r. Fenerde y\u00fcksek, d\u00fc\u015f\u00fck, strobe ve COB olmak \u00fczere 4 farkl\u0131 \u0131\u015f\u0131k modu bulunur. Arka d\u00fc\u011fmesi ile kolay kontrol sa\u011flan\u0131r. 14500 \u015farjl\u0131 pil ile uzun s\u00fcreli kullan\u0131m sunarken, klips sayesinde kemere veya \u00e7antaya tak\u0131larak pratik ta\u015f\u0131nabilirlik sa\u011flar. Acil durumlar, elektrik kesintileri, kamp ve spor aktiviteleri i\u00e7in ideal bir se\u00e7imdir.<\/p>\n","protected":false},"excerpt":{"rendered":"<p>2000 l\u00fcmen LED g\u00fcc\u00fcyle donat\u0131lm\u0131\u015f bu \u015farjl\u0131 mini el feneri, g\u00fcnl\u00fck ya\u015famdan outdoor etkinliklere kadar her yerde g\u00fcvenilir \u0131\u015f\u0131k kayna\u011f\u0131d\u0131r. Al\u00fcminyum ala\u015f\u0131m g\u00f6vdesi hafif, dayan\u0131kl\u0131 ve \u015f\u0131k bir tasar\u0131m sunar. Su ge\u00e7irmez \u00f6zelli\u011fi sayesinde ya\u011fmur alt\u0131nda dahi sorunsuz \u015fekilde kullan\u0131labilir. Odak ayar\u0131 yap\u0131labilen d\u0131\u015fb\u00fckey lens, farkl\u0131 mesafelere g\u00f6re \u0131\u015f\u0131\u011f\u0131 yo\u011funla\u015ft\u0131r\u0131r. Fenerde y\u00fcksek, d\u00fc\u015f\u00fck, strobe ve&#8230;<\/p>\n","protected":false},"featured_media":115559,"comment_status":"open","ping_status":"closed","template":"","meta":{"_kad_post_transparent":"","_kad_post_title":"","_kad_post_layout":"","_kad_post_sidebar_id":"","_kad_post_content_style":"","_kad_post_vertical_padding":"","_kad_post_feature":"","_kad_post_feature_position":"","_kad_post_header":false,"_kad_post_footer":false,"_kad_post_classname":""},"product_brand":[],"product_cat":[14977],"product_tag":[],"class_list":{"0":"post-115560","1":"product","2":"type-product","3":"status-publish","4":"has-post-thumbnail","6":"product_cat-kamp-lambasi-kamp-lambasi","8":"first","9":"instock","10":"purchasable","11":"product-type-simple","12":"entry","13":"content-bg","14":"loop-entry"},"_links":{"self":[{"href":"https:\/\/www.hediyepazar.com\/index.php?rest_route=\/wp\/v2\/product\/115560","targetHints":{"allow":["GET"]}}],"collection":[{"href":"https:\/\/www.hediyepazar.com\/index.php?rest_route=\/wp\/v2\/product"}],"about":[{"href":"https:\/\/www.hediyepazar.com\/index.php?rest_route=\/wp\/v2\/types\/product"}],"replies":[{"embeddable":true,"href":"https:\/\/www.hediyepazar.com\/index.php?rest_route=%2Fwp%2Fv2%2Fcomments&post=115560"}],"wp:featuredmedia":[{"embeddable":true,"href":"https:\/\/www.hediyepazar.com\/index.php?rest_route=\/wp\/v2\/media\/115559"}],"wp:attachment":[{"href":"https:\/\/www.hediyepazar.com\/index.php?rest_route=%2Fwp%2Fv2%2Fmedia&parent=115560"}],"wp:term":[{"taxonomy":"product_brand","embeddable":true,"href":"https:\/\/www.hediyepazar.com\/index.php?rest_route=%2Fwp%2Fv2%2Fproduct_brand&post=115560"},{"taxonomy":"product_cat","embeddable":true,"href":"https:\/\/www.hediyepazar.com\/index.php?rest_route=%2Fwp%2Fv2%2Fproduct_cat&post=115560"},{"taxonomy":"product_tag","embeddable":true,"href":"https:\/\/www.hediyepazar.com\/index.php?rest_route=%2Fwp%2Fv2%2Fproduct_tag&post=115560"}],"curies":[{"name":"wp","href":"https:\/\/api.w.org\/{rel}","templated":true}]}}