{"id":115562,"date":"2026-05-05T15:08:03","date_gmt":"2026-05-05T18:08:03","guid":{"rendered":"https:\/\/www.hediyepazar.com\/?product=odak-ayarli-2000-lumen-sarjli-led-el-feneri"},"modified":"2026-05-05T15:08:03","modified_gmt":"2026-05-05T18:08:03","slug":"odak-ayarli-2000-lumen-sarjli-led-el-feneri","status":"publish","type":"product","link":"https:\/\/www.hediyepazar.com\/?product=odak-ayarli-2000-lumen-sarjli-led-el-feneri","title":{"rendered":"Odak Ayarl\u0131 2000 L\u00fcmen \u015earjl\u0131 LED El Feneri"},"content":{"rendered":"<p>Bu mini LED el feneri, k\u00fc\u00e7\u00fck boyutuna ra\u011fmen g\u00fc\u00e7l\u00fc 2000 l\u00fcmen \u0131\u015f\u0131k \u00e7\u0131k\u0131\u015f\u0131 ile dikkat \u00e7eker. Al\u00fcminyum g\u00f6vdesi sayesinde darbelere kar\u015f\u0131 dayan\u0131kl\u0131 ve uzun \u00f6m\u00fcrl\u00fcd\u00fcr. Kaymaz y\u00fczeyi, elinizden kaymadan g\u00fcvenli kullan\u0131m sa\u011flar. Suya dayan\u0131kl\u0131 yap\u0131s\u0131 ile kamp, trekking, avc\u0131l\u0131k ve bal\u0131k\u00e7\u0131l\u0131k gibi aktivitelerde g\u00f6n\u00fcl rahatl\u0131\u011f\u0131yla kullan\u0131labilir. D\u0131\u015fb\u00fckey lens, \u0131\u015f\u0131\u011f\u0131n odak noktas\u0131n\u0131 ayarlaman\u0131za imkan tan\u0131r. 4 modlu ayd\u0131nlatma \u00f6zelli\u011fi ile her durumda ihtiyac\u0131n\u0131za uygun parlakl\u0131\u011f\u0131 se\u00e7ebilirsiniz. 14500 \u015farjl\u0131 pili uzun s\u00fcreli kullan\u0131m imkan\u0131 tan\u0131rken, ta\u015f\u0131ma klipsi ile cebinizde veya \u00e7antan\u0131zda kolayca ta\u015f\u0131yabilirsiniz.<\/p>\n","protected":false},"excerpt":{"rendered":"<p>Bu mini LED el feneri, k\u00fc\u00e7\u00fck boyutuna ra\u011fmen g\u00fc\u00e7l\u00fc 2000 l\u00fcmen \u0131\u015f\u0131k \u00e7\u0131k\u0131\u015f\u0131 ile dikkat \u00e7eker. Al\u00fcminyum g\u00f6vdesi sayesinde darbelere kar\u015f\u0131 dayan\u0131kl\u0131 ve uzun \u00f6m\u00fcrl\u00fcd\u00fcr. Kaymaz y\u00fczeyi, elinizden kaymadan g\u00fcvenli kullan\u0131m sa\u011flar. Suya dayan\u0131kl\u0131 yap\u0131s\u0131 ile kamp, trekking, avc\u0131l\u0131k ve bal\u0131k\u00e7\u0131l\u0131k gibi aktivitelerde g\u00f6n\u00fcl rahatl\u0131\u011f\u0131yla kullan\u0131labilir. D\u0131\u015fb\u00fckey lens, \u0131\u015f\u0131\u011f\u0131n odak noktas\u0131n\u0131 ayarlaman\u0131za imkan tan\u0131r. 4&#8230;<\/p>\n","protected":false},"featured_media":115561,"comment_status":"open","ping_status":"closed","template":"","meta":{"_kad_post_transparent":"","_kad_post_title":"","_kad_post_layout":"","_kad_post_sidebar_id":"","_kad_post_content_style":"","_kad_post_vertical_padding":"","_kad_post_feature":"","_kad_post_feature_position":"","_kad_post_header":false,"_kad_post_footer":false,"_kad_post_classname":""},"product_brand":[],"product_cat":[14977],"product_tag":[],"class_list":{"0":"post-115562","1":"product","2":"type-product","3":"status-publish","4":"has-post-thumbnail","6":"product_cat-kamp-lambasi-kamp-lambasi","8":"first","9":"instock","10":"purchasable","11":"product-type-simple","12":"entry","13":"content-bg","14":"loop-entry"},"_links":{"self":[{"href":"https:\/\/www.hediyepazar.com\/index.php?rest_route=\/wp\/v2\/product\/115562","targetHints":{"allow":["GET"]}}],"collection":[{"href":"https:\/\/www.hediyepazar.com\/index.php?rest_route=\/wp\/v2\/product"}],"about":[{"href":"https:\/\/www.hediyepazar.com\/index.php?rest_route=\/wp\/v2\/types\/product"}],"replies":[{"embeddable":true,"href":"https:\/\/www.hediyepazar.com\/index.php?rest_route=%2Fwp%2Fv2%2Fcomments&post=115562"}],"wp:featuredmedia":[{"embeddable":true,"href":"https:\/\/www.hediyepazar.com\/index.php?rest_route=\/wp\/v2\/media\/115561"}],"wp:attachment":[{"href":"https:\/\/www.hediyepazar.com\/index.php?rest_route=%2Fwp%2Fv2%2Fmedia&parent=115562"}],"wp:term":[{"taxonomy":"product_brand","embeddable":true,"href":"https:\/\/www.hediyepazar.com\/index.php?rest_route=%2Fwp%2Fv2%2Fproduct_brand&post=115562"},{"taxonomy":"product_cat","embeddable":true,"href":"https:\/\/www.hediyepazar.com\/index.php?rest_route=%2Fwp%2Fv2%2Fproduct_cat&post=115562"},{"taxonomy":"product_tag","embeddable":true,"href":"https:\/\/www.hediyepazar.com\/index.php?rest_route=%2Fwp%2Fv2%2Fproduct_tag&post=115562"}],"curies":[{"name":"wp","href":"https:\/\/api.w.org\/{rel}","templated":true}]}}