{"id":115568,"date":"2026-05-05T15:08:17","date_gmt":"2026-05-05T18:08:17","guid":{"rendered":"https:\/\/www.hediyepazar.com\/?product=4-modlu-usb-sarjli-led-el-feneri-kamp-ve-outdoor"},"modified":"2026-05-05T15:08:17","modified_gmt":"2026-05-05T18:08:17","slug":"4-modlu-usb-sarjli-led-el-feneri-kamp-ve-outdoor","status":"publish","type":"product","link":"https:\/\/www.hediyepazar.com\/?product=4-modlu-usb-sarjli-led-el-feneri-kamp-ve-outdoor","title":{"rendered":"4 Modlu USB \u015earjl\u0131 LED El Feneri Kamp ve Outdoor"},"content":{"rendered":"<p>Kompakt tasar\u0131m\u0131yla \u00f6ne \u00e7\u0131kan bu mini LED el feneri, g\u00fc\u00e7l\u00fc 2000 l\u00fcmen \u0131\u015f\u0131k kapasitesi ile karanl\u0131kta ihtiyac\u0131n\u0131z olan her yerde yan\u0131n\u0131zda. Al\u00fcminyum ala\u015f\u0131ml\u0131 g\u00f6vdesi hem hafif hem de dayan\u0131kl\u0131d\u0131r. Su ge\u00e7irmez \u00f6zelli\u011fi sayesinde d\u0131\u015f mek\u00e2n aktivitelerinde rahatl\u0131kla kullan\u0131labilir. Odak ayar\u0131 yap\u0131labilen d\u0131\u015fb\u00fckey lens, farkl\u0131 mesafelerde net \u0131\u015f\u0131k sa\u011flar. Fener, y\u00fcksek, d\u00fc\u015f\u00fck, strobe ve COB olmak \u00fczere 4 \u0131\u015f\u0131k moduna sahiptir. Arka kuyruk d\u00fc\u011fmesi ile h\u0131zl\u0131 kontrol sa\u011flan\u0131r. Ta\u015f\u0131ma klipsi ile \u00e7anta, kemer veya cepte kolayca ta\u015f\u0131nabilir. 14500 \u015farjl\u0131 pil ile birlikte gelir, bu sayede uzun s\u00fcreli enerji sa\u011flar. Elektrik kesintileri, kamp aktiviteleri, bal\u0131k\u00e7\u0131l\u0131k veya acil durumlarda ideal bir \u00e7\u00f6z\u00fcmd\u00fcr.<\/p>\n","protected":false},"excerpt":{"rendered":"<p>Kompakt tasar\u0131m\u0131yla \u00f6ne \u00e7\u0131kan bu mini LED el feneri, g\u00fc\u00e7l\u00fc 2000 l\u00fcmen \u0131\u015f\u0131k kapasitesi ile karanl\u0131kta ihtiyac\u0131n\u0131z olan her yerde yan\u0131n\u0131zda. Al\u00fcminyum ala\u015f\u0131ml\u0131 g\u00f6vdesi hem hafif hem de dayan\u0131kl\u0131d\u0131r. Su ge\u00e7irmez \u00f6zelli\u011fi sayesinde d\u0131\u015f mek\u00e2n aktivitelerinde rahatl\u0131kla kullan\u0131labilir. Odak ayar\u0131 yap\u0131labilen d\u0131\u015fb\u00fckey lens, farkl\u0131 mesafelerde net \u0131\u015f\u0131k sa\u011flar. Fener, y\u00fcksek, d\u00fc\u015f\u00fck, strobe ve COB olmak&#8230;<\/p>\n","protected":false},"featured_media":115567,"comment_status":"open","ping_status":"closed","template":"","meta":{"_kad_post_transparent":"","_kad_post_title":"","_kad_post_layout":"","_kad_post_sidebar_id":"","_kad_post_content_style":"","_kad_post_vertical_padding":"","_kad_post_feature":"","_kad_post_feature_position":"","_kad_post_header":false,"_kad_post_footer":false,"_kad_post_classname":""},"product_brand":[],"product_cat":[14977],"product_tag":[],"class_list":{"0":"post-115568","1":"product","2":"type-product","3":"status-publish","4":"has-post-thumbnail","6":"product_cat-kamp-lambasi-kamp-lambasi","8":"first","9":"instock","10":"purchasable","11":"product-type-simple","12":"entry","13":"content-bg","14":"loop-entry"},"_links":{"self":[{"href":"https:\/\/www.hediyepazar.com\/index.php?rest_route=\/wp\/v2\/product\/115568","targetHints":{"allow":["GET"]}}],"collection":[{"href":"https:\/\/www.hediyepazar.com\/index.php?rest_route=\/wp\/v2\/product"}],"about":[{"href":"https:\/\/www.hediyepazar.com\/index.php?rest_route=\/wp\/v2\/types\/product"}],"replies":[{"embeddable":true,"href":"https:\/\/www.hediyepazar.com\/index.php?rest_route=%2Fwp%2Fv2%2Fcomments&post=115568"}],"wp:featuredmedia":[{"embeddable":true,"href":"https:\/\/www.hediyepazar.com\/index.php?rest_route=\/wp\/v2\/media\/115567"}],"wp:attachment":[{"href":"https:\/\/www.hediyepazar.com\/index.php?rest_route=%2Fwp%2Fv2%2Fmedia&parent=115568"}],"wp:term":[{"taxonomy":"product_brand","embeddable":true,"href":"https:\/\/www.hediyepazar.com\/index.php?rest_route=%2Fwp%2Fv2%2Fproduct_brand&post=115568"},{"taxonomy":"product_cat","embeddable":true,"href":"https:\/\/www.hediyepazar.com\/index.php?rest_route=%2Fwp%2Fv2%2Fproduct_cat&post=115568"},{"taxonomy":"product_tag","embeddable":true,"href":"https:\/\/www.hediyepazar.com\/index.php?rest_route=%2Fwp%2Fv2%2Fproduct_tag&post=115568"}],"curies":[{"name":"wp","href":"https:\/\/api.w.org\/{rel}","templated":true}]}}