{"id":115574,"date":"2026-05-05T15:09:04","date_gmt":"2026-05-05T18:09:04","guid":{"rendered":"https:\/\/www.hediyepazar.com\/?product=mini-bluetooth-speaker-uzun-pil-omru-sik-ve-hafif-tasarim"},"modified":"2026-05-05T15:09:04","modified_gmt":"2026-05-05T18:09:04","slug":"mini-bluetooth-speaker-uzun-pil-omru-sik-ve-hafif-tasarim","status":"publish","type":"product","link":"https:\/\/www.hediyepazar.com\/?product=mini-bluetooth-speaker-uzun-pil-omru-sik-ve-hafif-tasarim","title":{"rendered":"Mini Bluetooth Speaker | Uzun Pil \u00d6mr\u00fc \u015e\u0131k ve Hafif Tasar\u0131m"},"content":{"rendered":"<p>Bluetooth hoparl\u00f6r ar\u0131yorsan\u0131z, bu kompakt model tam size g\u00f6re. 9 metreye kadar kapsama alan\u0131 sayesinde kablosuz \u00f6zg\u00fcrl\u00fc\u011f\u00fcn keyfini \u00e7\u0131kar\u0131n. K\u00fc\u00e7\u00fck tasar\u0131m\u0131 ile kolayca yan\u0131n\u0131zda ta\u015f\u0131yabilir, d\u0131\u015f mek\u00e2nlarda rahatl\u0131kla kullanabilirsiniz. Su s\u0131\u00e7ramalar\u0131na dayan\u0131kl\u0131 yap\u0131s\u0131 sayesinde plajda, parkta veya kamp alan\u0131nda g\u00fcvenle kullan\u0131labilir. Telefonunuza ba\u011fland\u0131\u011f\u0131nda kaybolma riskini azalt\u0131r ve her an m\u00fczi\u011finizi yan\u0131n\u0131zda hissettirir.<\/p>\n","protected":false},"excerpt":{"rendered":"<p>Bluetooth hoparl\u00f6r ar\u0131yorsan\u0131z, bu kompakt model tam size g\u00f6re. 9 metreye kadar kapsama alan\u0131 sayesinde kablosuz \u00f6zg\u00fcrl\u00fc\u011f\u00fcn keyfini \u00e7\u0131kar\u0131n. K\u00fc\u00e7\u00fck tasar\u0131m\u0131 ile kolayca yan\u0131n\u0131zda ta\u015f\u0131yabilir, d\u0131\u015f mek\u00e2nlarda rahatl\u0131kla kullanabilirsiniz. Su s\u0131\u00e7ramalar\u0131na dayan\u0131kl\u0131 yap\u0131s\u0131 sayesinde plajda, parkta veya kamp alan\u0131nda g\u00fcvenle kullan\u0131labilir. Telefonunuza ba\u011fland\u0131\u011f\u0131nda kaybolma riskini azalt\u0131r ve her an m\u00fczi\u011finizi yan\u0131n\u0131zda hissettirir.<\/p>\n","protected":false},"featured_media":115573,"comment_status":"open","ping_status":"closed","template":"","meta":{"_kad_post_transparent":"","_kad_post_title":"","_kad_post_layout":"","_kad_post_sidebar_id":"","_kad_post_content_style":"","_kad_post_vertical_padding":"","_kad_post_feature":"","_kad_post_feature_position":"","_kad_post_header":false,"_kad_post_footer":false,"_kad_post_classname":""},"product_brand":[],"product_cat":[14911],"product_tag":[],"class_list":{"0":"post-115574","1":"product","2":"type-product","3":"status-publish","4":"has-post-thumbnail","6":"product_cat-kablosuz-hoparlor-kablosuz-hoparlor","8":"first","9":"instock","10":"purchasable","11":"product-type-simple","12":"entry","13":"content-bg","14":"loop-entry"},"_links":{"self":[{"href":"https:\/\/www.hediyepazar.com\/index.php?rest_route=\/wp\/v2\/product\/115574","targetHints":{"allow":["GET"]}}],"collection":[{"href":"https:\/\/www.hediyepazar.com\/index.php?rest_route=\/wp\/v2\/product"}],"about":[{"href":"https:\/\/www.hediyepazar.com\/index.php?rest_route=\/wp\/v2\/types\/product"}],"replies":[{"embeddable":true,"href":"https:\/\/www.hediyepazar.com\/index.php?rest_route=%2Fwp%2Fv2%2Fcomments&post=115574"}],"wp:featuredmedia":[{"embeddable":true,"href":"https:\/\/www.hediyepazar.com\/index.php?rest_route=\/wp\/v2\/media\/115573"}],"wp:attachment":[{"href":"https:\/\/www.hediyepazar.com\/index.php?rest_route=%2Fwp%2Fv2%2Fmedia&parent=115574"}],"wp:term":[{"taxonomy":"product_brand","embeddable":true,"href":"https:\/\/www.hediyepazar.com\/index.php?rest_route=%2Fwp%2Fv2%2Fproduct_brand&post=115574"},{"taxonomy":"product_cat","embeddable":true,"href":"https:\/\/www.hediyepazar.com\/index.php?rest_route=%2Fwp%2Fv2%2Fproduct_cat&post=115574"},{"taxonomy":"product_tag","embeddable":true,"href":"https:\/\/www.hediyepazar.com\/index.php?rest_route=%2Fwp%2Fv2%2Fproduct_tag&post=115574"}],"curies":[{"name":"wp","href":"https:\/\/api.w.org\/{rel}","templated":true}]}}