{"id":115584,"date":"2026-05-05T15:10:05","date_gmt":"2026-05-05T18:10:05","guid":{"rendered":"https:\/\/www.hediyepazar.com\/?product=ergonomik-sebze-rendeleyici-ve-suzgec-hazneli-dilimleyici"},"modified":"2026-05-05T15:10:05","modified_gmt":"2026-05-05T18:10:05","slug":"ergonomik-sebze-rendeleyici-ve-suzgec-hazneli-dilimleyici","status":"publish","type":"product","link":"https:\/\/www.hediyepazar.com\/?product=ergonomik-sebze-rendeleyici-ve-suzgec-hazneli-dilimleyici","title":{"rendered":"Ergonomik Sebze Rendeleyici ve S\u00fczge\u00e7 Hazneli Dilimleyici"},"content":{"rendered":"<p>Yemek haz\u0131rl\u0131\u011f\u0131n\u0131 h\u0131zl\u0131 ve g\u00fcvenli hale getiren 5 Fonksiyonlu D\u00f6ner Rende, mutfa\u011f\u0131n\u0131z\u0131n en kullan\u0131\u015fl\u0131 yard\u0131mc\u0131lar\u0131ndan biri olacak. 5 farkl\u0131 b\u0131\u00e7a\u011f\u0131 sayesinde sebzeleri ister rendeleyebilir ister dilimleyebilirsiniz. Hazneye sahip yap\u0131s\u0131, do\u011frad\u0131\u011f\u0131n\u0131z \u00fcr\u00fcnleri toplarken s\u00fczge\u00e7 i\u015fleviyle de kolayl\u0131k sa\u011flar. Kompakt boyutu mutfakta fazla yer kaplamaz, kolayca dolapta saklanabilir. El koruma aparat\u0131 ve kaymaz taban\u0131, g\u00fcvenli kullan\u0131m sunar. Y\u0131kamas\u0131 kolay olan bu \u00fcr\u00fcn, uzun \u00f6m\u00fcrl\u00fc kullan\u0131m i\u00e7in dayan\u0131kl\u0131 malzemelerden \u00fcretilmi\u015ftir. Hem g\u00fcnl\u00fck pratik yemek haz\u0131rl\u0131\u011f\u0131nda hem de \u00f6zel sofralar i\u00e7in ideal bir yard\u0131mc\u0131d\u0131r.<\/p>\n","protected":false},"excerpt":{"rendered":"<p>Yemek haz\u0131rl\u0131\u011f\u0131n\u0131 h\u0131zl\u0131 ve g\u00fcvenli hale getiren 5 Fonksiyonlu D\u00f6ner Rende, mutfa\u011f\u0131n\u0131z\u0131n en kullan\u0131\u015fl\u0131 yard\u0131mc\u0131lar\u0131ndan biri olacak. 5 farkl\u0131 b\u0131\u00e7a\u011f\u0131 sayesinde sebzeleri ister rendeleyebilir ister dilimleyebilirsiniz. Hazneye sahip yap\u0131s\u0131, do\u011frad\u0131\u011f\u0131n\u0131z \u00fcr\u00fcnleri toplarken s\u00fczge\u00e7 i\u015fleviyle de kolayl\u0131k sa\u011flar. Kompakt boyutu mutfakta fazla yer kaplamaz, kolayca dolapta saklanabilir. El koruma aparat\u0131 ve kaymaz taban\u0131, g\u00fcvenli kullan\u0131m sunar&#8230;.<\/p>\n","protected":false},"featured_media":115583,"comment_status":"open","ping_status":"closed","template":"","meta":{"_kad_post_transparent":"","_kad_post_title":"","_kad_post_layout":"","_kad_post_sidebar_id":"","_kad_post_content_style":"","_kad_post_vertical_padding":"","_kad_post_feature":"","_kad_post_feature_position":"","_kad_post_header":false,"_kad_post_footer":false,"_kad_post_classname":""},"product_brand":[],"product_cat":[15068],"product_tag":[],"class_list":{"0":"post-115584","1":"product","2":"type-product","3":"status-publish","4":"has-post-thumbnail","6":"product_cat-pratik-mutfak-gerecleri-pratik-mutfak-gerecleri-2","8":"first","9":"instock","10":"purchasable","11":"product-type-simple","12":"entry","13":"content-bg","14":"loop-entry"},"_links":{"self":[{"href":"https:\/\/www.hediyepazar.com\/index.php?rest_route=\/wp\/v2\/product\/115584","targetHints":{"allow":["GET"]}}],"collection":[{"href":"https:\/\/www.hediyepazar.com\/index.php?rest_route=\/wp\/v2\/product"}],"about":[{"href":"https:\/\/www.hediyepazar.com\/index.php?rest_route=\/wp\/v2\/types\/product"}],"replies":[{"embeddable":true,"href":"https:\/\/www.hediyepazar.com\/index.php?rest_route=%2Fwp%2Fv2%2Fcomments&post=115584"}],"wp:featuredmedia":[{"embeddable":true,"href":"https:\/\/www.hediyepazar.com\/index.php?rest_route=\/wp\/v2\/media\/115583"}],"wp:attachment":[{"href":"https:\/\/www.hediyepazar.com\/index.php?rest_route=%2Fwp%2Fv2%2Fmedia&parent=115584"}],"wp:term":[{"taxonomy":"product_brand","embeddable":true,"href":"https:\/\/www.hediyepazar.com\/index.php?rest_route=%2Fwp%2Fv2%2Fproduct_brand&post=115584"},{"taxonomy":"product_cat","embeddable":true,"href":"https:\/\/www.hediyepazar.com\/index.php?rest_route=%2Fwp%2Fv2%2Fproduct_cat&post=115584"},{"taxonomy":"product_tag","embeddable":true,"href":"https:\/\/www.hediyepazar.com\/index.php?rest_route=%2Fwp%2Fv2%2Fproduct_tag&post=115584"}],"curies":[{"name":"wp","href":"https:\/\/api.w.org\/{rel}","templated":true}]}}