{"id":115590,"date":"2026-05-05T15:10:19","date_gmt":"2026-05-05T18:10:19","guid":{"rendered":"https:\/\/www.hediyepazar.com\/?product=mutfak-icin-pratik-5-bicakli-rende-ve-suzgec-seti"},"modified":"2026-05-05T15:10:19","modified_gmt":"2026-05-05T18:10:19","slug":"mutfak-icin-pratik-5-bicakli-rende-ve-suzgec-seti","status":"publish","type":"product","link":"https:\/\/www.hediyepazar.com\/?product=mutfak-icin-pratik-5-bicakli-rende-ve-suzgec-seti","title":{"rendered":"Mutfak \u0130\u00e7in Pratik 5 B\u0131\u00e7akl\u0131 Rende ve S\u00fczge\u00e7 Seti"},"content":{"rendered":"<p>Mutfakta h\u0131z, g\u00fcvenlik ve pratiklik isteyenler i\u00e7in geli\u015ftirilmi\u015f 5 Fonksiyonlu Hazneli Rende, yemek haz\u0131rl\u0131klar\u0131n\u0131 keyifli hale getiriyor. D\u00f6ner mekanizmal\u0131 b\u0131\u00e7ak sistemi, farkl\u0131 kal\u0131nl\u0131klarda do\u011frama ve rendeleme imkan\u0131 sunar. Hazne yap\u0131s\u0131, do\u011frad\u0131\u011f\u0131n\u0131z yiyecekleri toplarken ayn\u0131 zamanda s\u00fczge\u00e7 i\u015flevi g\u00f6rerek y\u0131kama kolayl\u0131\u011f\u0131 sa\u011flar. Kaymaz taban\u0131 mutfak tezgah\u0131nda sabit durur ve g\u00fcvenle kullan\u0131m imkan\u0131 verir. El koruma aparat\u0131, sebze ve meyveleri rendeleme s\u0131ras\u0131nda ellerinizi korur. Kullan\u0131m sonras\u0131 kolayca temizlenebilen bu \u00fcr\u00fcn, hem elde hem de bula\u015f\u0131k makinesinde y\u0131kanabilir. Salata, garnit\u00fcr, patates k\u0131zartmas\u0131 veya cips haz\u0131rlamak art\u0131k \u00e7ok daha kolay.<\/p>\n","protected":false},"excerpt":{"rendered":"<p>Mutfakta h\u0131z, g\u00fcvenlik ve pratiklik isteyenler i\u00e7in geli\u015ftirilmi\u015f 5 Fonksiyonlu Hazneli Rende, yemek haz\u0131rl\u0131klar\u0131n\u0131 keyifli hale getiriyor. D\u00f6ner mekanizmal\u0131 b\u0131\u00e7ak sistemi, farkl\u0131 kal\u0131nl\u0131klarda do\u011frama ve rendeleme imkan\u0131 sunar. Hazne yap\u0131s\u0131, do\u011frad\u0131\u011f\u0131n\u0131z yiyecekleri toplarken ayn\u0131 zamanda s\u00fczge\u00e7 i\u015flevi g\u00f6rerek y\u0131kama kolayl\u0131\u011f\u0131 sa\u011flar. Kaymaz taban\u0131 mutfak tezgah\u0131nda sabit durur ve g\u00fcvenle kullan\u0131m imkan\u0131 verir. El koruma aparat\u0131,&#8230;<\/p>\n","protected":false},"featured_media":115589,"comment_status":"open","ping_status":"closed","template":"","meta":{"_kad_post_transparent":"","_kad_post_title":"","_kad_post_layout":"","_kad_post_sidebar_id":"","_kad_post_content_style":"","_kad_post_vertical_padding":"","_kad_post_feature":"","_kad_post_feature_position":"","_kad_post_header":false,"_kad_post_footer":false,"_kad_post_classname":""},"product_brand":[],"product_cat":[15068],"product_tag":[],"class_list":{"0":"post-115590","1":"product","2":"type-product","3":"status-publish","4":"has-post-thumbnail","6":"product_cat-pratik-mutfak-gerecleri-pratik-mutfak-gerecleri-2","8":"first","9":"instock","10":"purchasable","11":"product-type-simple","12":"entry","13":"content-bg","14":"loop-entry"},"_links":{"self":[{"href":"https:\/\/www.hediyepazar.com\/index.php?rest_route=\/wp\/v2\/product\/115590","targetHints":{"allow":["GET"]}}],"collection":[{"href":"https:\/\/www.hediyepazar.com\/index.php?rest_route=\/wp\/v2\/product"}],"about":[{"href":"https:\/\/www.hediyepazar.com\/index.php?rest_route=\/wp\/v2\/types\/product"}],"replies":[{"embeddable":true,"href":"https:\/\/www.hediyepazar.com\/index.php?rest_route=%2Fwp%2Fv2%2Fcomments&post=115590"}],"wp:featuredmedia":[{"embeddable":true,"href":"https:\/\/www.hediyepazar.com\/index.php?rest_route=\/wp\/v2\/media\/115589"}],"wp:attachment":[{"href":"https:\/\/www.hediyepazar.com\/index.php?rest_route=%2Fwp%2Fv2%2Fmedia&parent=115590"}],"wp:term":[{"taxonomy":"product_brand","embeddable":true,"href":"https:\/\/www.hediyepazar.com\/index.php?rest_route=%2Fwp%2Fv2%2Fproduct_brand&post=115590"},{"taxonomy":"product_cat","embeddable":true,"href":"https:\/\/www.hediyepazar.com\/index.php?rest_route=%2Fwp%2Fv2%2Fproduct_cat&post=115590"},{"taxonomy":"product_tag","embeddable":true,"href":"https:\/\/www.hediyepazar.com\/index.php?rest_route=%2Fwp%2Fv2%2Fproduct_tag&post=115590"}],"curies":[{"name":"wp","href":"https:\/\/api.w.org\/{rel}","templated":true}]}}