{"id":115592,"date":"2026-05-05T15:10:58","date_gmt":"2026-05-05T18:10:58","guid":{"rendered":"https:\/\/www.hediyepazar.com\/?product=cok-amacli-hazneli-sebze-rende-dograyici-ve-soyucu"},"modified":"2026-05-05T15:10:58","modified_gmt":"2026-05-05T18:10:58","slug":"cok-amacli-hazneli-sebze-rende-dograyici-ve-soyucu","status":"publish","type":"product","link":"https:\/\/www.hediyepazar.com\/?product=cok-amacli-hazneli-sebze-rende-dograyici-ve-soyucu","title":{"rendered":"\u00c7ok Ama\u00e7l\u0131 Hazneli Sebze Rende Do\u011fray\u0131c\u0131 ve Soyucu"},"content":{"rendered":"<p>5 Fonksiyonlu D\u00f6ner Rende, \u00e7ok ama\u00e7l\u0131 kullan\u0131m\u0131yla mutfaklar\u0131n vazge\u00e7ilmezi olmaya aday. Farkl\u0131 b\u0131\u00e7ak se\u00e7enekleri ile patates, havu\u00e7, kabak ve salatal\u0131k gibi bir\u00e7ok sebzeyi pratik \u015fekilde dilimleyebilir veya rendeleyebilirsiniz. Hazneye entegre edilen s\u00fczge\u00e7 sistemi sayesinde do\u011franan yiyecekleri y\u0131kad\u0131ktan sonra kolayca s\u00fczebilirsiniz. Sa\u011flam malzeme yap\u0131s\u0131, uzun s\u00fcreli kullan\u0131m sa\u011flar. El koruma aparat\u0131 sayesinde g\u00fcvenle \u00e7al\u0131\u015fabilir, kesilme riskini minimuma indirebilirsiniz. Kompakt tasar\u0131m\u0131 sayesinde mutfakta fazla yer kaplamaz, kolayca dolapta saklanabilir. Hem zamandan hem de enerjiden tasarruf ettiren bu \u00fcr\u00fcn, g\u00fcnl\u00fck yemek haz\u0131rl\u0131klar\u0131n\u0131 b\u00fcy\u00fck \u00f6l\u00e7\u00fcde kolayla\u015ft\u0131r\u0131r.<\/p>\n","protected":false},"excerpt":{"rendered":"<p>5 Fonksiyonlu D\u00f6ner Rende, \u00e7ok ama\u00e7l\u0131 kullan\u0131m\u0131yla mutfaklar\u0131n vazge\u00e7ilmezi olmaya aday. Farkl\u0131 b\u0131\u00e7ak se\u00e7enekleri ile patates, havu\u00e7, kabak ve salatal\u0131k gibi bir\u00e7ok sebzeyi pratik \u015fekilde dilimleyebilir veya rendeleyebilirsiniz. Hazneye entegre edilen s\u00fczge\u00e7 sistemi sayesinde do\u011franan yiyecekleri y\u0131kad\u0131ktan sonra kolayca s\u00fczebilirsiniz. Sa\u011flam malzeme yap\u0131s\u0131, uzun s\u00fcreli kullan\u0131m sa\u011flar. El koruma aparat\u0131 sayesinde g\u00fcvenle \u00e7al\u0131\u015fabilir, kesilme riskini&#8230;<\/p>\n","protected":false},"featured_media":115591,"comment_status":"open","ping_status":"closed","template":"","meta":{"_kad_post_transparent":"","_kad_post_title":"","_kad_post_layout":"","_kad_post_sidebar_id":"","_kad_post_content_style":"","_kad_post_vertical_padding":"","_kad_post_feature":"","_kad_post_feature_position":"","_kad_post_header":false,"_kad_post_footer":false,"_kad_post_classname":""},"product_brand":[],"product_cat":[15068],"product_tag":[],"class_list":{"0":"post-115592","1":"product","2":"type-product","3":"status-publish","4":"has-post-thumbnail","6":"product_cat-pratik-mutfak-gerecleri-pratik-mutfak-gerecleri-2","8":"first","9":"instock","10":"purchasable","11":"product-type-simple","12":"entry","13":"content-bg","14":"loop-entry"},"_links":{"self":[{"href":"https:\/\/www.hediyepazar.com\/index.php?rest_route=\/wp\/v2\/product\/115592","targetHints":{"allow":["GET"]}}],"collection":[{"href":"https:\/\/www.hediyepazar.com\/index.php?rest_route=\/wp\/v2\/product"}],"about":[{"href":"https:\/\/www.hediyepazar.com\/index.php?rest_route=\/wp\/v2\/types\/product"}],"replies":[{"embeddable":true,"href":"https:\/\/www.hediyepazar.com\/index.php?rest_route=%2Fwp%2Fv2%2Fcomments&post=115592"}],"wp:featuredmedia":[{"embeddable":true,"href":"https:\/\/www.hediyepazar.com\/index.php?rest_route=\/wp\/v2\/media\/115591"}],"wp:attachment":[{"href":"https:\/\/www.hediyepazar.com\/index.php?rest_route=%2Fwp%2Fv2%2Fmedia&parent=115592"}],"wp:term":[{"taxonomy":"product_brand","embeddable":true,"href":"https:\/\/www.hediyepazar.com\/index.php?rest_route=%2Fwp%2Fv2%2Fproduct_brand&post=115592"},{"taxonomy":"product_cat","embeddable":true,"href":"https:\/\/www.hediyepazar.com\/index.php?rest_route=%2Fwp%2Fv2%2Fproduct_cat&post=115592"},{"taxonomy":"product_tag","embeddable":true,"href":"https:\/\/www.hediyepazar.com\/index.php?rest_route=%2Fwp%2Fv2%2Fproduct_tag&post=115592"}],"curies":[{"name":"wp","href":"https:\/\/api.w.org\/{rel}","templated":true}]}}