{"id":115596,"date":"2026-05-05T15:11:09","date_gmt":"2026-05-05T18:11:09","guid":{"rendered":"https:\/\/www.hediyepazar.com\/?product=genis-alan-kapasiteli-sessiz-enerji-tasarruflu-hasere-kovucu"},"modified":"2026-05-05T15:11:09","modified_gmt":"2026-05-05T18:11:09","slug":"genis-alan-kapasiteli-sessiz-enerji-tasarruflu-hasere-kovucu","status":"publish","type":"product","link":"https:\/\/www.hediyepazar.com\/?product=genis-alan-kapasiteli-sessiz-enerji-tasarruflu-hasere-kovucu","title":{"rendered":"Geni\u015f Alan Kapasiteli Sessiz Enerji Tasarruflu Ha\u015fere Kovucu"},"content":{"rendered":"<p>Ultrasonik ha\u015fere kovucu cihaz, modern teknolojiyi kullanarak ya\u015fam alan\u0131n\u0131z\u0131 zararl\u0131lardan korur. 120\u2013150 m\u00b2 geni\u015f kapsama alan\u0131 ile tek bir cihaz, evinizin ya da i\u015fyerinizin b\u00fcy\u00fck bir k\u0131sm\u0131nda etkin koruma sa\u011flar.Geli\u015fmi\u015f ultrasonik dalgalar, ha\u015ferelerin sinir sistemini etkileyerek onlar\u0131 ortamdan uzakla\u015ft\u0131r\u0131r. Kimyasal madde i\u00e7ermedi\u011fi i\u00e7in insanlar ve evcil hayvanlar i\u00e7in tamamen g\u00fcvenlidir. \u00d6zellikle ast\u0131m, alerji gibi hassasiyetleri olan kullan\u0131c\u0131lar i\u00e7in sa\u011fl\u0131kl\u0131 bir \u00e7\u00f6z\u00fcm sunar.Cihaz, sadece bir priz ile \u00e7al\u0131\u015f\u0131r ve kurulumu son derece kolayd\u0131r. Enerji dostu yap\u0131s\u0131 sayesinde elektrik t\u00fcketimi minimum d\u00fczeydedir. Sessiz \u00e7al\u0131\u015fmas\u0131yla gece g\u00fcnd\u00fcz fark etmeksizin kullan\u0131labilir.Uzun \u00f6m\u00fcrl\u00fc elektronik devreleri sayesinde bak\u0131m gerektirmeden y\u0131llarca kullan\u0131labilir. Toz, nem ve s\u0131cakl\u0131\u011fa dayan\u0131kl\u0131 yap\u0131s\u0131 cihaz\u0131n performans\u0131n\u0131 korur. B\u00f6ylece sprey, ila\u00e7 ya da tuzak gibi geleneksel y\u00f6ntemlerle u\u011fra\u015fman\u0131za gerek kalmaz.Fare, sivrisinek, \u00f6r\u00fcmcek ve hamam b\u00f6ce\u011fi gibi ha\u015ferelerden kal\u0131c\u0131 olarak kurtulmak isteyenler i\u00e7in ideal bir \u00fcr\u00fcnd\u00fcr. Ultrasonik ha\u015fere kovucu ile evinizde huzur, i\u015fyerinizde g\u00fcven ortam\u0131 olu\u015fturabilirsiniz.<\/p>\n","protected":false},"excerpt":{"rendered":"<p>Ultrasonik ha\u015fere kovucu cihaz, modern teknolojiyi kullanarak ya\u015fam alan\u0131n\u0131z\u0131 zararl\u0131lardan korur. 120\u2013150 m\u00b2 geni\u015f kapsama alan\u0131 ile tek bir cihaz, evinizin ya da i\u015fyerinizin b\u00fcy\u00fck bir k\u0131sm\u0131nda etkin koruma sa\u011flar.Geli\u015fmi\u015f ultrasonik dalgalar, ha\u015ferelerin sinir sistemini etkileyerek onlar\u0131 ortamdan uzakla\u015ft\u0131r\u0131r. Kimyasal madde i\u00e7ermedi\u011fi i\u00e7in insanlar ve evcil hayvanlar i\u00e7in tamamen g\u00fcvenlidir. \u00d6zellikle ast\u0131m, alerji gibi hassasiyetleri&#8230;<\/p>\n","protected":false},"featured_media":115595,"comment_status":"open","ping_status":"closed","template":"","meta":{"_kad_post_transparent":"","_kad_post_title":"","_kad_post_layout":"","_kad_post_sidebar_id":"","_kad_post_content_style":"","_kad_post_vertical_padding":"","_kad_post_feature":"","_kad_post_feature_position":"","_kad_post_header":false,"_kad_post_footer":false,"_kad_post_classname":""},"product_brand":[],"product_cat":[15078],"product_tag":[],"class_list":{"0":"post-115596","1":"product","2":"type-product","3":"status-publish","4":"has-post-thumbnail","6":"product_cat-hasere-kovucular-hasere-kovucular","8":"first","9":"instock","10":"purchasable","11":"product-type-simple","12":"entry","13":"content-bg","14":"loop-entry"},"_links":{"self":[{"href":"https:\/\/www.hediyepazar.com\/index.php?rest_route=\/wp\/v2\/product\/115596","targetHints":{"allow":["GET"]}}],"collection":[{"href":"https:\/\/www.hediyepazar.com\/index.php?rest_route=\/wp\/v2\/product"}],"about":[{"href":"https:\/\/www.hediyepazar.com\/index.php?rest_route=\/wp\/v2\/types\/product"}],"replies":[{"embeddable":true,"href":"https:\/\/www.hediyepazar.com\/index.php?rest_route=%2Fwp%2Fv2%2Fcomments&post=115596"}],"wp:featuredmedia":[{"embeddable":true,"href":"https:\/\/www.hediyepazar.com\/index.php?rest_route=\/wp\/v2\/media\/115595"}],"wp:attachment":[{"href":"https:\/\/www.hediyepazar.com\/index.php?rest_route=%2Fwp%2Fv2%2Fmedia&parent=115596"}],"wp:term":[{"taxonomy":"product_brand","embeddable":true,"href":"https:\/\/www.hediyepazar.com\/index.php?rest_route=%2Fwp%2Fv2%2Fproduct_brand&post=115596"},{"taxonomy":"product_cat","embeddable":true,"href":"https:\/\/www.hediyepazar.com\/index.php?rest_route=%2Fwp%2Fv2%2Fproduct_cat&post=115596"},{"taxonomy":"product_tag","embeddable":true,"href":"https:\/\/www.hediyepazar.com\/index.php?rest_route=%2Fwp%2Fv2%2Fproduct_tag&post=115596"}],"curies":[{"name":"wp","href":"https:\/\/api.w.org\/{rel}","templated":true}]}}