{"id":115598,"date":"2026-05-05T15:11:14","date_gmt":"2026-05-05T18:11:14","guid":{"rendered":"https:\/\/www.hediyepazar.com\/?product=ev-ve-ofis-icin-etkili-bocek-ve-kemirgen-kovucu"},"modified":"2026-05-05T15:11:14","modified_gmt":"2026-05-05T18:11:14","slug":"ev-ve-ofis-icin-etkili-bocek-ve-kemirgen-kovucu","status":"publish","type":"product","link":"https:\/\/www.hediyepazar.com\/?product=ev-ve-ofis-icin-etkili-bocek-ve-kemirgen-kovucu","title":{"rendered":"Ev ve Ofis \u0130\u00e7in Etkili B\u00f6cek ve Kemirgen Kovucu"},"content":{"rendered":"<p>Zararl\u0131 b\u00f6cekler ve ha\u015ferelerle u\u011fra\u015fmak hem yorucu hem de sa\u011fl\u0131\u011f\u0131n\u0131z i\u00e7in riskli olabilir. Bu ultrasonik ha\u015fere kovucu cihaz, g\u00fc\u00e7l\u00fc frekans dalgalar\u0131 sayesinde zararl\u0131lar\u0131 ortamdan uzakla\u015ft\u0131r\u0131r. 150 m\u00b2\u2019ye kadar geni\u015f alanlarda etkin koruma sa\u011flar.Cihaz prize tak\u0131larak an\u0131nda \u00e7al\u0131\u015fmaya ba\u015flar. Ekstra bak\u0131m, temizlik ya da par\u00e7a de\u011fi\u015fimi gerektirmez. Sessiz ve enerji dostu yap\u0131s\u0131yla 7\/24 kesintisiz kullan\u0131labilir.Kimyasal ila\u00e7lar, spreyler ve kokulu \u00e7\u00f6z\u00fcmler yerine tamamen do\u011fal ve g\u00fcvenli bir koruma y\u00f6ntemi sunar. \u0130nsanlara, \u00e7ocuklara ve evcil hayvanlara zarar vermez; yaln\u0131zca b\u00f6cek ve kemirgenleri etkiler. Bu nedenle hassas b\u00fcnyeler ve \u00e7ocuklu aileler i\u00e7in idealdir.Dayan\u0131kl\u0131 ve kompakt tasar\u0131m\u0131 sayesinde uzun \u00f6m\u00fcrl\u00fc kullan\u0131m sa\u011flar. Toz, nem ve s\u0131cakl\u0131k de\u011fi\u015fimlerinden etkilenmeyecek \u015fekilde \u00fcretilmi\u015ftir. Ev, ofis, restoran, depo veya garaj gibi alanlarda rahatl\u0131kla kullan\u0131labilir.Ha\u015ferelerden kurtulman\u0131n en g\u00fcvenilir ve pratik yolunu ar\u0131yorsan\u0131z, ultrasonik ha\u015fere kovucu cihaz sizin i\u00e7in m\u00fckemmel bir tercihtir. Sa\u011fl\u0131kl\u0131, hijyenik ve huzurlu ya\u015fam alanlar\u0131 i\u00e7in \u015fimdi deneyin.<\/p>\n","protected":false},"excerpt":{"rendered":"<p>Zararl\u0131 b\u00f6cekler ve ha\u015ferelerle u\u011fra\u015fmak hem yorucu hem de sa\u011fl\u0131\u011f\u0131n\u0131z i\u00e7in riskli olabilir. Bu ultrasonik ha\u015fere kovucu cihaz, g\u00fc\u00e7l\u00fc frekans dalgalar\u0131 sayesinde zararl\u0131lar\u0131 ortamdan uzakla\u015ft\u0131r\u0131r. 150 m\u00b2\u2019ye kadar geni\u015f alanlarda etkin koruma sa\u011flar.Cihaz prize tak\u0131larak an\u0131nda \u00e7al\u0131\u015fmaya ba\u015flar. Ekstra bak\u0131m, temizlik ya da par\u00e7a de\u011fi\u015fimi gerektirmez. Sessiz ve enerji dostu yap\u0131s\u0131yla 7\/24 kesintisiz kullan\u0131labilir.Kimyasal ila\u00e7lar,&#8230;<\/p>\n","protected":false},"featured_media":115597,"comment_status":"open","ping_status":"closed","template":"","meta":{"_kad_post_transparent":"","_kad_post_title":"","_kad_post_layout":"","_kad_post_sidebar_id":"","_kad_post_content_style":"","_kad_post_vertical_padding":"","_kad_post_feature":"","_kad_post_feature_position":"","_kad_post_header":false,"_kad_post_footer":false,"_kad_post_classname":""},"product_brand":[],"product_cat":[15078],"product_tag":[],"class_list":{"0":"post-115598","1":"product","2":"type-product","3":"status-publish","4":"has-post-thumbnail","6":"product_cat-hasere-kovucular-hasere-kovucular","8":"first","9":"instock","10":"purchasable","11":"product-type-simple","12":"entry","13":"content-bg","14":"loop-entry"},"_links":{"self":[{"href":"https:\/\/www.hediyepazar.com\/index.php?rest_route=\/wp\/v2\/product\/115598","targetHints":{"allow":["GET"]}}],"collection":[{"href":"https:\/\/www.hediyepazar.com\/index.php?rest_route=\/wp\/v2\/product"}],"about":[{"href":"https:\/\/www.hediyepazar.com\/index.php?rest_route=\/wp\/v2\/types\/product"}],"replies":[{"embeddable":true,"href":"https:\/\/www.hediyepazar.com\/index.php?rest_route=%2Fwp%2Fv2%2Fcomments&post=115598"}],"wp:featuredmedia":[{"embeddable":true,"href":"https:\/\/www.hediyepazar.com\/index.php?rest_route=\/wp\/v2\/media\/115597"}],"wp:attachment":[{"href":"https:\/\/www.hediyepazar.com\/index.php?rest_route=%2Fwp%2Fv2%2Fmedia&parent=115598"}],"wp:term":[{"taxonomy":"product_brand","embeddable":true,"href":"https:\/\/www.hediyepazar.com\/index.php?rest_route=%2Fwp%2Fv2%2Fproduct_brand&post=115598"},{"taxonomy":"product_cat","embeddable":true,"href":"https:\/\/www.hediyepazar.com\/index.php?rest_route=%2Fwp%2Fv2%2Fproduct_cat&post=115598"},{"taxonomy":"product_tag","embeddable":true,"href":"https:\/\/www.hediyepazar.com\/index.php?rest_route=%2Fwp%2Fv2%2Fproduct_tag&post=115598"}],"curies":[{"name":"wp","href":"https:\/\/api.w.org\/{rel}","templated":true}]}}