{"id":115600,"date":"2026-05-05T15:11:19","date_gmt":"2026-05-05T18:11:19","guid":{"rendered":"https:\/\/www.hediyepazar.com\/?product=ultrasonik-teknolojili-elektronik-hasere-kovucu"},"modified":"2026-05-05T15:11:19","modified_gmt":"2026-05-05T18:11:19","slug":"ultrasonik-teknolojili-elektronik-hasere-kovucu","status":"publish","type":"product","link":"https:\/\/www.hediyepazar.com\/?product=ultrasonik-teknolojili-elektronik-hasere-kovucu","title":{"rendered":"Ultrasonik Teknolojili Elektronik Ha\u015fere Kovucu"},"content":{"rendered":"<p>Evinizi ya da i\u015fyerinizi ha\u015ferelerden korumak art\u0131k \u00e7ok daha kolay! Bu ultrasonik ha\u015fere kovucu cihaz, yay\u0131lan y\u00fcksek frekansl\u0131 dalgalarla zararl\u0131lar\u0131n sinir sistemini etkileyerek onlar\u0131 uzakla\u015ft\u0131r\u0131r. 120\u2013150 m\u00b2 gibi geni\u015f bir alan\u0131 kapsayabilen cihaz, evinizin her k\u00f6\u015fesinde g\u00f6r\u00fcnmez bir g\u00fcvenlik kalkan\u0131 olu\u015fturur.Kimyasal madde i\u00e7ermeyen bu \u00fcr\u00fcn, insanlara ve evcil hayvanlara zarar vermeden \u00e7al\u0131\u015f\u0131r. \u00d6zellikle \u00e7ocuklu aileler ve hassas bireyler i\u00e7in g\u00fcvenli bir \u00e7\u00f6z\u00fcmd\u00fcr. Sessiz \u00e7al\u0131\u015fmas\u0131 sayesinde g\u00fcn\u00fcn her saati kullan\u0131labilir.Prizden \u00e7al\u0131\u015ft\u0131\u011f\u0131 i\u00e7in ek kurulum ya da bak\u0131m gerektirmez. Dayan\u0131kl\u0131 yap\u0131s\u0131 sayesinde uzun y\u0131llar boyunca ayn\u0131 performans\u0131 sunar. Kompakt ve \u015f\u0131k tasar\u0131m\u0131 ile ya\u015fam alan\u0131n\u0131za uyum sa\u011flar. Enerji tasarruflu yap\u0131s\u0131, kesintisiz \u00e7al\u0131\u015fsa bile d\u00fc\u015f\u00fck maliyetli kullan\u0131m sunar.Hamam b\u00f6ceklerinden farelere, sineklerden \u00f6r\u00fcmceklere kadar geni\u015f bir yelpazede etkili olan bu cihaz, ya\u015fam alanlar\u0131n\u0131zda hijyenik ve huzurlu bir ortam sa\u011flar. Geleneksel ila\u00e7 ve spreylerle u\u011fra\u015fmadan, kal\u0131c\u0131 \u00e7\u00f6z\u00fcm arayanlar i\u00e7in en pratik y\u00f6ntemdir.<\/p>\n","protected":false},"excerpt":{"rendered":"<p>Evinizi ya da i\u015fyerinizi ha\u015ferelerden korumak art\u0131k \u00e7ok daha kolay! Bu ultrasonik ha\u015fere kovucu cihaz, yay\u0131lan y\u00fcksek frekansl\u0131 dalgalarla zararl\u0131lar\u0131n sinir sistemini etkileyerek onlar\u0131 uzakla\u015ft\u0131r\u0131r. 120\u2013150 m\u00b2 gibi geni\u015f bir alan\u0131 kapsayabilen cihaz, evinizin her k\u00f6\u015fesinde g\u00f6r\u00fcnmez bir g\u00fcvenlik kalkan\u0131 olu\u015fturur.Kimyasal madde i\u00e7ermeyen bu \u00fcr\u00fcn, insanlara ve evcil hayvanlara zarar vermeden \u00e7al\u0131\u015f\u0131r. \u00d6zellikle \u00e7ocuklu aileler&#8230;<\/p>\n","protected":false},"featured_media":115599,"comment_status":"open","ping_status":"closed","template":"","meta":{"_kad_post_transparent":"","_kad_post_title":"","_kad_post_layout":"","_kad_post_sidebar_id":"","_kad_post_content_style":"","_kad_post_vertical_padding":"","_kad_post_feature":"","_kad_post_feature_position":"","_kad_post_header":false,"_kad_post_footer":false,"_kad_post_classname":""},"product_brand":[],"product_cat":[15078],"product_tag":[],"class_list":{"0":"post-115600","1":"product","2":"type-product","3":"status-publish","4":"has-post-thumbnail","6":"product_cat-hasere-kovucular-hasere-kovucular","8":"first","9":"instock","10":"purchasable","11":"product-type-simple","12":"entry","13":"content-bg","14":"loop-entry"},"_links":{"self":[{"href":"https:\/\/www.hediyepazar.com\/index.php?rest_route=\/wp\/v2\/product\/115600","targetHints":{"allow":["GET"]}}],"collection":[{"href":"https:\/\/www.hediyepazar.com\/index.php?rest_route=\/wp\/v2\/product"}],"about":[{"href":"https:\/\/www.hediyepazar.com\/index.php?rest_route=\/wp\/v2\/types\/product"}],"replies":[{"embeddable":true,"href":"https:\/\/www.hediyepazar.com\/index.php?rest_route=%2Fwp%2Fv2%2Fcomments&post=115600"}],"wp:featuredmedia":[{"embeddable":true,"href":"https:\/\/www.hediyepazar.com\/index.php?rest_route=\/wp\/v2\/media\/115599"}],"wp:attachment":[{"href":"https:\/\/www.hediyepazar.com\/index.php?rest_route=%2Fwp%2Fv2%2Fmedia&parent=115600"}],"wp:term":[{"taxonomy":"product_brand","embeddable":true,"href":"https:\/\/www.hediyepazar.com\/index.php?rest_route=%2Fwp%2Fv2%2Fproduct_brand&post=115600"},{"taxonomy":"product_cat","embeddable":true,"href":"https:\/\/www.hediyepazar.com\/index.php?rest_route=%2Fwp%2Fv2%2Fproduct_cat&post=115600"},{"taxonomy":"product_tag","embeddable":true,"href":"https:\/\/www.hediyepazar.com\/index.php?rest_route=%2Fwp%2Fv2%2Fproduct_tag&post=115600"}],"curies":[{"name":"wp","href":"https:\/\/api.w.org\/{rel}","templated":true}]}}