{"id":115602,"date":"2026-05-05T15:12:56","date_gmt":"2026-05-05T18:12:56","guid":{"rendered":"https:\/\/www.hediyepazar.com\/?product=kimyasal-icermeyen-evcil-hayvan-dostu-hasere-kovucu"},"modified":"2026-05-05T15:12:56","modified_gmt":"2026-05-05T18:12:56","slug":"kimyasal-icermeyen-evcil-hayvan-dostu-hasere-kovucu","status":"publish","type":"product","link":"https:\/\/www.hediyepazar.com\/?product=kimyasal-icermeyen-evcil-hayvan-dostu-hasere-kovucu","title":{"rendered":"Kimyasal \u0130\u00e7ermeyen Evcil Hayvan Dostu Ha\u015fere Kovucu"},"content":{"rendered":"<p>Ha\u015ferelerle m\u00fccadele ederken sa\u011fl\u0131\u011f\u0131n\u0131z\u0131 riske atman\u0131za gerek yok! Bu elektronik ha\u015fere kovucu cihaz, geli\u015fmi\u015f ultrasonik teknoloji ile \u00e7al\u0131\u015farak kimyasal maddelere ihtiya\u00e7 duymadan zararl\u0131lar\u0131 uzakla\u015ft\u0131r\u0131r. Fare, sivrisinek, \u00f6r\u00fcmcek, hamam b\u00f6ce\u011fi ve di\u011fer bir\u00e7ok ha\u015fereye kar\u015f\u0131 etkili olan cihaz, 150 m\u00b2\u2019ye kadar geni\u015f alanlarda kullan\u0131ma uygundur.Cihaz, sadece bir priz ile kolayca \u00e7al\u0131\u015f\u0131r ve g\u00fcn boyu otomatik olarak aktif kal\u0131r. Enerji t\u00fcketimi d\u00fc\u015f\u00fck oldu\u011fundan uzun s\u00fcreli kullan\u0131mda elektrik faturan\u0131za ekstra y\u00fck getirmez. Sessiz \u00e7al\u0131\u015fmas\u0131 sayesinde gece yatak odas\u0131nda bile rahatl\u0131kla kullan\u0131labilir.Dayan\u0131kl\u0131 malzemelerle \u00fcretilmi\u015f olan ha\u015fere kovucu, nem ve tozdan etkilenmeyecek \u015fekilde tasarlanm\u0131\u015ft\u0131r. B\u00f6ylece uzun \u00f6m\u00fcrl\u00fc bir kullan\u0131m sunar. Ekstra bak\u0131m ya da par\u00e7a de\u011fi\u015fimi gerektirmeden ilk g\u00fcnk\u00fc performans\u0131n\u0131 korur.\u00c7ocuklar, bebekler ve evcil hayvanlar i\u00e7in g\u00fcvenli olan bu cihaz, yaln\u0131zca zararl\u0131lar\u0131 hedef al\u0131r. Spreyler, ila\u00e7lar ve kimyasal \u00e7\u00f6z\u00fcmlerin aksine do\u011fal, \u00e7evre dostu ve pratik bir y\u00f6ntemdir. Evinizde, ofisinizde veya i\u015fyerinizde huzurlu bir ortam yaratmak i\u00e7in ideal se\u00e7imdir.<\/p>\n","protected":false},"excerpt":{"rendered":"<p>Ha\u015ferelerle m\u00fccadele ederken sa\u011fl\u0131\u011f\u0131n\u0131z\u0131 riske atman\u0131za gerek yok! Bu elektronik ha\u015fere kovucu cihaz, geli\u015fmi\u015f ultrasonik teknoloji ile \u00e7al\u0131\u015farak kimyasal maddelere ihtiya\u00e7 duymadan zararl\u0131lar\u0131 uzakla\u015ft\u0131r\u0131r. Fare, sivrisinek, \u00f6r\u00fcmcek, hamam b\u00f6ce\u011fi ve di\u011fer bir\u00e7ok ha\u015fereye kar\u015f\u0131 etkili olan cihaz, 150 m\u00b2\u2019ye kadar geni\u015f alanlarda kullan\u0131ma uygundur.Cihaz, sadece bir priz ile kolayca \u00e7al\u0131\u015f\u0131r ve g\u00fcn boyu otomatik olarak&#8230;<\/p>\n","protected":false},"featured_media":115601,"comment_status":"open","ping_status":"closed","template":"","meta":{"_kad_post_transparent":"","_kad_post_title":"","_kad_post_layout":"","_kad_post_sidebar_id":"","_kad_post_content_style":"","_kad_post_vertical_padding":"","_kad_post_feature":"","_kad_post_feature_position":"","_kad_post_header":false,"_kad_post_footer":false,"_kad_post_classname":""},"product_brand":[],"product_cat":[15078],"product_tag":[],"class_list":{"0":"post-115602","1":"product","2":"type-product","3":"status-publish","4":"has-post-thumbnail","6":"product_cat-hasere-kovucular-hasere-kovucular","8":"first","9":"instock","10":"purchasable","11":"product-type-simple","12":"entry","13":"content-bg","14":"loop-entry"},"_links":{"self":[{"href":"https:\/\/www.hediyepazar.com\/index.php?rest_route=\/wp\/v2\/product\/115602","targetHints":{"allow":["GET"]}}],"collection":[{"href":"https:\/\/www.hediyepazar.com\/index.php?rest_route=\/wp\/v2\/product"}],"about":[{"href":"https:\/\/www.hediyepazar.com\/index.php?rest_route=\/wp\/v2\/types\/product"}],"replies":[{"embeddable":true,"href":"https:\/\/www.hediyepazar.com\/index.php?rest_route=%2Fwp%2Fv2%2Fcomments&post=115602"}],"wp:featuredmedia":[{"embeddable":true,"href":"https:\/\/www.hediyepazar.com\/index.php?rest_route=\/wp\/v2\/media\/115601"}],"wp:attachment":[{"href":"https:\/\/www.hediyepazar.com\/index.php?rest_route=%2Fwp%2Fv2%2Fmedia&parent=115602"}],"wp:term":[{"taxonomy":"product_brand","embeddable":true,"href":"https:\/\/www.hediyepazar.com\/index.php?rest_route=%2Fwp%2Fv2%2Fproduct_brand&post=115602"},{"taxonomy":"product_cat","embeddable":true,"href":"https:\/\/www.hediyepazar.com\/index.php?rest_route=%2Fwp%2Fv2%2Fproduct_cat&post=115602"},{"taxonomy":"product_tag","embeddable":true,"href":"https:\/\/www.hediyepazar.com\/index.php?rest_route=%2Fwp%2Fv2%2Fproduct_tag&post=115602"}],"curies":[{"name":"wp","href":"https:\/\/api.w.org\/{rel}","templated":true}]}}