{"id":115604,"date":"2026-05-05T15:13:02","date_gmt":"2026-05-05T18:13:02","guid":{"rendered":"https:\/\/www.hediyepazar.com\/?product=elektrikli-bocek-ve-fare-kovucu-prizden-calisan"},"modified":"2026-05-05T15:13:02","modified_gmt":"2026-05-05T18:13:02","slug":"elektrikli-bocek-ve-fare-kovucu-prizden-calisan","status":"publish","type":"product","link":"https:\/\/www.hediyepazar.com\/?product=elektrikli-bocek-ve-fare-kovucu-prizden-calisan","title":{"rendered":"Elektrikli B\u00f6cek ve Fare Kovucu Prizden \u00c7al\u0131\u015fan"},"content":{"rendered":"<p>Ha\u015ferelerden kurtulmak i\u00e7in do\u011fal ve g\u00fcvenli bir \u00e7\u00f6z\u00fcm ar\u0131yorsan\u0131z bu ultrasonik ha\u015fere kovucu cihaz tam size g\u00f6re. 120\u2013150 m\u00b2\u2019ye kadar etki alan\u0131na sahip olan cihaz, g\u00fc\u00e7l\u00fc ultrasonik dalgalar yayarak ha\u015fereleri rahats\u0131z eder ve ortamdan uzakla\u015ft\u0131r\u0131r. Bu sayede evinizde ya da i\u015fyerinizde kimyasal ila\u00e7 kullanmadan temiz ve g\u00fcvenli bir alan olu\u015fturabilirsiniz.Cihaz, prize tak\u0131larak kolayca \u00e7al\u0131\u015ft\u0131r\u0131l\u0131r. Herhangi bir kurulum ya da ekstra bak\u0131m gerektirmez. Enerji tasarruflu yap\u0131s\u0131 sayesinde uzun s\u00fcreli kullan\u0131mda bile elektrik t\u00fcketimi \u00e7ok d\u00fc\u015f\u00fckt\u00fcr. Kompakt tasar\u0131m\u0131, her odada rahat\u00e7a kullan\u0131lmas\u0131n\u0131 sa\u011flar.Geleneksel sinek ila\u00e7lar\u0131, fare zehirleri veya kokulu spreyler sa\u011fl\u0131\u011f\u0131n\u0131za zarar verebilir. Bu cihaz ise insanlara, \u00e7ocuklara ve evcil hayvanlara zarar vermeyen, tamamen \u00e7evre dostu bir y\u00f6ntem kullan\u0131r. \u00d6zellikle alerjik yap\u0131ya sahip kullan\u0131c\u0131lar ve \u00e7ocuklu aileler i\u00e7in g\u00fcvenli bir tercihtir.Sessiz ve kesintisiz \u00e7al\u0131\u015fma \u00f6zelli\u011fi sayesinde g\u00fcnd\u00fcz ve gece fark etmeksizin kullanabilirsiniz. Uzun \u00f6m\u00fcrl\u00fc ve dayan\u0131kl\u0131 yap\u0131s\u0131yla y\u0131llarca g\u00fcvenle \u00e7al\u0131\u015f\u0131r. Ultrasonik ha\u015fere kovucu ile zararl\u0131lardan korunman\u0131n en pratik ve etkili yolunu ke\u015ffedin.<\/p>\n","protected":false},"excerpt":{"rendered":"<p>Ha\u015ferelerden kurtulmak i\u00e7in do\u011fal ve g\u00fcvenli bir \u00e7\u00f6z\u00fcm ar\u0131yorsan\u0131z bu ultrasonik ha\u015fere kovucu cihaz tam size g\u00f6re. 120\u2013150 m\u00b2\u2019ye kadar etki alan\u0131na sahip olan cihaz, g\u00fc\u00e7l\u00fc ultrasonik dalgalar yayarak ha\u015fereleri rahats\u0131z eder ve ortamdan uzakla\u015ft\u0131r\u0131r. Bu sayede evinizde ya da i\u015fyerinizde kimyasal ila\u00e7 kullanmadan temiz ve g\u00fcvenli bir alan olu\u015fturabilirsiniz.Cihaz, prize tak\u0131larak kolayca \u00e7al\u0131\u015ft\u0131r\u0131l\u0131r. Herhangi&#8230;<\/p>\n","protected":false},"featured_media":115603,"comment_status":"open","ping_status":"closed","template":"","meta":{"_kad_post_transparent":"","_kad_post_title":"","_kad_post_layout":"","_kad_post_sidebar_id":"","_kad_post_content_style":"","_kad_post_vertical_padding":"","_kad_post_feature":"","_kad_post_feature_position":"","_kad_post_header":false,"_kad_post_footer":false,"_kad_post_classname":""},"product_brand":[],"product_cat":[15078],"product_tag":[],"class_list":{"0":"post-115604","1":"product","2":"type-product","3":"status-publish","4":"has-post-thumbnail","6":"product_cat-hasere-kovucular-hasere-kovucular","8":"first","9":"instock","10":"purchasable","11":"product-type-simple","12":"entry","13":"content-bg","14":"loop-entry"},"_links":{"self":[{"href":"https:\/\/www.hediyepazar.com\/index.php?rest_route=\/wp\/v2\/product\/115604","targetHints":{"allow":["GET"]}}],"collection":[{"href":"https:\/\/www.hediyepazar.com\/index.php?rest_route=\/wp\/v2\/product"}],"about":[{"href":"https:\/\/www.hediyepazar.com\/index.php?rest_route=\/wp\/v2\/types\/product"}],"replies":[{"embeddable":true,"href":"https:\/\/www.hediyepazar.com\/index.php?rest_route=%2Fwp%2Fv2%2Fcomments&post=115604"}],"wp:featuredmedia":[{"embeddable":true,"href":"https:\/\/www.hediyepazar.com\/index.php?rest_route=\/wp\/v2\/media\/115603"}],"wp:attachment":[{"href":"https:\/\/www.hediyepazar.com\/index.php?rest_route=%2Fwp%2Fv2%2Fmedia&parent=115604"}],"wp:term":[{"taxonomy":"product_brand","embeddable":true,"href":"https:\/\/www.hediyepazar.com\/index.php?rest_route=%2Fwp%2Fv2%2Fproduct_brand&post=115604"},{"taxonomy":"product_cat","embeddable":true,"href":"https:\/\/www.hediyepazar.com\/index.php?rest_route=%2Fwp%2Fv2%2Fproduct_cat&post=115604"},{"taxonomy":"product_tag","embeddable":true,"href":"https:\/\/www.hediyepazar.com\/index.php?rest_route=%2Fwp%2Fv2%2Fproduct_tag&post=115604"}],"curies":[{"name":"wp","href":"https:\/\/api.w.org\/{rel}","templated":true}]}}