{"id":115606,"date":"2026-05-05T15:13:07","date_gmt":"2026-05-05T18:13:07","guid":{"rendered":"https:\/\/www.hediyepazar.com\/?product=ultrasonik-hasere-kovucu-cihaz-150-m2-etki-alani"},"modified":"2026-05-05T15:13:07","modified_gmt":"2026-05-05T18:13:07","slug":"ultrasonik-hasere-kovucu-cihaz-150-m2-etki-alani","status":"publish","type":"product","link":"https:\/\/www.hediyepazar.com\/?product=ultrasonik-hasere-kovucu-cihaz-150-m2-etki-alani","title":{"rendered":"Ultrasonik Ha\u015fere Kovucu Cihaz 150 m2 Etki Alan\u0131"},"content":{"rendered":"<p>Ev ve i\u015fyerlerinde b\u00f6cek ve kemirgenlerle m\u00fccadele art\u0131k \u00e7ok daha kolay! Ultrasonik ha\u015fere kovucu cihaz, yayd\u0131\u011f\u0131 g\u00fc\u00e7l\u00fc ses dalgalar\u0131 sayesinde fare, hamam b\u00f6ce\u011fi, sivrisinek, \u00f6r\u00fcmcek ve di\u011fer zararl\u0131lar\u0131 bulundu\u011funuz ortamdan uzakla\u015ft\u0131r\u0131r. 120\u2013150 m\u00b2\u2019ye kadar geni\u015f bir alan\u0131 kapsayabilen cihaz, tek bir priz ile t\u00fcm ya\u015fam alan\u0131n\u0131zda g\u00f6r\u00fcnmeyen bir koruma hatt\u0131 olu\u015fturur.Bu cihaz kimyasal ya da zehirli madde i\u00e7ermez, bu nedenle insanlar ve evcil hayvanlar i\u00e7in tamamen g\u00fcvenlidir. Ev, ofis, depo, restoran veya garaj gibi farkl\u0131 ortamlarda rahatl\u0131kla kullan\u0131labilir. Sessiz \u00e7al\u0131\u015fma \u00f6zelli\u011fi sayesinde 7\/24 kullan\u0131m i\u00e7in uygundur ve enerji tasarrufu sa\u011flar.Dayan\u0131kl\u0131 g\u00f6vde yap\u0131s\u0131 ile uzun \u00f6m\u00fcrl\u00fc kullan\u0131m sunan bu cihaz, herhangi bir bak\u0131m gerektirmeden y\u0131llarca y\u00fcksek performansla \u00e7al\u0131\u015f\u0131r. Toz, nem veya s\u0131cakl\u0131k de\u011fi\u015fimlerinden etkilenmeyecek \u015fekilde tasarlanm\u0131\u015ft\u0131r. Spreyler ve pestisitler gibi geleneksel y\u00f6ntemlerle u\u011fra\u015fmak istemeyen kullan\u0131c\u0131lar i\u00e7in hijyenik ve zahmetsiz bir \u00e7\u00f6z\u00fcm sunar.Ultrasonik ha\u015fere kovucu cihaz ile evinizde huzuru yeniden yakalay\u0131n ve zararl\u0131lardan kal\u0131c\u0131 olarak kurtulun.<\/p>\n","protected":false},"excerpt":{"rendered":"<p>Ev ve i\u015fyerlerinde b\u00f6cek ve kemirgenlerle m\u00fccadele art\u0131k \u00e7ok daha kolay! Ultrasonik ha\u015fere kovucu cihaz, yayd\u0131\u011f\u0131 g\u00fc\u00e7l\u00fc ses dalgalar\u0131 sayesinde fare, hamam b\u00f6ce\u011fi, sivrisinek, \u00f6r\u00fcmcek ve di\u011fer zararl\u0131lar\u0131 bulundu\u011funuz ortamdan uzakla\u015ft\u0131r\u0131r. 120\u2013150 m\u00b2\u2019ye kadar geni\u015f bir alan\u0131 kapsayabilen cihaz, tek bir priz ile t\u00fcm ya\u015fam alan\u0131n\u0131zda g\u00f6r\u00fcnmeyen bir koruma hatt\u0131 olu\u015fturur.Bu cihaz kimyasal ya da&#8230;<\/p>\n","protected":false},"featured_media":115605,"comment_status":"open","ping_status":"closed","template":"","meta":{"_kad_post_transparent":"","_kad_post_title":"","_kad_post_layout":"","_kad_post_sidebar_id":"","_kad_post_content_style":"","_kad_post_vertical_padding":"","_kad_post_feature":"","_kad_post_feature_position":"","_kad_post_header":false,"_kad_post_footer":false,"_kad_post_classname":""},"product_brand":[],"product_cat":[15078],"product_tag":[],"class_list":{"0":"post-115606","1":"product","2":"type-product","3":"status-publish","4":"has-post-thumbnail","6":"product_cat-hasere-kovucular-hasere-kovucular","8":"first","9":"instock","10":"purchasable","11":"product-type-simple","12":"entry","13":"content-bg","14":"loop-entry"},"_links":{"self":[{"href":"https:\/\/www.hediyepazar.com\/index.php?rest_route=\/wp\/v2\/product\/115606","targetHints":{"allow":["GET"]}}],"collection":[{"href":"https:\/\/www.hediyepazar.com\/index.php?rest_route=\/wp\/v2\/product"}],"about":[{"href":"https:\/\/www.hediyepazar.com\/index.php?rest_route=\/wp\/v2\/types\/product"}],"replies":[{"embeddable":true,"href":"https:\/\/www.hediyepazar.com\/index.php?rest_route=%2Fwp%2Fv2%2Fcomments&post=115606"}],"wp:featuredmedia":[{"embeddable":true,"href":"https:\/\/www.hediyepazar.com\/index.php?rest_route=\/wp\/v2\/media\/115605"}],"wp:attachment":[{"href":"https:\/\/www.hediyepazar.com\/index.php?rest_route=%2Fwp%2Fv2%2Fmedia&parent=115606"}],"wp:term":[{"taxonomy":"product_brand","embeddable":true,"href":"https:\/\/www.hediyepazar.com\/index.php?rest_route=%2Fwp%2Fv2%2Fproduct_brand&post=115606"},{"taxonomy":"product_cat","embeddable":true,"href":"https:\/\/www.hediyepazar.com\/index.php?rest_route=%2Fwp%2Fv2%2Fproduct_cat&post=115606"},{"taxonomy":"product_tag","embeddable":true,"href":"https:\/\/www.hediyepazar.com\/index.php?rest_route=%2Fwp%2Fv2%2Fproduct_tag&post=115606"}],"curies":[{"name":"wp","href":"https:\/\/api.w.org\/{rel}","templated":true}]}}