{"id":115608,"date":"2026-05-05T15:13:13","date_gmt":"2026-05-05T18:13:13","guid":{"rendered":"https:\/\/www.hediyepazar.com\/?product=termal-baski-ozellikli-cocuk-kamerasi-1080p-video-destekli"},"modified":"2026-05-05T15:13:13","modified_gmt":"2026-05-05T18:13:13","slug":"termal-baski-ozellikli-cocuk-kamerasi-1080p-video-destekli","status":"publish","type":"product","link":"https:\/\/www.hediyepazar.com\/?product=termal-baski-ozellikli-cocuk-kamerasi-1080p-video-destekli","title":{"rendered":"Termal Bask\u0131 \u00d6zellikli \u00c7ocuk Kameras\u0131 1080P Video Destekli"},"content":{"rendered":"<p>\u00c7ocuklar\u0131n hayal g\u00fcc\u00fcn\u00fc geli\u015ftiren bu dijital kamera, \u00e7ok fonksiyonlu yap\u0131s\u0131yla s\u0131radan kameralardan ayr\u0131l\u0131r. 48MP \u00e7\u00f6z\u00fcn\u00fcrl\u00fck, 1080P video deste\u011fi ve \u00e7ift HD kamera ile \u00fcst\u00fcn g\u00f6r\u00fcnt\u00fc kalitesi sunar. An\u0131nda bask\u0131 \u00f6zelli\u011fi, \u00e7ekilen foto\u011fraflar\u0131n saniyeler i\u00e7inde \u00e7\u0131kt\u0131s\u0131n\u0131 almay\u0131 m\u00fcmk\u00fcn k\u0131lar. M\u00fcrekkep gerektirmeyen termal bask\u0131 teknolojisi sayesinde temiz, h\u0131zl\u0131 ve \u00e7evre dostu kullan\u0131m sunar. \u00c7ocuklara y\u00f6nelik e\u011flenceli \u00e7er\u00e7eveler, \u00f6zelle\u015ftirilebilir efektler ve geri say\u0131m modu, foto\u011fraf deneyimini daha da e\u011flenceli hale getirir. Ayr\u0131ca cihaz\u0131n i\u00e7inde bulunan oyun ve m\u00fczik oynatma \u00f6zellikleri, \u00e7ocuklar\u0131n bo\u015f zamanlar\u0131n\u0131 de\u011ferlendirmesi i\u00e7in idealdir. 1300mAh batarya uzun s\u00fcreli kullan\u0131m sa\u011flar, Type-C \u015farj deste\u011fi ile h\u0131zl\u0131 ve g\u00fcvenilir \u015farj imkan\u0131 tan\u0131r. Maksimum 32 GB haf\u0131za deste\u011fi sayesinde t\u00fcm an\u0131lar g\u00fcvenle saklanabilir.<\/p>\n","protected":false},"excerpt":{"rendered":"<p>\u00c7ocuklar\u0131n hayal g\u00fcc\u00fcn\u00fc geli\u015ftiren bu dijital kamera, \u00e7ok fonksiyonlu yap\u0131s\u0131yla s\u0131radan kameralardan ayr\u0131l\u0131r. 48MP \u00e7\u00f6z\u00fcn\u00fcrl\u00fck, 1080P video deste\u011fi ve \u00e7ift HD kamera ile \u00fcst\u00fcn g\u00f6r\u00fcnt\u00fc kalitesi sunar. An\u0131nda bask\u0131 \u00f6zelli\u011fi, \u00e7ekilen foto\u011fraflar\u0131n saniyeler i\u00e7inde \u00e7\u0131kt\u0131s\u0131n\u0131 almay\u0131 m\u00fcmk\u00fcn k\u0131lar. M\u00fcrekkep gerektirmeyen termal bask\u0131 teknolojisi sayesinde temiz, h\u0131zl\u0131 ve \u00e7evre dostu kullan\u0131m sunar. \u00c7ocuklara y\u00f6nelik e\u011flenceli \u00e7er\u00e7eveler,&#8230;<\/p>\n","protected":false},"featured_media":115607,"comment_status":"open","ping_status":"closed","template":"","meta":{"_kad_post_transparent":"","_kad_post_title":"","_kad_post_layout":"","_kad_post_sidebar_id":"","_kad_post_content_style":"","_kad_post_vertical_padding":"","_kad_post_feature":"","_kad_post_feature_position":"","_kad_post_header":false,"_kad_post_footer":false,"_kad_post_classname":""},"product_brand":[],"product_cat":[14987],"product_tag":[],"class_list":{"0":"post-115608","1":"product","2":"type-product","3":"status-publish","4":"has-post-thumbnail","6":"product_cat-cocuk-kamera-cocuk-kamera","8":"first","9":"instock","10":"purchasable","11":"product-type-simple","12":"entry","13":"content-bg","14":"loop-entry"},"_links":{"self":[{"href":"https:\/\/www.hediyepazar.com\/index.php?rest_route=\/wp\/v2\/product\/115608","targetHints":{"allow":["GET"]}}],"collection":[{"href":"https:\/\/www.hediyepazar.com\/index.php?rest_route=\/wp\/v2\/product"}],"about":[{"href":"https:\/\/www.hediyepazar.com\/index.php?rest_route=\/wp\/v2\/types\/product"}],"replies":[{"embeddable":true,"href":"https:\/\/www.hediyepazar.com\/index.php?rest_route=%2Fwp%2Fv2%2Fcomments&post=115608"}],"wp:featuredmedia":[{"embeddable":true,"href":"https:\/\/www.hediyepazar.com\/index.php?rest_route=\/wp\/v2\/media\/115607"}],"wp:attachment":[{"href":"https:\/\/www.hediyepazar.com\/index.php?rest_route=%2Fwp%2Fv2%2Fmedia&parent=115608"}],"wp:term":[{"taxonomy":"product_brand","embeddable":true,"href":"https:\/\/www.hediyepazar.com\/index.php?rest_route=%2Fwp%2Fv2%2Fproduct_brand&post=115608"},{"taxonomy":"product_cat","embeddable":true,"href":"https:\/\/www.hediyepazar.com\/index.php?rest_route=%2Fwp%2Fv2%2Fproduct_cat&post=115608"},{"taxonomy":"product_tag","embeddable":true,"href":"https:\/\/www.hediyepazar.com\/index.php?rest_route=%2Fwp%2Fv2%2Fproduct_tag&post=115608"}],"curies":[{"name":"wp","href":"https:\/\/api.w.org\/{rel}","templated":true}]}}