{"id":115624,"date":"2026-05-05T15:14:05","date_gmt":"2026-05-05T18:14:05","guid":{"rendered":"https:\/\/www.hediyepazar.com\/?product=kablosuz-sarjli-yuz-masaj-cihazi-cilt-yenileyici-ve-nem-dengeleyici"},"modified":"2026-05-05T15:14:05","modified_gmt":"2026-05-05T18:14:05","slug":"kablosuz-sarjli-yuz-masaj-cihazi-cilt-yenileyici-ve-nem-dengeleyici","status":"publish","type":"product","link":"https:\/\/www.hediyepazar.com\/?product=kablosuz-sarjli-yuz-masaj-cihazi-cilt-yenileyici-ve-nem-dengeleyici","title":{"rendered":"Kablosuz \u015earjl\u0131 Y\u00fcz Masaj Cihaz\u0131 | Cilt Yenileyici ve Nem Dengeleyici"},"content":{"rendered":"<p>Evde profesyonel cilt bak\u0131m\u0131 deneyimi ya\u015famak isteyenler i\u00e7in \u00f6zel olarak tasarlanm\u0131\u015f bu cihaz, y\u00fcz ve boyun b\u00f6lgesinde etkili bir s\u0131k\u0131la\u015ft\u0131rma sa\u011flar. Mikro ak\u0131m teknolojisi sayesinde cilt kaslar\u0131n\u0131 uyar\u0131r, kolajen \u00fcretimini art\u0131r\u0131r ve ya\u015flanma belirtilerini azalt\u0131r. G\u0131d\u0131 toparlama, k\u0131r\u0131\u015f\u0131kl\u0131k giderme ve sarkma \u00f6nleme gibi bir\u00e7ok i\u015flevi bir arada sunar.Cihaz\u0131n 3 farkl\u0131 modu vard\u0131r: Temizleme, EMS bak\u0131m ve nemlendirme. Her mod farkl\u0131 bir cilt ihtiyac\u0131na yan\u0131t verir. Is\u0131 terapisi, kan dola\u015f\u0131m\u0131n\u0131 h\u0131zland\u0131rarak cilt sa\u011fl\u0131\u011f\u0131n\u0131 destekler. 7000 titre\u015fim\/dakika \u00f6zelli\u011fiyle cilt daha canl\u0131 ve parlak hale gelir.Ta\u015f\u0131nabilir ve hafif tasar\u0131m\u0131, g\u00fcnl\u00fck kullan\u0131m i\u00e7in idealdir. USB \u00fczerinden kolayca \u015farj edilir ve 2 saatte tam dolum sa\u011flar. Tek \u015farjla uzun s\u00fcreli kullan\u0131m m\u00fcmk\u00fcnd\u00fcr. D\u00fczenli kullan\u0131mda cilt daha gen\u00e7, daha s\u0131k\u0131 ve daha sa\u011fl\u0131kl\u0131 bir g\u00f6r\u00fcn\u00fcme kavu\u015fur. Kimyasal i\u00e7ermez, tamamen do\u011fal ve g\u00fcvenli bir y\u00f6ntemle cildinizi yeniler.<\/p>\n","protected":false},"excerpt":{"rendered":"<p>Evde profesyonel cilt bak\u0131m\u0131 deneyimi ya\u015famak isteyenler i\u00e7in \u00f6zel olarak tasarlanm\u0131\u015f bu cihaz, y\u00fcz ve boyun b\u00f6lgesinde etkili bir s\u0131k\u0131la\u015ft\u0131rma sa\u011flar. Mikro ak\u0131m teknolojisi sayesinde cilt kaslar\u0131n\u0131 uyar\u0131r, kolajen \u00fcretimini art\u0131r\u0131r ve ya\u015flanma belirtilerini azalt\u0131r. G\u0131d\u0131 toparlama, k\u0131r\u0131\u015f\u0131kl\u0131k giderme ve sarkma \u00f6nleme gibi bir\u00e7ok i\u015flevi bir arada sunar.Cihaz\u0131n 3 farkl\u0131 modu vard\u0131r: Temizleme, EMS bak\u0131m&#8230;<\/p>\n","protected":false},"featured_media":115623,"comment_status":"open","ping_status":"closed","template":"","meta":{"_kad_post_transparent":"","_kad_post_title":"","_kad_post_layout":"","_kad_post_sidebar_id":"","_kad_post_content_style":"","_kad_post_vertical_padding":"","_kad_post_feature":"","_kad_post_feature_position":"","_kad_post_header":false,"_kad_post_footer":false,"_kad_post_classname":""},"product_brand":[],"product_cat":[14917],"product_tag":[],"class_list":{"0":"post-115624","1":"product","2":"type-product","3":"status-publish","4":"has-post-thumbnail","6":"product_cat-yuz-masaj-aleti-yuz-masaj-aleti","8":"first","9":"instock","10":"purchasable","11":"product-type-simple","12":"entry","13":"content-bg","14":"loop-entry"},"_links":{"self":[{"href":"https:\/\/www.hediyepazar.com\/index.php?rest_route=\/wp\/v2\/product\/115624","targetHints":{"allow":["GET"]}}],"collection":[{"href":"https:\/\/www.hediyepazar.com\/index.php?rest_route=\/wp\/v2\/product"}],"about":[{"href":"https:\/\/www.hediyepazar.com\/index.php?rest_route=\/wp\/v2\/types\/product"}],"replies":[{"embeddable":true,"href":"https:\/\/www.hediyepazar.com\/index.php?rest_route=%2Fwp%2Fv2%2Fcomments&post=115624"}],"wp:featuredmedia":[{"embeddable":true,"href":"https:\/\/www.hediyepazar.com\/index.php?rest_route=\/wp\/v2\/media\/115623"}],"wp:attachment":[{"href":"https:\/\/www.hediyepazar.com\/index.php?rest_route=%2Fwp%2Fv2%2Fmedia&parent=115624"}],"wp:term":[{"taxonomy":"product_brand","embeddable":true,"href":"https:\/\/www.hediyepazar.com\/index.php?rest_route=%2Fwp%2Fv2%2Fproduct_brand&post=115624"},{"taxonomy":"product_cat","embeddable":true,"href":"https:\/\/www.hediyepazar.com\/index.php?rest_route=%2Fwp%2Fv2%2Fproduct_cat&post=115624"},{"taxonomy":"product_tag","embeddable":true,"href":"https:\/\/www.hediyepazar.com\/index.php?rest_route=%2Fwp%2Fv2%2Fproduct_tag&post=115624"}],"curies":[{"name":"wp","href":"https:\/\/api.w.org\/{rel}","templated":true}]}}